{"id":738586,"date":"2025-08-27T23:52:48","date_gmt":"2025-08-27T20:52:48","guid":{"rendered":"https:\/\/roveyayinevi.com.tr\/index.php\/urun\/sosyolojik-savas-2\/"},"modified":"2026-04-16T02:48:47","modified_gmt":"2026-04-15T23:48:47","slug":"sosyolojik-savas-2","status":"publish","type":"product","link":"https:\/\/roveyayinevi.com.tr\/index.php\/urun\/sosyolojik-savas-2\/","title":{"rendered":"Sosyolojik Sava\u015f"},"content":{"rendered":"<p>T\u00fcrkiye ve T\u00fcrk-\u0130slam d\u00fcnyas\u0131 neden d\u00fcnya co\u011frafyas\u0131n\u0131n kriz b\u00f6lgesini olu\u015fturuyor?   Bu durumu, g\u00fcn\u00fcm\u00fcz literat\u00fcr\u00fcne bu kitap ile giren bir sava\u015f t\u00fcr\u00fc ile a\u00e7\u0131klamak gerekiyor. T\u00fcrk-\u0130slam d\u00fcnyas\u0131, kimlikleri silah olarak kullanan; do\u011fas\u0131 sosyolojik olan, k\u00fclt\u00fcr, n\u00fcfus ve co\u011frafya b\u00fct\u00fcnl\u00fc\u011f\u00fcnden yoksunla\u015ft\u0131rma temelli bir sava\u015f t\u00fcr\u00fc ile kar\u015f\u0131 kar\u015f\u0131ya bulunuyor. Bu sava\u015f t\u00fcr\u00fc, kimlikleri, kimlikler aras\u0131 ili\u015fkileri, dayan\u0131\u015fmalar\u0131 y\u0131k\u0131ma u\u011fratarak, farkl\u0131 kimlikleri birbirlerine kar\u015f\u0131 -Amin Maalouf\u2019un tabiriyle- \u00f6l\u00fcmc\u00fcl kimliklere d\u00f6n\u00fc\u015ft\u00fcren bir sava\u015f t\u00fcr\u00fcd\u00fcr.   Bu sava\u015f t\u00fcr\u00fcn\u00fcn dayand\u0131\u011f\u0131 strateji; etnisiteye ve dini alt k\u00fclt\u00fcrlere referansl\u0131 yeni kimlikler tan\u0131mlamak, yapay az\u0131nl\u0131klar olu\u015fturmak ve k\u00fclt\u00fcr\u00fc, n\u00fcfusu ve co\u011frafyay\u0131 mozaikle\u015ftirerek etnik, dini ve k\u00fclt\u00fcrel \u00e7e\u015fitlili\u011fi daha \u00e7ok yans\u0131tan bir co\u011frafya ve sosyolojik boyutta heterojen bir yap\u0131 in\u015fa etmektir.   Toplumsal \u00e7\u00f6z\u00fclmeye ve hatta \u00e7at\u0131\u015fmaya yol a\u00e7an spontane g\u00f6r\u00fcn\u00fcml\u00fc etnik ve radikal ak\u0131mlar\u0131n arkas\u0131nda ger\u00e7ekte bu strateji vard\u0131r.   Toplumsal \u00e7\u00f6z\u00fclmeye ve hatta \u00e7at\u0131\u015fmaya yol a\u00e7an spontane g\u00f6r\u00fcn\u00fcml\u00fc etnik ve radikal ak\u0131mlar, ger\u00e7ekte arkas\u0131nda bir irade ve strateji olan ak\u0131mlard\u0131r. Osmanl\u0131 bu stratejinin manip\u00fcle etti\u011fi kimlik \u00e7e\u015fitlili\u011fini bir arada tutabilme ve s\u00fcrd\u00fcrebilme yetene\u011fini kaybederek da\u011f\u0131lm\u0131\u015ft\u0131r. G\u00fcn\u00fcm\u00fczde T\u00fcrkiye ve T\u00fcrk-\u0130slam d\u00fcnyas\u0131nda kimlik \u00e7e\u015fitlili\u011fi temelinde ya\u015fanan olaylar da ayn\u0131 paket stratejinin bir devam\u0131d\u0131r.    B\u00f6yle bir stratejiye sadece askeri g\u00fc\u00e7 unsurlar\u0131 ile mukabele edilemez. Hatta \u00e7o\u011fu zaman, askeri mukabele bu tehdit stratejiyi tersten besleyebilir. Asimetrik karakterli bu sosyolojik g\u00fcvenlik tehditlerine kar\u015f\u0131, Milli G\u00fcvenlik Stratejisi kapsam\u0131nda, \u201cSosyolojik G\u00fcvenlik\u201d bile\u015feninin de art\u0131k yer almas\u0131 ka\u00e7\u0131n\u0131lmaz hale gelmi\u015ftir.   Elinizdeki kitap, tarihi s\u00fcre\u00e7 i\u00e7inde T\u00fcrkiye ve T\u00fcrk-\u0130slam d\u00fcnyas\u0131n\u0131 hedef alan sosyolojik sava\u015f kavram\u0131 \u00e7er\u00e7evesinde, sosyolojik tehditler, sosyolojik silahlar, sosyolojik tehdit kaynaklar\u0131, sosyolojik istihbarat, sosyolojik g\u00fcvenlik ve benzeri bir\u00e7ok kavram\u0131 sosyoloji ve g\u00fcvenlik literat\u00fcr\u00fcne kazand\u0131rmakta, ge\u00e7mi\u015fte ve g\u00fcn\u00fcm\u00fczde ya\u015fanan olaylara ve \u00e7\u00f6z\u00fcm aray\u0131\u015flar\u0131na yepyeni bir \u0131\u015f\u0131k tutmaktad\u0131r.   <\/p>\n","protected":false},"excerpt":{"rendered":"<p>T\u00fcrkiye ve T\u00fcrk-\u0130slam d\u00fcnyas\u0131 neden d\u00fcnya co\u011frafyas\u0131n\u0131n kriz b\u00f6lgesini olu\u015fturuyor? Bu durumu, g\u00fcn\u00fcm\u00fcz literat\u00fcr\u00fcne bu kitap ile giren bir sava\u015f t\u00fcr\u00fc ile a\u00e7\u0131klamak gerekiyor. T\u00fcrk-\u0130slam d\u00fcnyas\u0131,<span class=\"excerpt-hellip\"> [\u2026]<\/span><\/p>\n","protected":false},"featured_media":0,"template":"","meta":{"_monsterinsights_skip_tracking":false,"_monsterinsights_sitenote_active":false,"_monsterinsights_sitenote_note":"","_monsterinsights_sitenote_category":0},"product_brand":[],"product_cat":[12325,12324],"product_tag":[],"class_list":{"0":"post-738586","1":"product","2":"type-product","3":"status-publish","5":"product_cat-diger-sosyoloji","6":"product_cat-sosyoloji","7":"pa_cilt-ciltsiz","8":"pa_tur-kitap","9":"pa_yayinevi-caglayan-kitap","10":"pa_yazar-yusuf-caglayan","12":"first","13":"instock","14":"sale","15":"shipping-taxable","16":"purchasable","17":"product-type-simple"},"_links":{"self":[{"href":"https:\/\/roveyayinevi.com.tr\/index.php\/wp-json\/wp\/v2\/product\/738586","targetHints":{"allow":["GET"]}}],"collection":[{"href":"https:\/\/roveyayinevi.com.tr\/index.php\/wp-json\/wp\/v2\/product"}],"about":[{"href":"https:\/\/roveyayinevi.com.tr\/index.php\/wp-json\/wp\/v2\/types\/product"}],"wp:attachment":[{"href":"https:\/\/roveyayinevi.com.tr\/index.php\/wp-json\/wp\/v2\/media?parent=738586"}],"wp:term":[{"taxonomy":"product_brand","embeddable":true,"href":"https:\/\/roveyayinevi.com.tr\/index.php\/wp-json\/wp\/v2\/product_brand?post=738586"},{"taxonomy":"product_cat","embeddable":true,"href":"https:\/\/roveyayinevi.com.tr\/index.php\/wp-json\/wp\/v2\/product_cat?post=738586"},{"taxonomy":"product_tag","embeddable":true,"href":"https:\/\/roveyayinevi.com.tr\/index.php\/wp-json\/wp\/v2\/product_tag?post=738586"}],"curies":[{"name":"wp","href":"https:\/\/api.w.org\/{rel}","templated":true}]}}