{"id":738583,"date":"2025-08-27T23:52:45","date_gmt":"2025-08-27T20:52:45","guid":{"rendered":"https:\/\/roveyayinevi.com.tr\/index.php\/urun\/dunbar\/"},"modified":"2026-04-12T02:53:38","modified_gmt":"2026-04-11T23:53:38","slug":"dunbar","status":"publish","type":"product","link":"https:\/\/roveyayinevi.com.tr\/index.php\/urun\/dunbar\/","title":{"rendered":"Dunbar"},"content":{"rendered":"<p>Y\u00fcre\u011finde ac\u0131 ve yaln\u0131zl\u0131\u011fa teslim olmay\u0131 erteleyecek hi\u00e7bir siper kalmam\u0131\u015ft\u0131. Kendini tan\u0131man\u0131n zaferi miydi bu, a\u00e7\u0131k se\u00e7ik ac\u0131 \u00e7ekmek? Medya patronu Henry Dunbar, ya\u015flan\u0131p g\u00fc\u00e7ten d\u00fc\u015fm\u00fc\u015ft\u00fcr. \u015eirketini onu bak\u0131mevine g\u00f6nderen b\u00fcy\u00fck k\u0131zlar\u0131 devralm\u0131\u015f, \u00e7ok sevdi\u011fi en k\u00fc\u00e7\u00fck k\u0131z\u0131 Florence ise babas\u0131ndan kopmu\u015ftur. Dunbar bak\u0131mevinde daha fazla dayanamaz, arkada\u015f\u0131 Peter\u2019la ka\u00e7\u0131p \u0130ngiltere k\u0131rsal\u0131nda Londra\u2019ya do\u011fru yola \u00e7\u0131kar. Yava\u015f yava\u015f akl\u0131n\u0131 yitirirken kendi i\u00e7inde bir hesapla\u015fma da onu beklemektedir.   Patrick Melrose serisiyle tan\u0131nan \u0130ngiliz yazar Edward St. Aubyn\u2019den bamba\u015fka bir Kral Lear.  Yazar Hakk\u0131nda: Edward St. Aubyn, 1960\u2019ta Londra\u2019da do\u011fdu. K\u00f6kenleri \u0130ngiliz aristokrasisine dayanan yazar, Londra\u2019da ve Fransa\u2019da b\u00fcy\u00fcd\u00fc. \u00c7ok k\u00fc\u00e7\u00fck ya\u015fta babas\u0131n\u0131n cinsel tacizine u\u011frad\u0131 ve zor bir \u00e7ocukluk ge\u00e7irdi. Oxford \u00dcniversitesi\u2019nde okudu. \u00dcniversite y\u0131llar\u0131nda eroinle tan\u0131\u015ft\u0131. 25 ya\u015f\u0131ndayken terapi g\u00f6rd\u00fc ve ard\u0131ndan yazmaya ba\u015flad\u0131. Patrick Melrose serisi olarak da bilinen romanlar\u0131 Unut Gitsin, K\u00f6t\u00fc Haber, Biraz Umut, Anne S\u00fct\u00fc ve En Sonunda (\u00c7ev. Suat Ert\u00fcz\u00fcn, Can Yay\u0131nlar\u0131) yazar\u0131n kendi ya\u015fam\u00f6yk\u00fcs\u00fcne dayan\u0131r. St. Aubyn, i\u015flevini yitirmi\u015f \u00fcst-orta s\u0131n\u0131f bir ailede yeti\u015fme, baban\u0131n cinsel tacizi, anne-baban\u0131n \u00f6l\u00fcm\u00fc, alkolizm ve eroin ba\u011f\u0131ml\u0131l\u0131\u011f\u0131yla m\u00fccadele, evlilik ve ebeveynlik gibi konular\u0131 i\u015fler. Anne S\u00fct\u00fc, 2006 y\u0131l\u0131nda Booker \u00d6d\u00fcl\u00fc k\u0131sa listesine kald\u0131, 2007\u2019de Femina Yabanc\u0131 Roman \u00d6d\u00fcl\u00fc\u2019n\u00fc kazand\u0131. Patrick Melrose romanlar\u0131, BAFTA \u00f6d\u00fcll\u00fc bir mini diziye uyarland\u0131. \u0130ki \u00e7ocuk babas\u0131 olan yazar, Londra\u2019da ya\u015f\u0131yor. <\/p>\n","protected":false},"excerpt":{"rendered":"<p>Y\u00fcre\u011finde ac\u0131 ve yaln\u0131zl\u0131\u011fa teslim olmay\u0131 erteleyecek hi\u00e7bir siper kalmam\u0131\u015ft\u0131. Kendini tan\u0131man\u0131n zaferi miydi bu, a\u00e7\u0131k se\u00e7ik ac\u0131 \u00e7ekmek? Medya patronu Henry Dunbar, ya\u015flan\u0131p g\u00fc\u00e7ten d\u00fc\u015fm\u00fc\u015ft\u00fcr.<span class=\"excerpt-hellip\"> [\u2026]<\/span><\/p>\n","protected":false},"featured_media":0,"template":"","meta":{"_monsterinsights_skip_tracking":false,"_monsterinsights_sitenote_active":false,"_monsterinsights_sitenote_note":"","_monsterinsights_sitenote_category":0},"product_brand":[],"product_cat":[12291,12711],"product_tag":[],"class_list":{"0":"post-738583","1":"product","2":"type-product","3":"status-publish","5":"product_cat-edebiyat","6":"product_cat-roman-oyku","7":"pa_cilt-ciltsiz","8":"pa_tur-kitap","9":"pa_yayinevi-dogan-kitap","10":"pa_yazar-edward-st-aubyn","12":"first","13":"instock","14":"sale","15":"shipping-taxable","16":"purchasable","17":"product-type-simple"},"_links":{"self":[{"href":"https:\/\/roveyayinevi.com.tr\/index.php\/wp-json\/wp\/v2\/product\/738583","targetHints":{"allow":["GET"]}}],"collection":[{"href":"https:\/\/roveyayinevi.com.tr\/index.php\/wp-json\/wp\/v2\/product"}],"about":[{"href":"https:\/\/roveyayinevi.com.tr\/index.php\/wp-json\/wp\/v2\/types\/product"}],"wp:attachment":[{"href":"https:\/\/roveyayinevi.com.tr\/index.php\/wp-json\/wp\/v2\/media?parent=738583"}],"wp:term":[{"taxonomy":"product_brand","embeddable":true,"href":"https:\/\/roveyayinevi.com.tr\/index.php\/wp-json\/wp\/v2\/product_brand?post=738583"},{"taxonomy":"product_cat","embeddable":true,"href":"https:\/\/roveyayinevi.com.tr\/index.php\/wp-json\/wp\/v2\/product_cat?post=738583"},{"taxonomy":"product_tag","embeddable":true,"href":"https:\/\/roveyayinevi.com.tr\/index.php\/wp-json\/wp\/v2\/product_tag?post=738583"}],"curies":[{"name":"wp","href":"https:\/\/api.w.org\/{rel}","templated":true}]}}