{"id":738582,"date":"2025-08-27T23:52:44","date_gmt":"2025-08-27T20:52:44","guid":{"rendered":"https:\/\/roveyayinevi.com.tr\/index.php\/urun\/tip-fakultesinde-ogretilmeyen-saglik\/"},"modified":"2026-04-16T02:48:46","modified_gmt":"2026-04-15T23:48:46","slug":"tip-fakultesinde-ogretilmeyen-saglik","status":"publish","type":"product","link":"https:\/\/roveyayinevi.com.tr\/index.php\/urun\/tip-fakultesinde-ogretilmeyen-saglik\/","title":{"rendered":"T\u0131p Fak\u00fcltesinde \u00d6\u011fretilmeyen Sa\u011fl\u0131k"},"content":{"rendered":"<p>\u0130yi ki hekimler var! Ama biz kendimiz sa\u011fl\u0131\u011f\u0131m\u0131z\u0131 korumay\u0131 \u00f6\u011frensek daha iyi olmaz m\u0131? Bir hastal\u0131\u011f\u0131m\u0131z varsa tedavi olabilmek b\u00fcy\u00fck bir l\u00fctuf ama as\u0131l sa\u011fl\u0131\u011f\u0131 korumak daha \u00f6nemli de\u011fil mi? Neden as\u0131l bunu \u00f6\u011frenmiyoruz? Neden t\u0131p fak\u00fcltelerinde hastal\u0131klar\u0131n nas\u0131l tedavi edilece\u011fi \u00f6\u011fretiliyor da s\u00fcrd\u00fcr\u00fclebilir bir koruyucu hekimlik daha az vurgulan\u0131yor?    Peki sadece bedene bakarak sa\u011fl\u0131kl\u0131 kalmak m\u00fcmk\u00fcn m\u00fc? Ruh ve zihin sa\u011fl\u0131\u011f\u0131 beden sa\u011fl\u0131\u011f\u0131n\u0131 nas\u0131l etkiliyor? Hastal\u0131klar\u0131n \u015fifas\u0131nda hangi kaynaklara y\u00f6nelmeliyiz? Ne yaparsak sa\u011fl\u0131kl\u0131 kal\u0131r, gen\u00e7 ya\u015far\u0131z?   \u201cDoktorlar\u0131n yapt\u0131\u011f\u0131 en b\u00fcy\u00fck hata, ruhu d\u00fc\u015f\u00fcnmeden yaln\u0131zca bedeni tedaviye te\u015febb\u00fcs etmek.\u201d Platon\u2019un bu s\u00f6z\u00fc 50 y\u0131ll\u0131k deneyimli hekim Dr. Behice \u00d6zev\u2019in kitab\u0131n\u0131n \u00f6z\u00fcn\u00fc olu\u015fturuyor.    Hastal\u0131ks\u0131z bir beden, titre\u015fimsiz bir nefes, stressiz bir zihin, k\u0131s\u0131tlamalardan \u00f6zg\u00fcr bir ak\u0131lla ya\u015fayabilsek daha mutlu daha keyifli bir \u00f6m\u00fcr s\u00fcrmez miyiz?    Dr. Behice \u00d6zev i\u015fte bu kitapta \u2018t\u0131p fak\u00fcltelerinde \u00f6\u011fretilmeyen\u2019 sa\u011fl\u0131k bilgilerini okura a\u00e7\u0131yor? Neden hastaland\u0131\u011f\u0131m\u0131z\u0131, d\u00fc\u015f\u00fcnce ve duygular\u0131n hastal\u0131klar\u0131 yaratmada ve iyile\u015ftirmedeki rol\u00fcn\u00fc anlatmakla kalm\u0131yor, sa\u011fl\u0131kl\u0131 kalmak i\u00e7in beslenmeden harekete, kadim \u00f6\u011fretilerden modern bilgilere, meditasyondan nefes tekniklerine hayat kurtaran re\u00e7eteler veriyor.    Bu kitaba ula\u015ft\u0131\u011f\u0131n\u0131z i\u00e7in \u00e7ok \u015fansl\u0131s\u0131n\u0131z. \u00c7\u00fcnk\u00fc t\u0131p fak\u00fcltelerinde \u00f6\u011fretilmeyen ancak \u00f6\u011fretilmesi gerekenleri \u00f6\u011freneceksiniz.   Yazar Hakk\u0131nda: Behice \u00d6zev, 1948 y\u0131l\u0131nda Kayseri\u2019de do\u011fdum ve Kayseri Lisesi\u2019ni bitirdim. 1973 y\u0131l\u0131nda Cerrahpa\u015fa T\u0131p Fak\u00fcltesi\u2019nden mezun oldum ve s\u0131n\u0131f arkada\u015f\u0131m Erhan \u00d6zev\u2019le evlenip Almanya\u2019ya gittik. 1,5 sene \u201ci\u00e7 hastal\u0131klar\u0131\u201d b\u00f6l\u00fcm\u00fcnde asistan olarak \u00e7al\u0131\u015ft\u0131ktan sonra \u201canestezi ve reanimasyon\u201d uzmanl\u0131k e\u011fitimine ba\u015flad\u0131m. Uzmanl\u0131\u011f\u0131m bitince ba\u015fasistan olarak g\u00f6reve devam ettim. 1983 y\u0131l\u0131nda e\u015fim ve Almanya\u2019da d\u00fcnyaya gelen o\u011flum Ata ile \u00fclkemize d\u00f6nd\u00fck. 1983 A\u011fustos ay\u0131nda k\u0131z\u0131m\u0131z Arzu d\u00fcnyaya geldi. T\u00fcrkiye\u2019de \u00e7al\u0131\u015fmalar\u0131m anestezi mesle\u011fiyle s\u0131n\u0131rl\u0131 kalmad\u0131. 14 y\u0131l Bo\u011fazi\u00e7i \u00dcniversitesi\u2019nde (B.\u00dc) kurum doktorlu\u011fu, \u00e7ocuk yuvas\u0131 sorumlulu\u011fu, sa\u011fl\u0131k y\u00f6neticili\u011fi, sa\u011fl\u0131k dan\u0131\u015fmanl\u0131\u011f\u0131 ve \u00f6\u011frenci burs koordinat\u00f6rl\u00fc\u011f\u00fc yapt\u0131m. Daha sonra \u0130stanbul \u00dcniversitesi\u2019ne (\u0130\u00dc) atand\u0131m. \u00d6\u011frencilerin sa\u011fl\u0131k ve sosyal sorunlar\u0131yla ilgili rekt\u00f6r dan\u0131\u015fmanl\u0131\u011f\u0131 yapt\u0131m. \u00c7al\u0131\u015fmalar\u0131m \u00f6\u011frenci yurtlar\u0131 \u00fczerinde yo\u011funla\u015ft\u0131. \u0130\u00dc Avc\u0131lar kamp\u00fcs\u00fcndeki 1500 ki\u015filik \u00f6\u011frenci yurtlar\u0131n\u0131n reorganizasyonu adeta mast\u0131r \u00e7al\u0131\u015fmam oldu. Bir e\u011fitim y\u0131l\u0131 s\u00fcren bu \u00e7al\u0131\u015fmalar\u0131mda de\u011ferli hocalar\u0131m\u0131z Prof. Dr. T\u00fcrk\u00e2n Saylan ve Prof. Dr. Sel\u00e7uk Erez\u2019den destek ald\u0131m. Daha sonra kamu g\u00f6revinden emekli oldum. Emekli olur olmaz o y\u0131l yeni a\u00e7\u0131lan \u00f6zel Sabanc\u0131 \u00dcniversitesi sa\u011fl\u0131k merkezi ve \u00f6\u011frenci yurtlar\u0131 sorumlusu olarak g\u00f6reve ba\u015flad\u0131m. Bir y\u0131l sonra sa\u011fl\u0131k ve ailevi nedenler dolay\u0131s\u0131yla istifa ederek ayr\u0131ld\u0131m. Sa\u011fl\u0131\u011f\u0131m\u0131 yeniden kazanman\u0131n yollar\u0131n\u0131 ararken, t\u0131p fak\u00fcltesinde \u00f6\u011frenmedi\u011fim konularla kar\u015f\u0131la\u015ft\u0131m. \u0130nsan ve insan sa\u011fl\u0131\u011f\u0131 hakk\u0131nda bizlere \u00f6\u011fretilmeyen bu konular sayesinde sa\u011fl\u0131\u011f\u0131ma yeniden kavu\u015ftum. Bundan sonraki emeklilik y\u0131llar\u0131m\u0131, \u201ct\u0131p fak\u00fcltesinde \u00f6\u011fretilmeyen sa\u011fl\u0131k\u201d konusuna adad\u0131m ve bu konular\u0131 t\u0131p bilgilerimle harmanlay\u0131p bu kitab\u0131 yazd\u0131m.    <\/p>\n","protected":false},"excerpt":{"rendered":"<p>\u0130yi ki hekimler var! Ama biz kendimiz sa\u011fl\u0131\u011f\u0131m\u0131z\u0131 korumay\u0131 \u00f6\u011frensek daha iyi olmaz m\u0131? Bir hastal\u0131\u011f\u0131m\u0131z varsa tedavi olabilmek b\u00fcy\u00fck bir l\u00fctuf ama as\u0131l sa\u011fl\u0131\u011f\u0131 korumak<span class=\"excerpt-hellip\"> [\u2026]<\/span><\/p>\n","protected":false},"featured_media":0,"template":"","meta":{"_monsterinsights_skip_tracking":false,"_monsterinsights_sitenote_active":false,"_monsterinsights_sitenote_note":"","_monsterinsights_sitenote_category":0},"product_brand":[],"product_cat":[13366,13365],"product_tag":[],"class_list":{"0":"post-738582","1":"product","2":"type-product","3":"status-publish","5":"product_cat-diger-saglik","6":"product_cat-saglik","7":"pa_cilt-ciltsiz","8":"pa_tur-kitap","9":"pa_yayinevi-dogan-novus","10":"pa_yazar-behice-ozev","12":"first","13":"instock","14":"sale","15":"shipping-taxable","16":"purchasable","17":"product-type-simple"},"_links":{"self":[{"href":"https:\/\/roveyayinevi.com.tr\/index.php\/wp-json\/wp\/v2\/product\/738582","targetHints":{"allow":["GET"]}}],"collection":[{"href":"https:\/\/roveyayinevi.com.tr\/index.php\/wp-json\/wp\/v2\/product"}],"about":[{"href":"https:\/\/roveyayinevi.com.tr\/index.php\/wp-json\/wp\/v2\/types\/product"}],"wp:attachment":[{"href":"https:\/\/roveyayinevi.com.tr\/index.php\/wp-json\/wp\/v2\/media?parent=738582"}],"wp:term":[{"taxonomy":"product_brand","embeddable":true,"href":"https:\/\/roveyayinevi.com.tr\/index.php\/wp-json\/wp\/v2\/product_brand?post=738582"},{"taxonomy":"product_cat","embeddable":true,"href":"https:\/\/roveyayinevi.com.tr\/index.php\/wp-json\/wp\/v2\/product_cat?post=738582"},{"taxonomy":"product_tag","embeddable":true,"href":"https:\/\/roveyayinevi.com.tr\/index.php\/wp-json\/wp\/v2\/product_tag?post=738582"}],"curies":[{"name":"wp","href":"https:\/\/api.w.org\/{rel}","templated":true}]}}