{"id":738558,"date":"2025-08-27T23:52:23","date_gmt":"2025-08-27T20:52:23","guid":{"rendered":"https:\/\/roveyayinevi.com.tr\/index.php\/urun\/baska-bir-yerde-yasasaydim\/"},"modified":"2026-04-16T02:48:45","modified_gmt":"2026-04-15T23:48:45","slug":"baska-bir-yerde-yasasaydim","status":"publish","type":"product","link":"https:\/\/roveyayinevi.com.tr\/index.php\/urun\/baska-bir-yerde-yasasaydim\/","title":{"rendered":"Ba\u015fka Bir Yerde Ya\u015fasayd\u0131m"},"content":{"rendered":"<p>D\u00fcnyan\u0131n ba\u015fka yerinde ya\u015fasayd\u0131n&#8230;Ya\u015fad\u0131\u011f\u0131m\u0131z yer neresiyse yuvam\u0131z da oras\u0131 m\u0131d\u0131r?Peki ya, hayat d\u00fcnyan\u0131n her yerinde ayn\u0131 m\u0131d\u0131r?ABM Yay\u0131nevi\u2019nin \u00c7ocuk ve \u0130lk Gen\u00e7lik kitaplar\u0131n kitaplar\u0131ndan \u00e7\u0131kan \u201cBen Neden Buraday\u0131m?\u201d, sadece \u00e7ocuklar\u0131 de\u011fil, her ya\u015ftan okuru etkisi alt\u0131na alacak bir kitap&#8230;Elindeki d\u00fcrb\u00fcn\u00fcyle bir kayan\u0131n \u00fczerinde durarak d\u00fcnyay\u0131 anlamaya \u00e7al\u0131\u015fan bir \u00e7ocuk, d\u00fcnyan\u0131n ba\u015fka bir yerinde, mesela kalabal\u0131k bir \u015fehirde ya da \u00e7\u00f6lde ya\u015faman\u0131n nas\u0131l olaca\u011f\u0131n\u0131 hayal eder. Sava\u015f\u0131 ya\u015fayan bir m\u00fcltecinin ya\u015fam\u0131n\u0131, a\u011f\u0131r ko\u015fullarda \u00e7al\u0131\u015fan \u00e7ocuklar\u0131 ve do\u011fan\u0131n h\u0131\u015fm\u0131na u\u011fram\u0131\u015f insanlar\u0131 d\u00fc\u015f\u00fcn\u00fcr. Yoksa ba\u015fka bir yerde ya\u015famak sand\u0131\u011f\u0131ndan daha m\u0131 zordur?\u201cBa\u015fka Bir Yerde Ya\u015fasayd\u0131m\u201d okuru d\u00fcnyan\u0131n ba\u015fka yerlerinde, farkl\u0131 \u015fartlarda ya\u015fayan insan insanlarla empati kurmaya davet ederken, kendi ya\u015fam\u0131m\u0131zla ilgili yeni bir bak\u0131\u015f a\u00e7\u0131s\u0131 da kazan kazand\u0131r\u0131yor.<\/p>\n","protected":false},"excerpt":{"rendered":"<p>D\u00fcnyan\u0131n ba\u015fka yerinde ya\u015fasayd\u0131n&#8230;Ya\u015fad\u0131\u011f\u0131m\u0131z yer neresiyse yuvam\u0131z da oras\u0131 m\u0131d\u0131r?Peki ya, hayat d\u00fcnyan\u0131n her yerinde ayn\u0131 m\u0131d\u0131r?ABM Yay\u0131nevi\u2019nin \u00c7ocuk ve \u0130lk Gen\u00e7lik kitaplar\u0131n kitaplar\u0131ndan \u00e7\u0131kan \u201cBen<span class=\"excerpt-hellip\"> [\u2026]<\/span><\/p>\n","protected":false},"featured_media":0,"template":"","meta":{"_monsterinsights_skip_tracking":false,"_monsterinsights_sitenote_active":false,"_monsterinsights_sitenote_note":"","_monsterinsights_sitenote_category":0},"product_brand":[],"product_cat":[12274,12284],"product_tag":[],"class_list":{"0":"post-738558","1":"product","2":"type-product","3":"status-publish","5":"product_cat-cocuk-ve-genclik-kitaplari","6":"product_cat-hikayeler","7":"pa_cilt-ciltsiz","8":"pa_tur-kitap","9":"pa_yayinevi-abm-yayinevi","10":"pa_yazar-constance-orbeck-nilssen","12":"first","13":"instock","14":"sale","15":"shipping-taxable","16":"purchasable","17":"product-type-simple"},"_links":{"self":[{"href":"https:\/\/roveyayinevi.com.tr\/index.php\/wp-json\/wp\/v2\/product\/738558","targetHints":{"allow":["GET"]}}],"collection":[{"href":"https:\/\/roveyayinevi.com.tr\/index.php\/wp-json\/wp\/v2\/product"}],"about":[{"href":"https:\/\/roveyayinevi.com.tr\/index.php\/wp-json\/wp\/v2\/types\/product"}],"wp:attachment":[{"href":"https:\/\/roveyayinevi.com.tr\/index.php\/wp-json\/wp\/v2\/media?parent=738558"}],"wp:term":[{"taxonomy":"product_brand","embeddable":true,"href":"https:\/\/roveyayinevi.com.tr\/index.php\/wp-json\/wp\/v2\/product_brand?post=738558"},{"taxonomy":"product_cat","embeddable":true,"href":"https:\/\/roveyayinevi.com.tr\/index.php\/wp-json\/wp\/v2\/product_cat?post=738558"},{"taxonomy":"product_tag","embeddable":true,"href":"https:\/\/roveyayinevi.com.tr\/index.php\/wp-json\/wp\/v2\/product_tag?post=738558"}],"curies":[{"name":"wp","href":"https:\/\/api.w.org\/{rel}","templated":true}]}}