{"id":738556,"date":"2025-08-27T23:52:21","date_gmt":"2025-08-27T20:52:21","guid":{"rendered":"https:\/\/roveyayinevi.com.tr\/index.php\/urun\/alkis-alkis-ciltli\/"},"modified":"2026-04-16T02:48:45","modified_gmt":"2026-04-15T23:48:45","slug":"alkis-alkis-ciltli","status":"publish","type":"product","link":"https:\/\/roveyayinevi.com.tr\/index.php\/urun\/alkis-alkis-ciltli\/","title":{"rendered":"Alk\u0131\u015f Alk\u0131\u015f! (Ciltli)"},"content":{"rendered":"<p>Bu kitab\u0131 tekrar tekrar a\u00e7, kapa!\u00c7\u00fcnk\u00fc her a\u00e7\u0131p kapatt\u0131\u011f\u0131nda, kitab\u0131n i\u00e7inde bir \u015feyler hareket edip ses \u00e7\u0131kar\u0131r:P\u0131r p\u0131r\u2026 Bir kelebek kanatlar\u0131n\u0131 \u00e7\u0131rpar.Tak tak\u2026 Bir misafir kap\u0131y\u0131 \u00e7alar.G\u00fcm g\u00fcm\u2026 Bir \u00e7ocuk var g\u00fcc\u00fcyle davul \u00e7alar.Alk\u0131\u015f kitab\u0131na pil gerekmez. Tek gereken iki elin.Haydi alk\u0131\u015f sevgili okurlar!<\/p>\n","protected":false},"excerpt":{"rendered":"<p>Bu kitab\u0131 tekrar tekrar a\u00e7, kapa!\u00c7\u00fcnk\u00fc her a\u00e7\u0131p kapatt\u0131\u011f\u0131nda, kitab\u0131n i\u00e7inde bir \u015feyler hareket edip ses \u00e7\u0131kar\u0131r:P\u0131r p\u0131r\u2026 Bir kelebek kanatlar\u0131n\u0131 \u00e7\u0131rpar.Tak tak\u2026 Bir misafir kap\u0131y\u0131<span class=\"excerpt-hellip\"> [\u2026]<\/span><\/p>\n","protected":false},"featured_media":0,"template":"","meta":{"_monsterinsights_skip_tracking":false,"_monsterinsights_sitenote_active":false,"_monsterinsights_sitenote_note":"","_monsterinsights_sitenote_category":0},"product_brand":[],"product_cat":[12274,12284],"product_tag":[],"class_list":{"0":"post-738556","1":"product","2":"type-product","3":"status-publish","5":"product_cat-cocuk-ve-genclik-kitaplari","6":"product_cat-hikayeler","7":"pa_cilt-ciltli","8":"pa_tur-kitap","9":"pa_yayinevi-abm-yayinevi","10":"pa_yazar-madalena-matoso","12":"first","13":"instock","14":"sale","15":"shipping-taxable","16":"purchasable","17":"product-type-simple"},"_links":{"self":[{"href":"https:\/\/roveyayinevi.com.tr\/index.php\/wp-json\/wp\/v2\/product\/738556","targetHints":{"allow":["GET"]}}],"collection":[{"href":"https:\/\/roveyayinevi.com.tr\/index.php\/wp-json\/wp\/v2\/product"}],"about":[{"href":"https:\/\/roveyayinevi.com.tr\/index.php\/wp-json\/wp\/v2\/types\/product"}],"wp:attachment":[{"href":"https:\/\/roveyayinevi.com.tr\/index.php\/wp-json\/wp\/v2\/media?parent=738556"}],"wp:term":[{"taxonomy":"product_brand","embeddable":true,"href":"https:\/\/roveyayinevi.com.tr\/index.php\/wp-json\/wp\/v2\/product_brand?post=738556"},{"taxonomy":"product_cat","embeddable":true,"href":"https:\/\/roveyayinevi.com.tr\/index.php\/wp-json\/wp\/v2\/product_cat?post=738556"},{"taxonomy":"product_tag","embeddable":true,"href":"https:\/\/roveyayinevi.com.tr\/index.php\/wp-json\/wp\/v2\/product_tag?post=738556"}],"curies":[{"name":"wp","href":"https:\/\/api.w.org\/{rel}","templated":true}]}}