{"id":738553,"date":"2025-08-27T23:52:16","date_gmt":"2025-08-27T20:52:16","guid":{"rendered":"https:\/\/roveyayinevi.com.tr\/index.php\/urun\/efendi-cornelius\/"},"modified":"2026-04-13T02:56:37","modified_gmt":"2026-04-12T23:56:37","slug":"efendi-cornelius","status":"publish","type":"product","link":"https:\/\/roveyayinevi.com.tr\/index.php\/urun\/efendi-cornelius\/","title":{"rendered":"Efendi Cornelius"},"content":{"rendered":"<p>Efendi Corn\u00e9lius, Balzac\u2019\u0131n 19. y\u00fczy\u0131l\u0131n ortas\u0131nda tamamlad\u0131\u011f\u0131 devasa yap\u0131t\u0131 \u201c\u0130nsanl\u0131k Komedyas\u0131\u201dn\u0131n Felsefi \u0130ncelemeler b\u00f6l\u00fcm\u00fcnde yer al\u0131r. Balzac\u2019\u0131n Orta\u00e7a\u011f\u2019da kurgulad\u0131\u011f\u0131 \u00f6yk\u00fc, kral hazinedar\u0131 kudretli Efendi Corn\u00e9lius\u2019un de\u011ferli m\u00fccevherlerini korumaya \u00e7al\u0131\u015fmas\u0131n\u0131 konu al\u0131r. Corn\u00e9lius\u2019un hedefinde bu kez XI. Louis&#8217;nin kom\u015fu evde ya\u015fayan k\u0131z\u0131 Kontes Saint-Vallier\u2019nin yasak a\u015fk\u0131 Georges vard\u0131r. Georges\u2019un, Kral XI. Louis\u2019nin ve \u00f6n\u00fcnde herkesin titredi\u011fi Efendi Corn\u00e9lius\u2019un ya\u015fanan bir h\u0131rs\u0131zl\u0131k olay\u0131 sonucunda hep birlikte s\u00fcr\u00fcklendi\u011fi karma\u015fa etraf\u0131nda geli\u015fen \u00f6yk\u00fc, Balzac\u2019\u0131n kalemiyle ba\u015fyap\u0131t niteli\u011finde bir insan manzaras\u0131na d\u00f6n\u00fc\u015f\u00fcr. <\/p>\n","protected":false},"excerpt":{"rendered":"<p>Efendi Corn\u00e9lius, Balzac\u2019\u0131n 19. y\u00fczy\u0131l\u0131n ortas\u0131nda tamamlad\u0131\u011f\u0131 devasa yap\u0131t\u0131 \u201c\u0130nsanl\u0131k Komedyas\u0131\u201dn\u0131n Felsefi \u0130ncelemeler b\u00f6l\u00fcm\u00fcnde yer al\u0131r. Balzac\u2019\u0131n Orta\u00e7a\u011f\u2019da kurgulad\u0131\u011f\u0131 \u00f6yk\u00fc, kral hazinedar\u0131 kudretli Efendi Corn\u00e9lius\u2019un de\u011ferli<span class=\"excerpt-hellip\"> [\u2026]<\/span><\/p>\n","protected":false},"featured_media":0,"template":"","meta":{"_monsterinsights_skip_tracking":false,"_monsterinsights_sitenote_active":false,"_monsterinsights_sitenote_note":"","_monsterinsights_sitenote_category":0},"product_brand":[],"product_cat":[12291,12711],"product_tag":[],"class_list":{"0":"post-738553","1":"product","2":"type-product","3":"status-publish","5":"product_cat-edebiyat","6":"product_cat-roman-oyku","7":"pa_cilt-ciltsiz","8":"pa_tur-kitap","9":"pa_yayinevi-can-yayinlari","10":"pa_yazar-honore-de-balzac","12":"first","13":"instock","14":"sale","15":"shipping-taxable","16":"purchasable","17":"product-type-simple"},"_links":{"self":[{"href":"https:\/\/roveyayinevi.com.tr\/index.php\/wp-json\/wp\/v2\/product\/738553","targetHints":{"allow":["GET"]}}],"collection":[{"href":"https:\/\/roveyayinevi.com.tr\/index.php\/wp-json\/wp\/v2\/product"}],"about":[{"href":"https:\/\/roveyayinevi.com.tr\/index.php\/wp-json\/wp\/v2\/types\/product"}],"wp:attachment":[{"href":"https:\/\/roveyayinevi.com.tr\/index.php\/wp-json\/wp\/v2\/media?parent=738553"}],"wp:term":[{"taxonomy":"product_brand","embeddable":true,"href":"https:\/\/roveyayinevi.com.tr\/index.php\/wp-json\/wp\/v2\/product_brand?post=738553"},{"taxonomy":"product_cat","embeddable":true,"href":"https:\/\/roveyayinevi.com.tr\/index.php\/wp-json\/wp\/v2\/product_cat?post=738553"},{"taxonomy":"product_tag","embeddable":true,"href":"https:\/\/roveyayinevi.com.tr\/index.php\/wp-json\/wp\/v2\/product_tag?post=738553"}],"curies":[{"name":"wp","href":"https:\/\/api.w.org\/{rel}","templated":true}]}}