{"id":738552,"date":"2025-08-27T23:52:14","date_gmt":"2025-08-27T20:52:14","guid":{"rendered":"https:\/\/roveyayinevi.com.tr\/index.php\/urun\/kral-olacak-adam\/"},"modified":"2026-04-16T02:48:45","modified_gmt":"2026-04-15T23:48:45","slug":"kral-olacak-adam","status":"publish","type":"product","link":"https:\/\/roveyayinevi.com.tr\/index.php\/urun\/kral-olacak-adam\/","title":{"rendered":"Kral Olacak Adam"},"content":{"rendered":"<p>Kral Olacak Adam, \u0130ngiliz edebiyat\u0131n\u0131n okurda belki de en \u00e7ok heyecan uyand\u0131ran hik\u00e2ye anlat\u0131c\u0131s\u0131 Kipling\u2019in en tuhaf, en esrarengiz, ama bir o kadar da c\u00fcmb\u00fc\u015fl\u00fc d\u00f6rt \u00f6yk\u00fcs\u00fcn\u00fc bir araya getiriyor. \u00d6yk\u00fcler al\u0131\u015f\u0131lm\u0131\u015f hayalet hik\u00e2yelerinden fazlas\u0131n\u0131 sunuyor: Okuru d\u00f6nem Hindistan\u2019\u0131n\u0131n kalabal\u0131k tren istasyonlar\u0131ndan al\u0131p baharat kokulu sokaklar\u0131na, bilinmedik Afgan kasabalar\u0131ndan \u00f6l\u00fclerin ya\u015fad\u0131\u011f\u0131 gizemli kumsallara g\u00f6t\u00fcr\u00fcyor. Bu inan\u0131lmas\u0131 g\u00fc\u00e7 \u00f6\u011felerle dolu \u00f6yk\u00fcleri neredeyse dokunulacak kadar ger\u00e7ek k\u0131lansa, Kipling\u2019in \u00f6mr\u00fcn\u00fcn b\u00fcy\u00fck k\u0131sm\u0131n\u0131 ge\u00e7irdi\u011fi Hindistan\u2019\u0131 deyim yerindeyse avucunun i\u00e7i gibi bilmesi ve bunu eserlerine ustal\u0131kla yans\u0131tmas\u0131. <\/p>\n","protected":false},"excerpt":{"rendered":"<p>Kral Olacak Adam, \u0130ngiliz edebiyat\u0131n\u0131n okurda belki de en \u00e7ok heyecan uyand\u0131ran hik\u00e2ye anlat\u0131c\u0131s\u0131 Kipling\u2019in en tuhaf, en esrarengiz, ama bir o kadar da c\u00fcmb\u00fc\u015fl\u00fc d\u00f6rt<span class=\"excerpt-hellip\"> [\u2026]<\/span><\/p>\n","protected":false},"featured_media":0,"template":"","meta":{"_monsterinsights_skip_tracking":false,"_monsterinsights_sitenote_active":false,"_monsterinsights_sitenote_note":"","_monsterinsights_sitenote_category":0},"product_brand":[],"product_cat":[12291,12711],"product_tag":[],"class_list":{"0":"post-738552","1":"product","2":"type-product","3":"status-publish","5":"product_cat-edebiyat","6":"product_cat-roman-oyku","7":"pa_cilt-ciltsiz","8":"pa_tur-kitap","9":"pa_yayinevi-can-yayinlari","10":"pa_yazar-rudyard-kipling","12":"first","13":"instock","14":"sale","15":"shipping-taxable","16":"purchasable","17":"product-type-simple"},"_links":{"self":[{"href":"https:\/\/roveyayinevi.com.tr\/index.php\/wp-json\/wp\/v2\/product\/738552","targetHints":{"allow":["GET"]}}],"collection":[{"href":"https:\/\/roveyayinevi.com.tr\/index.php\/wp-json\/wp\/v2\/product"}],"about":[{"href":"https:\/\/roveyayinevi.com.tr\/index.php\/wp-json\/wp\/v2\/types\/product"}],"wp:attachment":[{"href":"https:\/\/roveyayinevi.com.tr\/index.php\/wp-json\/wp\/v2\/media?parent=738552"}],"wp:term":[{"taxonomy":"product_brand","embeddable":true,"href":"https:\/\/roveyayinevi.com.tr\/index.php\/wp-json\/wp\/v2\/product_brand?post=738552"},{"taxonomy":"product_cat","embeddable":true,"href":"https:\/\/roveyayinevi.com.tr\/index.php\/wp-json\/wp\/v2\/product_cat?post=738552"},{"taxonomy":"product_tag","embeddable":true,"href":"https:\/\/roveyayinevi.com.tr\/index.php\/wp-json\/wp\/v2\/product_tag?post=738552"}],"curies":[{"name":"wp","href":"https:\/\/api.w.org\/{rel}","templated":true}]}}