{"id":738551,"date":"2025-08-27T23:52:13","date_gmt":"2025-08-27T20:52:13","guid":{"rendered":"https:\/\/roveyayinevi.com.tr\/index.php\/urun\/katlanilmaz-sigirtmac\/"},"modified":"2026-04-16T02:48:45","modified_gmt":"2026-04-15T23:48:45","slug":"katlanilmaz-sigirtmac","status":"publish","type":"product","link":"https:\/\/roveyayinevi.com.tr\/index.php\/urun\/katlanilmaz-sigirtmac\/","title":{"rendered":"Katlan\u0131lmaz S\u0131\u011f\u0131rtma\u00e7"},"content":{"rendered":"<p>Latin Amerika Avrupa\u2019n\u0131n ak\u0131l hastanesi, Birle\u015fik Devletler ise fabrikas\u0131yd\u0131. Fabrika \u015fimdi ustaba\u015f\u0131lar\u0131n elinde ve i\u015fg\u00fc\u00e7leri ak\u0131l hastanesinden ka\u00e7an deliler. Ak\u0131l hastanesi, en a\u015fa\u011f\u0131 altm\u0131\u015f y\u0131ld\u0131r, kendi ya\u011f\u0131yla kavruluyor, kendi ya\u011flar\u0131n\u0131 yak\u0131yor. Katlan\u0131lmaz S\u0131\u011f\u0131rtma\u00e7\u2019\u0131 meydana getiren be\u015f \u00f6yk\u00fc ve iki deneme Arjantin k\u0131rsal\u0131ndan Paris\u2019in arka sokaklar\u0131na, la\u011f\u0131mlarda gezinen fare polislerden Latin Amerika edebiyat\u0131n\u0131n idollerine uzan\u0131r. Roberto Bola\u00f1o\u2019nun \u00f6lmeden haftalar \u00f6nce yay\u0131nc\u0131s\u0131na teslim etti\u011fi ve \u00f6l\u00fcm\u00fcnden sonra yay\u0131mlanan ilk kitab\u0131 Katlan\u0131lmaz S\u0131\u011f\u0131rtma\u00e7, \u015eilili yazar\u0131n k\u0131vrak \u00fcslubunu, referans noktalar\u0131n\u0131 ve zengin d\u00fc\u015f\u00fcnce d\u00fcnyas\u0131n\u0131 sergileyen bir anlat\u0131 b\u00fct\u00fcn\u00fc. \u201cBola\u00f1o size de\u011fi\u015fti\u011finizi hissettirir; d\u00fcnyaya bak\u0131\u015f a\u00e7\u0131n\u0131zla oynar.\u201d The Guardian <\/p>\n","protected":false},"excerpt":{"rendered":"<p>Latin Amerika Avrupa\u2019n\u0131n ak\u0131l hastanesi, Birle\u015fik Devletler ise fabrikas\u0131yd\u0131. Fabrika \u015fimdi ustaba\u015f\u0131lar\u0131n elinde ve i\u015fg\u00fc\u00e7leri ak\u0131l hastanesinden ka\u00e7an deliler. Ak\u0131l hastanesi, en a\u015fa\u011f\u0131 altm\u0131\u015f y\u0131ld\u0131r, kendi<span class=\"excerpt-hellip\"> [\u2026]<\/span><\/p>\n","protected":false},"featured_media":0,"template":"","meta":{"_monsterinsights_skip_tracking":false,"_monsterinsights_sitenote_active":false,"_monsterinsights_sitenote_note":"","_monsterinsights_sitenote_category":0},"product_brand":[],"product_cat":[18545,12291],"product_tag":[],"class_list":{"0":"post-738551","1":"product","2":"type-product","3":"status-publish","5":"product_cat-anlati","6":"product_cat-edebiyat","7":"pa_cilt-ciltsiz","8":"pa_tur-kitap","9":"pa_yayinevi-can-yayinlari","10":"pa_yazar-roberto-bolano","12":"first","13":"instock","14":"sale","15":"shipping-taxable","16":"purchasable","17":"product-type-simple"},"_links":{"self":[{"href":"https:\/\/roveyayinevi.com.tr\/index.php\/wp-json\/wp\/v2\/product\/738551","targetHints":{"allow":["GET"]}}],"collection":[{"href":"https:\/\/roveyayinevi.com.tr\/index.php\/wp-json\/wp\/v2\/product"}],"about":[{"href":"https:\/\/roveyayinevi.com.tr\/index.php\/wp-json\/wp\/v2\/types\/product"}],"wp:attachment":[{"href":"https:\/\/roveyayinevi.com.tr\/index.php\/wp-json\/wp\/v2\/media?parent=738551"}],"wp:term":[{"taxonomy":"product_brand","embeddable":true,"href":"https:\/\/roveyayinevi.com.tr\/index.php\/wp-json\/wp\/v2\/product_brand?post=738551"},{"taxonomy":"product_cat","embeddable":true,"href":"https:\/\/roveyayinevi.com.tr\/index.php\/wp-json\/wp\/v2\/product_cat?post=738551"},{"taxonomy":"product_tag","embeddable":true,"href":"https:\/\/roveyayinevi.com.tr\/index.php\/wp-json\/wp\/v2\/product_tag?post=738551"}],"curies":[{"name":"wp","href":"https:\/\/api.w.org\/{rel}","templated":true}]}}