{"id":738550,"date":"2025-08-27T23:52:12","date_gmt":"2025-08-27T20:52:12","guid":{"rendered":"https:\/\/roveyayinevi.com.tr\/index.php\/urun\/unread-message\/"},"modified":"2026-04-16T02:48:45","modified_gmt":"2026-04-15T23:48:45","slug":"unread-message","status":"publish","type":"product","link":"https:\/\/roveyayinevi.com.tr\/index.php\/urun\/unread-message\/","title":{"rendered":"Unread Message"},"content":{"rendered":"<p>You will be surprised at how dirty your hands are while reading\u2026 The path of masseur Yusuf, who sees all the details of the past of everyone he touches with, crosses with singer Cemre, and the young man realizes that he cannot see her past. Her curiosity and interest in him turns into love over time. He starts performing massages on Cemre\u2019s friends and learning their dark secrets. But love isn\u2019t always enough to keep two people together. While Cemre\u2019s secret addiction is making things harder between her and Yusuf, bad events begin to occur in the lives of Cemre\u2019s friends. There is only one threshold to be crossed. Seven deadly sins&#8230; Gluttony Arrogance Anger Jealousy Laziness Greed Lust Who\u2019s good, who\u2019s bad, who\u2019s real, who\u2019s a liar? The repressed unconscious, uncontrollable desires, sinful Saturday nights and our innocent childhood&#8230; Only your sins will decide whose side you are on when you read. Unread Message is a stunning fantasy-psychological novel written by A\u015fk\u0131m Kap\u0131\u015fmak.<\/p>\n","protected":false},"excerpt":{"rendered":"<p>You will be surprised at how dirty your hands are while reading\u2026 The path of masseur Yusuf, who sees all the details of the past of<span class=\"excerpt-hellip\"> [\u2026]<\/span><\/p>\n","protected":false},"featured_media":0,"template":"","meta":{"_monsterinsights_skip_tracking":false,"_monsterinsights_sitenote_active":false,"_monsterinsights_sitenote_note":"","_monsterinsights_sitenote_category":0},"product_brand":[],"product_cat":[12364,12376],"product_tag":[],"class_list":{"0":"post-738550","1":"product","2":"type-product","3":"status-publish","5":"product_cat-genel-konular","6":"product_cat-kisisel-gelisim","7":"pa_cilt-ciltsiz","8":"pa_tur-kitap","9":"pa_yayinevi-nemesis-kitap","10":"pa_yazar-askim-kapismak","12":"first","13":"instock","14":"sale","15":"shipping-taxable","16":"purchasable","17":"product-type-simple"},"_links":{"self":[{"href":"https:\/\/roveyayinevi.com.tr\/index.php\/wp-json\/wp\/v2\/product\/738550","targetHints":{"allow":["GET"]}}],"collection":[{"href":"https:\/\/roveyayinevi.com.tr\/index.php\/wp-json\/wp\/v2\/product"}],"about":[{"href":"https:\/\/roveyayinevi.com.tr\/index.php\/wp-json\/wp\/v2\/types\/product"}],"wp:attachment":[{"href":"https:\/\/roveyayinevi.com.tr\/index.php\/wp-json\/wp\/v2\/media?parent=738550"}],"wp:term":[{"taxonomy":"product_brand","embeddable":true,"href":"https:\/\/roveyayinevi.com.tr\/index.php\/wp-json\/wp\/v2\/product_brand?post=738550"},{"taxonomy":"product_cat","embeddable":true,"href":"https:\/\/roveyayinevi.com.tr\/index.php\/wp-json\/wp\/v2\/product_cat?post=738550"},{"taxonomy":"product_tag","embeddable":true,"href":"https:\/\/roveyayinevi.com.tr\/index.php\/wp-json\/wp\/v2\/product_tag?post=738550"}],"curies":[{"name":"wp","href":"https:\/\/api.w.org\/{rel}","templated":true}]}}