{"id":738546,"date":"2025-08-27T23:52:07","date_gmt":"2025-08-27T20:52:07","guid":{"rendered":"https:\/\/roveyayinevi.com.tr\/index.php\/urun\/iyilik-uzerine\/"},"modified":"2026-04-16T02:48:45","modified_gmt":"2026-04-15T23:48:45","slug":"iyilik-uzerine","status":"publish","type":"product","link":"https:\/\/roveyayinevi.com.tr\/index.php\/urun\/iyilik-uzerine\/","title":{"rendered":"\u0130yilik \u00dczerine"},"content":{"rendered":"<p>Bu harika kitapta psikanalist Adam Phillips ve tarih bilimci Barbara Taylor, iyili\u011fin ortaya koydu\u011fu memnuniyet duygusunu ve iyili\u011fin risklerini derinlemesine inceliyor. Modern zaman insanlar\u0131na eylemlerin \u00f6z\u00fcnde d\u00fc\u015fmanca, g\u00fcd\u00fclerinin ise \u00e7\u0131karc\u0131 alg\u0131lanmas\u0131 gerekti\u011fi \u00f6\u011fretildi. Entelekt\u00fcel tarihten, edebiyattan, psikanalizden ve \u00e7a\u011fda\u015f sosyal teorilerden yararlanan bu kitap, ba\u011f kurmak yerine yaln\u0131zl\u0131\u011f\u0131 nas\u0131l ve neden tercih etti\u011fimizi a\u00e7\u0131kl\u0131yor. \u0130yilik \u00dczerine, ba\u015fkalar\u0131 ile i\u00e7g\u00fcd\u00fcsel ve s\u0131cak bir \u00f6zde\u015fle\u015fme i\u00e7erisinde ya\u015fanan hayat\u0131n, kendimiz i\u00e7in se\u00e7memiz gereken hayat oldu\u011funu vurguluyor. Hayrete d\u00fc\u015f\u00fcr\u00fcc\u00fc g\u00f6zlemlerle dolu bu k\u0131sa ama \u00f6nemli kitap, c\u00f6mertli\u011fin ve merhametin ya\u015fatt\u0131\u011f\u0131 yo\u011fun duygular\u0131 okura tekrar hat\u0131rlat\u0131yor. \u201cToplum olarak \u00e7\u0131karc\u0131 ve menfaat\u00e7i bir hale geldiysek e\u011fer, Phillips ve Taylor bu yabanc\u0131la\u015fmaya ve kayg\u0131ya kar\u015f\u0131 panzehir olarak fedak\u00e2rl\u0131\u011f\u0131 \u00f6neriyor. Bu \u00f6neri, ya\u015fad\u0131\u011f\u0131m\u0131z zor zamanlar i\u00e7in do\u011fru bir yol.\u201d Iain Finlayson, The Times (London)   Adam ph\u0131ll\u0131ps Adam Phillips psikanalisttir. T\u00fcrk\u00e7eye \u00e7evrilmi\u015f kitaplar\u0131 \u00d6p\u00fc\u015fme, G\u0131d\u0131klanma ve S\u0131k\u0131lma \u00dczerine; Hep Vaat Hep Vaat; Ka\u00e7\u0131rd\u0131klar\u0131m\u0131z; Deh\u015fetler ve Uzmanlar; Teke\u015flilik, Sadakat ve \u0130hanet \u00dczerine Aforizmalar; Freud Olmak: Bir Psikanalistin Geli\u015fimi; Fl\u00f6rt \u00dczerine; Yasak Olmayan Hazlar; \u00d6yle ve B\u00f6yle \u2013Yeni ve Se\u00e7ilmi\u015f Denemeler\u2013 ve Kre\u015fteki Yabani\u2019dir. London Review of Books, the Observer ve The New Work Times\u2019a d\u00fczenli olarak yazmaktad\u0131r ve yeni Penguen Modern Freud \u00e7evirilerinin ba\u015f edit\u00f6r\u00fcd\u00fcr. BARBARA TAYLOR Londra\u2019da bulunan East London \u00dcniversitesi\u2019nin Tarih B\u00f6l\u00fcm\u00fc\u2019nde okutmand\u0131r. Eve and the New Jerusalem (1983) ve Mary Wollstonecraft and the Feminist Imagination (2003) isimli iki kitab\u0131 bulunmaktad\u0131r. Ayn\u0131 zamanda da, \u201cFeminism and Enlightenment (1998-2001)\u201d isimli ara\u015ft\u0131rma projesinin direkt\u00f6rl\u00fc\u011f\u00fcn\u00fc yapm\u0131\u015ft\u0131r. <\/p>\n","protected":false},"excerpt":{"rendered":"<p>Bu harika kitapta psikanalist Adam Phillips ve tarih bilimci Barbara Taylor, iyili\u011fin ortaya koydu\u011fu memnuniyet duygusunu ve iyili\u011fin risklerini derinlemesine inceliyor. Modern zaman insanlar\u0131na eylemlerin \u00f6z\u00fcnde<span class=\"excerpt-hellip\"> [\u2026]<\/span><\/p>\n","protected":false},"featured_media":0,"template":"","meta":{"_monsterinsights_skip_tracking":false,"_monsterinsights_sitenote_active":false,"_monsterinsights_sitenote_note":"","_monsterinsights_sitenote_category":0},"product_brand":[],"product_cat":[13072,12291],"product_tag":[],"class_list":{"0":"post-738546","1":"product","2":"type-product","3":"status-publish","5":"product_cat-arastirma-inceleme-referans","6":"product_cat-edebiyat","7":"pa_cilt-ciltsiz","8":"pa_tur-kitap","9":"pa_yayinevi-ayrinti-yayinlari","10":"pa_yazar-adam-phillips-barbara-taylor","12":"first","13":"instock","14":"sale","15":"shipping-taxable","16":"purchasable","17":"product-type-simple"},"_links":{"self":[{"href":"https:\/\/roveyayinevi.com.tr\/index.php\/wp-json\/wp\/v2\/product\/738546","targetHints":{"allow":["GET"]}}],"collection":[{"href":"https:\/\/roveyayinevi.com.tr\/index.php\/wp-json\/wp\/v2\/product"}],"about":[{"href":"https:\/\/roveyayinevi.com.tr\/index.php\/wp-json\/wp\/v2\/types\/product"}],"wp:attachment":[{"href":"https:\/\/roveyayinevi.com.tr\/index.php\/wp-json\/wp\/v2\/media?parent=738546"}],"wp:term":[{"taxonomy":"product_brand","embeddable":true,"href":"https:\/\/roveyayinevi.com.tr\/index.php\/wp-json\/wp\/v2\/product_brand?post=738546"},{"taxonomy":"product_cat","embeddable":true,"href":"https:\/\/roveyayinevi.com.tr\/index.php\/wp-json\/wp\/v2\/product_cat?post=738546"},{"taxonomy":"product_tag","embeddable":true,"href":"https:\/\/roveyayinevi.com.tr\/index.php\/wp-json\/wp\/v2\/product_tag?post=738546"}],"curies":[{"name":"wp","href":"https:\/\/api.w.org\/{rel}","templated":true}]}}