{"id":738545,"date":"2025-08-27T23:52:06","date_gmt":"2025-08-27T20:52:06","guid":{"rendered":"https:\/\/roveyayinevi.com.tr\/index.php\/urun\/huzursuzlugun-kitabi-2\/"},"modified":"2026-04-16T02:48:45","modified_gmt":"2026-04-15T23:48:45","slug":"huzursuzlugun-kitabi-2","status":"publish","type":"product","link":"https:\/\/roveyayinevi.com.tr\/index.php\/urun\/huzursuzlugun-kitabi-2\/","title":{"rendered":"Huzursuzlu\u011fun Kitab\u0131"},"content":{"rendered":"<p>Bu rastlant\u0131sal izlenimlerde, rastlant\u0131sal olma d\u0131\u015f\u0131nda ba\u015fka bir arzu ta\u015f\u0131madan, kurgusal otobiyografimi, ya\u015fams\u0131z tarihimi, kay\u0131ts\u0131zca aktar\u0131yorum. Bunlar benim \u0130tiraflar\u0131m&#8230; Lizbon\u2019da bir \u015firkette muhasebe yard\u0131mc\u0131s\u0131 olarak \u00e7al\u0131\u015fan Bernardo Soares ya\u015fam\u0131n\u0131n b\u00fcy\u00fck b\u00f6l\u00fcm\u00fcn\u00fc kiral\u0131k odas\u0131yla kasvetli i\u015fyeri aras\u0131nda ge\u00e7irir. G\u00fcn boyunca kendini bir hi\u00e7 olarak hissetti\u011fi beniyle ancak gece olunca bir araya gelmektedir. Bu asl\u0131nda belirsizliklerle dolu, kendinden ta\u015farak insan varolu\u015funu sorgulayan bir kar\u015f\u0131 kar\u015f\u0131ya geli\u015ftir. Sessiz odas\u0131nda, eskiden beri oldu\u011fu ve gelecekte de olaca\u011f\u0131 gibi yaln\u0131zl\u0131k, i\u00e7 s\u0131k\u0131\u015f\u0131kl\u0131\u011f\u0131 ve kederle yazar. Muhasebe yard\u0131mc\u0131s\u0131 Bernardo Soares\u2019in d\u00fc\u015flerdeki gece yolculu\u011funu k\u00e2\u011f\u0131da d\u00f6ken Huzursuzlu\u011fun Kitab\u0131, Portekiz dilinin b\u00fcy\u00fck \u015fairi Fernando Pessoa\u2019n\u0131n bug\u00fcn neredeyse onun kadar nam sahibi sandukas\u0131nda bulunmu\u015ftur. Ola\u011fan\u00fcst\u00fc birikimi ve edebi derinli\u011fi \u00f6l\u00fcm\u00fcnden \u00e7ok sonra kabul g\u00f6rm\u00fc\u015f olan yazar\u0131n ard\u0131nda b\u0131rakt\u0131\u011f\u0131 binlerce el yazmas\u0131 belge aras\u0131nda \u00f6ne \u00e7\u0131kan Huzursuzlu\u011fun Kitab\u0131, esasen nevi \u015fahs\u0131na m\u00fcnhas\u0131r bir otobiyografik romand\u0131r. Pessoa yaln\u0131zl\u0131klar, \u00e7aresizlikler, pi\u015fmanl\u0131klar ve ac\u0131 veren mutluluklarla \u00f6r\u00fcl\u00fc ya\u015fam\u0131n\u0131, g\u00fcnce, anlat\u0131 ve deneme gibi t\u00fcrlerin olanaklar\u0131ndan yararlanarak, yer yer aforizma bi\u00e7iminde al\u0131mlanacak \u00e7arp\u0131c\u0131 ifadelerle ve g\u00fcn\u00fcn birinde okunaca\u011f\u0131 ve takdir edilece\u011fi umuduyla kaleme al\u0131r. <\/p>\n","protected":false},"excerpt":{"rendered":"<p>Bu rastlant\u0131sal izlenimlerde, rastlant\u0131sal olma d\u0131\u015f\u0131nda ba\u015fka bir arzu ta\u015f\u0131madan, kurgusal otobiyografimi, ya\u015fams\u0131z tarihimi, kay\u0131ts\u0131zca aktar\u0131yorum. Bunlar benim \u0130tiraflar\u0131m&#8230; Lizbon\u2019da bir \u015firkette muhasebe yard\u0131mc\u0131s\u0131 olarak \u00e7al\u0131\u015fan<span class=\"excerpt-hellip\"> [\u2026]<\/span><\/p>\n","protected":false},"featured_media":0,"template":"","meta":{"_monsterinsights_skip_tracking":false,"_monsterinsights_sitenote_active":false,"_monsterinsights_sitenote_note":"","_monsterinsights_sitenote_category":0},"product_brand":[],"product_cat":[13072,12291],"product_tag":[],"class_list":{"0":"post-738545","1":"product","2":"type-product","3":"status-publish","5":"product_cat-arastirma-inceleme-referans","6":"product_cat-edebiyat","7":"pa_cilt-ciltsiz","8":"pa_tur-kitap","9":"pa_yayinevi-ayrinti-yayinlari","10":"pa_yazar-fernando-pessoa","12":"first","13":"instock","14":"sale","15":"shipping-taxable","16":"purchasable","17":"product-type-simple"},"_links":{"self":[{"href":"https:\/\/roveyayinevi.com.tr\/index.php\/wp-json\/wp\/v2\/product\/738545","targetHints":{"allow":["GET"]}}],"collection":[{"href":"https:\/\/roveyayinevi.com.tr\/index.php\/wp-json\/wp\/v2\/product"}],"about":[{"href":"https:\/\/roveyayinevi.com.tr\/index.php\/wp-json\/wp\/v2\/types\/product"}],"wp:attachment":[{"href":"https:\/\/roveyayinevi.com.tr\/index.php\/wp-json\/wp\/v2\/media?parent=738545"}],"wp:term":[{"taxonomy":"product_brand","embeddable":true,"href":"https:\/\/roveyayinevi.com.tr\/index.php\/wp-json\/wp\/v2\/product_brand?post=738545"},{"taxonomy":"product_cat","embeddable":true,"href":"https:\/\/roveyayinevi.com.tr\/index.php\/wp-json\/wp\/v2\/product_cat?post=738545"},{"taxonomy":"product_tag","embeddable":true,"href":"https:\/\/roveyayinevi.com.tr\/index.php\/wp-json\/wp\/v2\/product_tag?post=738545"}],"curies":[{"name":"wp","href":"https:\/\/api.w.org\/{rel}","templated":true}]}}