{"id":738544,"date":"2025-08-27T23:52:04","date_gmt":"2025-08-27T20:52:04","guid":{"rendered":"https:\/\/roveyayinevi.com.tr\/index.php\/urun\/gecenin-isiltili-ortusu-yildizlar-insanlik-tarihimize-nasil-yon-verdi\/"},"modified":"2026-04-16T02:48:45","modified_gmt":"2026-04-15T23:48:45","slug":"gecenin-isiltili-ortusu-yildizlar-insanlik-tarihimize-nasil-yon-verdi","status":"publish","type":"product","link":"https:\/\/roveyayinevi.com.tr\/index.php\/urun\/gecenin-isiltili-ortusu-yildizlar-insanlik-tarihimize-nasil-yon-verdi\/","title":{"rendered":"Gecenin I\u015f\u0131lt\u0131l\u0131 \u00d6rt\u00fcs\u00fc Y\u0131ld\u0131zlar \u0130nsanl\u0131k Tarihimize Nas\u0131l Y\u00f6n Verdi?"},"content":{"rendered":"<p>Biraz \u00f6nceki manzara \u00e7oktan kaybolmu\u015f, manzaran\u0131n yerini birer birer ortaya \u00e7\u0131kan y\u0131ld\u0131zlar alm\u0131\u015ft\u0131. Y\u0131ld\u0131zlar k\u0131sa s\u00fcre i\u00e7inde g\u00f6ky\u00fcz\u00fcn\u00fc \u00f6yle bir kaplad\u0131 ki bu manzara kar\u015f\u0131s\u0131nda hayrete d\u00fc\u015fmemek elde de\u011fildi. Y\u00f6n\u00fcm\u00fc bulmak i\u00e7in bana k\u0131lavuzluk eden tak\u0131my\u0131ld\u0131zlar, g\u00f6ky\u00fcz\u00fcnde beliren say\u0131s\u0131z y\u0131ld\u0131z aras\u0131nda kayboluverdi. \u00c7ok iyi bildi\u011fimi zannetti\u011fim g\u00f6ky\u00fcz\u00fcnde kaybolmu\u015f hissetmek, ba\u015f d\u00f6nd\u00fcr\u00fcc\u00fc bir deneyimdi. \u0130\u00e7ime dolan yo\u011fun duygular yerini b\u00fcy\u00fck bir co\u015fkuya b\u0131rakm\u0131\u015ft\u0131. Ayaklar\u0131m\u0131n alt\u0131nda \u00e7\u00f6l topra\u011f\u0131, \u00fcst\u00fcmde y\u0131ld\u0131zlar serilmi\u015fken; y\u00fcz\u00fcme \u00e7arpan so\u011fuk hava ve zihnimde canlanan hayallerin ate\u015fiyle gecenin \u0131\u015f\u0131lt\u0131l\u0131 \u00f6rt\u00fcs\u00fcn\u00fcn alt\u0131nda \u00f6ylece duruyordum, asl\u0131nda bir yandan da uzay\u0131n bir par\u00e7as\u0131yd\u0131m. \u0130\u015fte o anda, g\u00f6ky\u00fcz\u00fcne ili\u015fkin s\u0131rlar\u0131 ke\u015ffedebilme arzum her zamankinden de fazla alevlenmi\u015fti.   \u201cMuhte\u015fem&#8230; Bu kitap g\u00f6kbilimi tarihinin geleneksel hik\u00e2yesini sil ba\u015ftan kurguluyor&#8230;\u201d BBC, Sky at Night dergisinden G\u00f6kbilimci ve yazar Stuart Clark\u2019\u0131n pop\u00fcler bilim t\u00fcr\u00fcndeki kitab\u0131 Gecenin I\u015f\u0131lt\u0131l\u0131 \u00d6rt\u00fcs\u00fc: Y\u0131ld\u0131zlar insanl\u0131k tarihimize nas\u0131l y\u00f6n verdi? y\u0131ld\u0131zlar \u00fczerinden insanl\u0131k tarihine ve toplumsal k\u00fclt\u00fcre yak\u0131n bir okuma sunarken g\u00fcnlere, aylara, y\u0131llara, bur\u00e7lara, \u015fairlere, yazarlara, do\u011faya, evrene, topluma dair pek \u00e7ok \u00f6nemli bilgiyi ve d\u00f6nemi y\u0131ld\u0131zlar \u00fczerinden a\u00e7\u0131kl\u0131yor.   STUART CLARK \u0130ngiliz g\u00f6kbilimci ve Guardian, New Scientist, BBC Focus gibi bir\u00e7ok yay\u0131n\u0131n \u00f6d\u00fcll\u00fc yazar\u0131d\u0131r. BBC R3 radyosundaki Music of the Spheres [K\u00fcrelerin M\u00fczi\u011fi] isimli program\u0131n yazar\u0131 ve sunucusudur. Kurmaca ve kurmaca d\u0131\u015f\u0131 t\u00fcrlerindeki eserleri yirmi be\u015ften fazla dile \u00e7evrilmi\u015ftir. Kraliyet Astronomi Derne\u011fi \u00fcyesi, \u0130ngiliz Bilim Yazarlar\u0131 Derne\u011fi\u2019nin eski ba\u015fkan yard\u0131mc\u0131s\u0131 ve Avrupa Uzay Ajans\u0131 dan\u0131\u015fman\u0131d\u0131r. <\/p>\n","protected":false},"excerpt":{"rendered":"<p>Biraz \u00f6nceki manzara \u00e7oktan kaybolmu\u015f, manzaran\u0131n yerini birer birer ortaya \u00e7\u0131kan y\u0131ld\u0131zlar alm\u0131\u015ft\u0131. Y\u0131ld\u0131zlar k\u0131sa s\u00fcre i\u00e7inde g\u00f6ky\u00fcz\u00fcn\u00fc \u00f6yle bir kaplad\u0131 ki bu manzara kar\u015f\u0131s\u0131nda hayrete<span class=\"excerpt-hellip\"> [\u2026]<\/span><\/p>\n","protected":false},"featured_media":0,"template":"","meta":{"_monsterinsights_skip_tracking":false,"_monsterinsights_sitenote_active":false,"_monsterinsights_sitenote_note":"","_monsterinsights_sitenote_category":0},"product_brand":[],"product_cat":[13072,12291],"product_tag":[],"class_list":{"0":"post-738544","1":"product","2":"type-product","3":"status-publish","5":"product_cat-arastirma-inceleme-referans","6":"product_cat-edebiyat","7":"pa_cilt-ciltsiz","8":"pa_tur-kitap","9":"pa_yayinevi-dusbaz-kitaplar","10":"pa_yazar-stuart-clark","12":"first","13":"instock","14":"sale","15":"shipping-taxable","16":"purchasable","17":"product-type-simple"},"_links":{"self":[{"href":"https:\/\/roveyayinevi.com.tr\/index.php\/wp-json\/wp\/v2\/product\/738544","targetHints":{"allow":["GET"]}}],"collection":[{"href":"https:\/\/roveyayinevi.com.tr\/index.php\/wp-json\/wp\/v2\/product"}],"about":[{"href":"https:\/\/roveyayinevi.com.tr\/index.php\/wp-json\/wp\/v2\/types\/product"}],"wp:attachment":[{"href":"https:\/\/roveyayinevi.com.tr\/index.php\/wp-json\/wp\/v2\/media?parent=738544"}],"wp:term":[{"taxonomy":"product_brand","embeddable":true,"href":"https:\/\/roveyayinevi.com.tr\/index.php\/wp-json\/wp\/v2\/product_brand?post=738544"},{"taxonomy":"product_cat","embeddable":true,"href":"https:\/\/roveyayinevi.com.tr\/index.php\/wp-json\/wp\/v2\/product_cat?post=738544"},{"taxonomy":"product_tag","embeddable":true,"href":"https:\/\/roveyayinevi.com.tr\/index.php\/wp-json\/wp\/v2\/product_tag?post=738544"}],"curies":[{"name":"wp","href":"https:\/\/api.w.org\/{rel}","templated":true}]}}