{"id":738541,"date":"2025-08-27T23:52:00","date_gmt":"2025-08-27T20:52:00","guid":{"rendered":"https:\/\/roveyayinevi.com.tr\/index.php\/urun\/altin-ekin\/"},"modified":"2026-04-16T02:48:45","modified_gmt":"2026-04-15T23:48:45","slug":"altin-ekin","status":"publish","type":"product","link":"https:\/\/roveyayinevi.com.tr\/index.php\/urun\/altin-ekin\/","title":{"rendered":"Alt\u0131n Ekin"},"content":{"rendered":"<p>Cilavuz K\u00f6y Enstit\u00fcs\u00fc mezunu olan \u00dcmit Kaftanc\u0131o\u011flu, bozk\u0131rda a\u00e7an ate\u015f \u00e7i\u00e7eklerinin en dire\u015fkenlerinden biriydi. \u00c7ocuk edebiyat\u0131n\u0131n hen\u00fcz s\u00f6z\u00fcn\u00fcn edilmedi\u011fi bir d\u00f6nemde \u00e7ok say\u0131da eseriyle \u00e7ocuklar\u0131n ve gen\u00e7lerin hayal d\u00fcnyas\u0131n\u0131 zenginle\u015ftirdi. Ezenlerin kar\u015f\u0131s\u0131nda dik duran, hakk\u0131n\u0131 kopar\u0131p almas\u0131n\u0131 bilen Erdeli adl\u0131 bir \u00e7ocuk kahraman\u0131n hik\u00e2ye edildi\u011fi Alt\u0131n Ekin roman\u0131, yay\u0131mland\u0131\u011f\u0131 d\u00f6nemde \u00e7ok ses getirdi, \u00f6nemli tart\u0131\u015fmalara konu oldu. \u015e\u0131r\u0131l \u015f\u0131r\u0131l derelerin akt\u0131\u011f\u0131, ku\u015flar\u0131n \u00f6t\u00fc\u015ft\u00fc\u011f\u00fc bir de\u011firmendi Erdeli\u2019nin yurdu. De\u011firmenci babas\u0131n\u0131n en b\u00fcy\u00fck hayali onun okuyup b\u00fcy\u00fck adam olmas\u0131yd\u0131. Ekmeklerini sa\u011flayan de\u011firmen, yollar\u0131nda ko\u015fup oynad\u0131\u011f\u0131 ata yurdu terk edildi Erdeli i\u00e7in. Ancak ad\u0131 gibi korkusuz, yi\u011fit bir \u00e7ocuk olan Erdeli, \u00f6nce okulu, sonra yol boyunca kar\u015f\u0131la\u015ft\u0131\u011f\u0131 insanlar\u0131 ard\u0131nda b\u0131rakarak eme\u011fin yurduna, b\u00fcy\u00fck\u015fehire geldi. \u00c7al\u0131\u015ft\u0131, \u00e7abalad\u0131 meslek sahibi oldu. Ve sonunda topluma yaray\u0131\u015fl\u0131, \u00fcretken bir yurtta\u015f olarak umudunu kendisine ba\u011flam\u0131\u015f sevdiklerinin yan\u0131na geri d\u00f6nd\u00fc. Bir i\u015fyeri a\u00e7t\u0131. \u201cKimsenin al\u0131nterini i\u00e7meyen, eme\u011fini yemeyen, herkese kazanc\u0131n\u0131 veren, herkesin gelece\u011fini d\u00fc\u015f\u00fcnen, tek s\u00fcrt\u00fc\u015fmenin \u00e7\u0131kmad\u0131\u011f\u0131 bu i\u015f okulu\u201dnun ad\u0131 \u201cAlt\u0131n Ekin D\u00f6k\u00fcmevi\u201dydi.   \u00dcM\u0130T KAFTANCIO\u011eLU 1934 y\u0131l\u0131nda Ardahan\u2019\u0131n Hanak il\u00e7esinin Saskara (Koyunp\u0131nar) k\u00f6y\u00fcnde do\u011far. 1957 y\u0131l\u0131nda mezun oldu\u011fu Cilavuz K\u00f6y Enstit\u00fcs\u00fc insanl\u0131\u011f\u0131 \u00f6\u011frendi\u011fi yer olur. 1964 y\u0131l\u0131nda TRT\u2019nin a\u00e7t\u0131\u011f\u0131 s\u0131nav\u0131 kazanarak TRT\u2019nin K\u00f6y Yay\u0131nlar\u0131 b\u00f6l\u00fcm\u00fcne girer.TRT \u0130stanbul Radyosu\u2019nda halk k\u00fclt\u00fcr\u00fcn\u00fcn tan\u0131t\u0131ld\u0131\u011f\u0131 \u201cAv Bizim Avlak Bizim\u201d, \u201cDilden Dile\u201d ve \u201cYurdun D\u00f6rt Buca\u011f\u0131ndan\u201d programlar\u0131n\u0131 haz\u0131rlar. \u201cEvre\u015fe Yollar\u0131 Dar\u201d ve \u201cY\u00fcksek Y\u00fcksek Tepelere Ev Kurmas\u0131nlar\u201d gibi t\u00fcrk\u00fcler de i\u00e7inde olmak \u00fczere \u00e7ok say\u0131da t\u00fcrk\u00fcy\u00fc derleyerek halk m\u00fczi\u011fine kazand\u0131r\u0131r. \u0130lk \u00f6yk\u00fcs\u00fc 1955 y\u0131l\u0131nda Varl\u0131k dergisinde, \u201cSihirli Halka\u201d adl\u0131 \u00f6yk\u00fcs\u00fc ise Cumhuriyet gazetesinde yay\u0131mlan\u0131r. E\u011fitim e\u015fitsizli\u011fini anlatt\u0131\u011f\u0131 D\u00f6neme\u00e7, 1970 TRT \u00f6yk\u00fc yar\u0131\u015fmas\u0131nda Osman \u015eahin\u2019le birlikte birincilik \u00f6d\u00fcl\u00fcn\u00fc payla\u015f\u0131r. \u0130ki y\u0131l sonra, Nisan 1972\u2019de, D\u00f6neme\u00e7\u2019in de i\u00e7inde yer ald\u0131\u011f\u0131 ilk \u00f6yk\u00fcler toplam\u0131 ayn\u0131 adla Remzi Kitabevi taraf\u0131ndan yay\u0131mlan\u0131r.Ayn\u0131 y\u0131l, \u201cHac\u0131 Bekta\u015f\u0131n G\u00f6lgesinde S\u00f6m\u00fcr\u00fc\u201d \u00fcst ba\u015fl\u0131\u011f\u0131yla yay\u0131mlanan  Hakullah r\u00f6portaj\u0131 d\u00f6nemin \u00f6nemli \u00f6d\u00fcllerinden olan Karacan \u00f6d\u00fcl\u00fcne de\u011fer g\u00f6r\u00fcl\u00fcr. 1972 y\u0131l\u0131nda, Yelatan roman\u0131n\u0131 yay\u0131mlar. Ardahan Kars y\u00f6resi masallar\u0131n\u0131 kendine \u00f6zg\u00fc uslubuyla yeniden yazd\u0131\u011f\u0131 Tek Atl\u0131 Tekin Olmaz, d\u00f6nemin \u00f6nemli \u00e7izerlerinden Fahri Karag\u00f6zo\u011flu\u2019nun desenleriyle birlikte 1973 y\u0131l\u0131nda okuyucuyla bulu\u015fur.1974 y\u0131l\u0131nda, devlet taraf\u0131ndan desteklenen a\u015firet ve a\u011fal\u0131k d\u00fczenine y\u00f6nelik g\u00fc\u00e7l\u00fc ele\u015ftiriler i\u00e7eren T\u00fcfekliler roman\u0131 ve K\u00f6ro\u011fluyla ilgili yap\u0131lm\u0131\u015f en iyi \u00e7al\u0131\u015fmalardan biri olan K\u00f6ro\u011flu Kollar\u0131 Halk Destanlar\u0131 Remzi Kitabevi\u2019nce yay\u0131mlan\u0131r. 1974 sonras\u0131 Anadolu masallar\u0131ndan olu\u015fan bir se\u00e7kiyi Kekeme Tav\u015fan ad\u0131yla kitapla\u015ft\u0131r\u0131r. 1975 y\u0131l\u0131nda \u00c7arpana adl\u0131 \u00f6yk\u00fc kitab\u0131n\u0131, 1977\u2019de K\u00f6ro\u011flu hik\u00e2yelerine farkl\u0131 bir bak\u0131\u015f\u0131 temsil eden, \u00e7ocuklar i\u00e7in yaz\u0131lan Kankarde\u015fim Dorutay\u2019\u0131 yay\u0131mlar. 1979\u2019da D\u00f6rt Boynuzlu Ko\u00e7 adl\u0131 \u00e7ocuk kitab\u0131 ve K\u00f6ro\u011flu destanlar\u0131 \u00e7al\u0131\u015fmas\u0131n\u0131n geni\u015fletilmi\u015f halini i\u00e7eren K\u00f6ro\u011flu Kol Destanlar\u0131 K\u00fclt\u00fcr Bakanl\u0131\u011f\u0131 Yay\u0131nlar\u0131 taraf\u0131ndan yay\u0131mlan\u0131r. 1980 y\u0131l\u0131nda \u00c7oban Ge\u00e7mez adl\u0131 an\u0131-hik\u00e2ye kitab\u0131 ve sava\u015f kar\u015f\u0131tl\u0131\u011f\u0131n\u0131n i\u015flendi\u011fi \u00e7ocuk roman\u0131 \u00c7izmelerim Ke\u00e7eden okuyucuyla bulu\u015fur. 1979 Haziran\u0131\u2019nda Alt\u0131n Ekin adl\u0131 roman\u0131, h\u00fck\u00fcmet de\u011fi\u015fikli\u011fi sonras\u0131 toplat\u0131l\u0131r. 11 Nisan 1980 tarihinde; halk d\u00fc\u015fmanlar\u0131n\u0131n kendisini hedef g\u00f6stermesinin hemen sonras\u0131nda evinin \u00f6n\u00fcnde pusuya d\u00fc\u015f\u00fcr\u00fclerek \u00f6ld\u00fcr\u00fcl\u00fcr. \u015e\u00fclg\u00fcr Deresi adl\u0131 \u00e7ocuk kitab\u0131, yay\u0131mlanmam\u0131\u015f kent ve k\u0131r \u00f6yk\u00fclerinden olu\u015fan \u0130stanbul Allak Bullak adl\u0131 \u00e7al\u0131\u015fmas\u0131, H\u0131z\u0131r Pa\u015fa ve K\u00f6ro\u011flu Kollar\u0131 Halk Destanlar\u0131 i\u00e7inde yer alan Sali Bey destan\u0131 YAZKO Yay\u0131nlar\u0131 taraf\u0131ndan Salih Bey ismiyle , Hakullah r\u00f6portaj\u0131 ise di\u011fer r\u00f6portajlar\u0131yla birlikte ayn\u0131 adla Su Yay\u0131nlar\u0131 taraf\u0131ndan \u00f6l\u00fcm\u00fcnden sonra yay\u0131mlan\u0131r. Kullan\u0131lan Reklam Mecralar\u0131: Sosyal Medya ve Gazete\/Dergiler<\/p>\n","protected":false},"excerpt":{"rendered":"<p>Cilavuz K\u00f6y Enstit\u00fcs\u00fc mezunu olan \u00dcmit Kaftanc\u0131o\u011flu, bozk\u0131rda a\u00e7an ate\u015f \u00e7i\u00e7eklerinin en dire\u015fkenlerinden biriydi. \u00c7ocuk edebiyat\u0131n\u0131n hen\u00fcz s\u00f6z\u00fcn\u00fcn edilmedi\u011fi bir d\u00f6nemde \u00e7ok say\u0131da eseriyle \u00e7ocuklar\u0131n ve<span class=\"excerpt-hellip\"> [\u2026]<\/span><\/p>\n","protected":false},"featured_media":0,"template":"","meta":{"_monsterinsights_skip_tracking":false,"_monsterinsights_sitenote_active":false,"_monsterinsights_sitenote_note":"","_monsterinsights_sitenote_category":0},"product_brand":[],"product_cat":[12274,12284],"product_tag":[],"class_list":{"0":"post-738541","1":"product","2":"type-product","3":"status-publish","5":"product_cat-cocuk-ve-genclik-kitaplari","6":"product_cat-hikayeler","7":"pa_cilt-ciltsiz","8":"pa_tur-kitap","9":"pa_yayinevi-dinozor-cocuk","10":"pa_yazar-umit-kaftancioglu","12":"first","13":"instock","14":"sale","15":"shipping-taxable","16":"purchasable","17":"product-type-simple"},"_links":{"self":[{"href":"https:\/\/roveyayinevi.com.tr\/index.php\/wp-json\/wp\/v2\/product\/738541","targetHints":{"allow":["GET"]}}],"collection":[{"href":"https:\/\/roveyayinevi.com.tr\/index.php\/wp-json\/wp\/v2\/product"}],"about":[{"href":"https:\/\/roveyayinevi.com.tr\/index.php\/wp-json\/wp\/v2\/types\/product"}],"wp:attachment":[{"href":"https:\/\/roveyayinevi.com.tr\/index.php\/wp-json\/wp\/v2\/media?parent=738541"}],"wp:term":[{"taxonomy":"product_brand","embeddable":true,"href":"https:\/\/roveyayinevi.com.tr\/index.php\/wp-json\/wp\/v2\/product_brand?post=738541"},{"taxonomy":"product_cat","embeddable":true,"href":"https:\/\/roveyayinevi.com.tr\/index.php\/wp-json\/wp\/v2\/product_cat?post=738541"},{"taxonomy":"product_tag","embeddable":true,"href":"https:\/\/roveyayinevi.com.tr\/index.php\/wp-json\/wp\/v2\/product_tag?post=738541"}],"curies":[{"name":"wp","href":"https:\/\/api.w.org\/{rel}","templated":true}]}}