{"id":738539,"date":"2025-08-27T23:51:58","date_gmt":"2025-08-27T20:51:58","guid":{"rendered":"https:\/\/roveyayinevi.com.tr\/index.php\/urun\/john-rawls-adalet-teorisi-ve-temel-kavramlari\/"},"modified":"2026-04-16T02:48:45","modified_gmt":"2026-04-15T23:48:45","slug":"john-rawls-adalet-teorisi-ve-temel-kavramlari","status":"publish","type":"product","link":"https:\/\/roveyayinevi.com.tr\/index.php\/urun\/john-rawls-adalet-teorisi-ve-temel-kavramlari\/","title":{"rendered":"John Rawls: Adalet Teorisi ve Temel Kavramlar\u0131"},"content":{"rendered":"<p>\u201cRawls, yirminci y\u00fczy\u0131l\u0131n son otuz y\u0131l\u0131nda Bat\u0131 d\u00fcnyas\u0131ndaki siyaset felsefesinin g\u00fcndemini belirlemi\u015ftir. Arizona \u00dcniversitesi b\u00fcnyesinde yer alan \u00d6zg\u00fcrl\u00fck Felsefesi Merkezi\u2019nin \u00f6nemli dostlar\u0131ndan biri olan Mehmet Kocao\u011flu taraf\u0131ndan kaleme al\u0131nan bu kitap, Rawls\u2019\u0131n siyaset felsefesinde yaratt\u0131\u011f\u0131 etkiyi ba\u015far\u0131l\u0131 bir \u015fekilde a\u00e7\u0131klamaktad\u0131r.\u201d                             David Schmidtz, Kendrick Felsefe Profes\u00f6r\u00fc, Arizona \u00dcniversitesi   \u201cMehmet Kocao\u011flu, Rawls\u2019\u0131n \u2018ahenksiz\u2019 ve \u2018par\u0131lt\u0131s\u0131z\u2019 metinlerini okumak k\u00fclfetini \u00fcstlenmi\u015f; yetinmemi\u015f, \u00fcst\u00fcne bir de inceleme yapm\u0131\u015f. Ba\u015fta Bir Adalet Teorisi olmak \u00fczere Rawls\u2019\u0131n \u00f6nemli say\u0131lan ve bu nedenle \u2018okunmayan\u2019 eserlerine bir giri\u015f mahiyetinde olmak \u00fczere ve esas itibariyle Rawls\u2019\u0131n siyaset teorisindeki katk\u0131lar\u0131n\u0131 anlamak bak\u0131m\u0131ndan bu kitap faydal\u0131 olacakt\u0131r.\u201d                                                                                                         Prof. Dr. Ahmet \u00c7i\u011fdem <\/p>\n","protected":false},"excerpt":{"rendered":"<p>\u201cRawls, yirminci y\u00fczy\u0131l\u0131n son otuz y\u0131l\u0131nda Bat\u0131 d\u00fcnyas\u0131ndaki siyaset felsefesinin g\u00fcndemini belirlemi\u015ftir. Arizona \u00dcniversitesi b\u00fcnyesinde yer alan \u00d6zg\u00fcrl\u00fck Felsefesi Merkezi\u2019nin \u00f6nemli dostlar\u0131ndan biri olan Mehmet Kocao\u011flu<span class=\"excerpt-hellip\"> [\u2026]<\/span><\/p>\n","protected":false},"featured_media":0,"template":"","meta":{"_monsterinsights_skip_tracking":false,"_monsterinsights_sitenote_active":false,"_monsterinsights_sitenote_note":"","_monsterinsights_sitenote_category":0},"product_brand":[],"product_cat":[12351,12324],"product_tag":[],"class_list":{"0":"post-738539","1":"product","2":"type-product","3":"status-publish","5":"product_cat-siyaset-sosyolojisi","6":"product_cat-sosyoloji","7":"pa_cilt-ciltsiz","8":"pa_tur-kitap","9":"pa_yayinevi-vulgus-yayinlari","10":"pa_yazar-mehmet-kocaoglu","12":"first","13":"instock","14":"sale","15":"shipping-taxable","16":"purchasable","17":"product-type-simple"},"_links":{"self":[{"href":"https:\/\/roveyayinevi.com.tr\/index.php\/wp-json\/wp\/v2\/product\/738539","targetHints":{"allow":["GET"]}}],"collection":[{"href":"https:\/\/roveyayinevi.com.tr\/index.php\/wp-json\/wp\/v2\/product"}],"about":[{"href":"https:\/\/roveyayinevi.com.tr\/index.php\/wp-json\/wp\/v2\/types\/product"}],"wp:attachment":[{"href":"https:\/\/roveyayinevi.com.tr\/index.php\/wp-json\/wp\/v2\/media?parent=738539"}],"wp:term":[{"taxonomy":"product_brand","embeddable":true,"href":"https:\/\/roveyayinevi.com.tr\/index.php\/wp-json\/wp\/v2\/product_brand?post=738539"},{"taxonomy":"product_cat","embeddable":true,"href":"https:\/\/roveyayinevi.com.tr\/index.php\/wp-json\/wp\/v2\/product_cat?post=738539"},{"taxonomy":"product_tag","embeddable":true,"href":"https:\/\/roveyayinevi.com.tr\/index.php\/wp-json\/wp\/v2\/product_tag?post=738539"}],"curies":[{"name":"wp","href":"https:\/\/api.w.org\/{rel}","templated":true}]}}