{"id":738538,"date":"2025-08-27T23:51:57","date_gmt":"2025-08-27T20:51:57","guid":{"rendered":"https:\/\/roveyayinevi.com.tr\/index.php\/urun\/kimligin-kimligi\/"},"modified":"2026-04-16T02:48:45","modified_gmt":"2026-04-15T23:48:45","slug":"kimligin-kimligi","status":"publish","type":"product","link":"https:\/\/roveyayinevi.com.tr\/index.php\/urun\/kimligin-kimligi\/","title":{"rendered":"Kimli\u011fin Kimli\u011fi"},"content":{"rendered":"<p>Kimli\u011fin Kimli\u011fi\u2019nin iki temel meselesi var. Bunlardan ilki, kimli\u011fin bir kavram olarak seyrini takip etmektir. \u0130kincisi ise, kimli\u011fin nas\u0131l in\u015fa edildi\u011fini soru\u015fturmakt\u0131r. Mustafa Altuno\u011flu, kimli\u011fin nas\u0131l in\u015fa edildi\u011fi sorusuna cevap bulma \u00e7abas\u0131 i\u00e7inde yol al\u0131rken psikolojinin\/psikanalizin (Freud, Piaget, Erikson, Kohlberg), simgesel etkile\u015fimcili\u011fin (Mead, Goffman), fenomenolojinin\/fenomenolojik sosyolojinin (Husserl, Schutz) ve son olarak ele\u015ftirel teorinin (Habermas) temel \u00f6nermelerinden ve kavramlar\u0131ndan hareket etmektedir.   <\/p>\n","protected":false},"excerpt":{"rendered":"<p>Kimli\u011fin Kimli\u011fi\u2019nin iki temel meselesi var. Bunlardan ilki, kimli\u011fin bir kavram olarak seyrini takip etmektir. \u0130kincisi ise, kimli\u011fin nas\u0131l in\u015fa edildi\u011fini soru\u015fturmakt\u0131r. Mustafa Altuno\u011flu, kimli\u011fin nas\u0131l<span class=\"excerpt-hellip\"> [\u2026]<\/span><\/p>\n","protected":false},"featured_media":0,"template":"","meta":{"_monsterinsights_skip_tracking":false,"_monsterinsights_sitenote_active":false,"_monsterinsights_sitenote_note":"","_monsterinsights_sitenote_category":0},"product_brand":[],"product_cat":[12351,12324],"product_tag":[],"class_list":{"0":"post-738538","1":"product","2":"type-product","3":"status-publish","5":"product_cat-siyaset-sosyolojisi","6":"product_cat-sosyoloji","7":"pa_cilt-ciltsiz","8":"pa_tur-kitap","9":"pa_yayinevi-vulgus-yayinlari","10":"pa_yazar-mustafa-altunoglu","12":"first","13":"instock","14":"sale","15":"shipping-taxable","16":"purchasable","17":"product-type-simple"},"_links":{"self":[{"href":"https:\/\/roveyayinevi.com.tr\/index.php\/wp-json\/wp\/v2\/product\/738538","targetHints":{"allow":["GET"]}}],"collection":[{"href":"https:\/\/roveyayinevi.com.tr\/index.php\/wp-json\/wp\/v2\/product"}],"about":[{"href":"https:\/\/roveyayinevi.com.tr\/index.php\/wp-json\/wp\/v2\/types\/product"}],"wp:attachment":[{"href":"https:\/\/roveyayinevi.com.tr\/index.php\/wp-json\/wp\/v2\/media?parent=738538"}],"wp:term":[{"taxonomy":"product_brand","embeddable":true,"href":"https:\/\/roveyayinevi.com.tr\/index.php\/wp-json\/wp\/v2\/product_brand?post=738538"},{"taxonomy":"product_cat","embeddable":true,"href":"https:\/\/roveyayinevi.com.tr\/index.php\/wp-json\/wp\/v2\/product_cat?post=738538"},{"taxonomy":"product_tag","embeddable":true,"href":"https:\/\/roveyayinevi.com.tr\/index.php\/wp-json\/wp\/v2\/product_tag?post=738538"}],"curies":[{"name":"wp","href":"https:\/\/api.w.org\/{rel}","templated":true}]}}