{"id":738535,"date":"2025-08-27T23:51:54","date_gmt":"2025-08-27T20:51:54","guid":{"rendered":"https:\/\/roveyayinevi.com.tr\/index.php\/urun\/koca-yusuf\/"},"modified":"2026-04-16T02:48:45","modified_gmt":"2026-04-15T23:48:45","slug":"koca-yusuf","status":"publish","type":"product","link":"https:\/\/roveyayinevi.com.tr\/index.php\/urun\/koca-yusuf\/","title":{"rendered":"Koca Yusuf"},"content":{"rendered":"<p>Koca Yusuf bile\u011fi b\u00fck\u00fclmez bir T\u00fcrk pehlivan\u0131 olarak d\u00fcnya spor tarihine ismini alt\u0131n harflerle yazd\u0131rm\u0131\u015ft\u0131r. Avrupa salonlar\u0131nda \u201cT\u00fcrk Gibi G\u00fc\u00e7l\u00fc\u201d s\u00f6z\u00fcn\u00fcn bir vecize gibi a\u011f\u0131zdan a\u011f\u0131za dola\u015fmas\u0131n\u0131 sa\u011flayan Yusuf\u2019un rakiplerine nefes ald\u0131rmayan insan\u00fcst\u00fc kuvvetidir. O Yusuf ki bir zamanlar zaferden zafere ko\u015fan T\u00fcrk milletinin \u00e7\u00f6z\u00fclme devrinde ortaya \u00e7\u0131km\u0131\u015f T\u00fcrk\u2019\u00fcn ne deh\u015fetli bir d\u00fc\u015fman oldu\u011funu Bat\u0131ya o hat\u0131rlatm\u0131\u015ft\u0131r. O y\u00fczden Yusuf Bat\u0131n\u0131n a\u011fz\u0131nda lakab\u0131 \u201cTerrible Turk\u201dt\u00fcr.   Erken d\u00f6nem Cumhuriyet gazetecili\u011finin en me\u015fhur kalemlerinden olan \u0130skender Fahrettin\u2019in s\u00fcr\u00fckleyen tefrikalar\u0131yla temay\u00fcz etmi\u015f; aral\u0131ks\u0131z yazd\u0131\u011f\u0131 polisiye tefrikalar ve tarihi romanlar ile geni\u015f bir okuyucu kitlesine ula\u015fm\u0131\u015ft\u0131r. Vakit gazetesindeki Koca Yusuf tefrikas\u0131 yazar\u0131n takip\u00e7ilerinin b\u00fcy\u00fck bir alaka ile takip etti\u011fi tefrikalardan birisidir. Koca Yusuf\u2019un T\u00fcrkiye ve Amerika\u2019daki maceralar\u0131n\u0131 anlatan bu roman, t\u00fcr\u00fcn\u00fcn nadide \u00f6rneklerinden birisidir.<\/p>\n","protected":false},"excerpt":{"rendered":"<p>Koca Yusuf bile\u011fi b\u00fck\u00fclmez bir T\u00fcrk pehlivan\u0131 olarak d\u00fcnya spor tarihine ismini alt\u0131n harflerle yazd\u0131rm\u0131\u015ft\u0131r. Avrupa salonlar\u0131nda \u201cT\u00fcrk Gibi G\u00fc\u00e7l\u00fc\u201d s\u00f6z\u00fcn\u00fcn bir vecize gibi a\u011f\u0131zdan a\u011f\u0131za<span class=\"excerpt-hellip\"> [\u2026]<\/span><\/p>\n","protected":false},"featured_media":0,"template":"","meta":{"_monsterinsights_skip_tracking":false,"_monsterinsights_sitenote_active":false,"_monsterinsights_sitenote_note":"","_monsterinsights_sitenote_category":0},"product_brand":[],"product_cat":[12291,12745],"product_tag":[],"class_list":{"0":"post-738535","1":"product","2":"type-product","3":"status-publish","5":"product_cat-edebiyat","6":"product_cat-tarihi-roman","7":"pa_cilt-ciltsiz","8":"pa_tur-kitap","9":"pa_yayinevi-otuken-nesriyat","10":"pa_yazar-iskender-fahrettin-sertelli","12":"first","13":"instock","14":"sale","15":"shipping-taxable","16":"purchasable","17":"product-type-simple"},"_links":{"self":[{"href":"https:\/\/roveyayinevi.com.tr\/index.php\/wp-json\/wp\/v2\/product\/738535","targetHints":{"allow":["GET"]}}],"collection":[{"href":"https:\/\/roveyayinevi.com.tr\/index.php\/wp-json\/wp\/v2\/product"}],"about":[{"href":"https:\/\/roveyayinevi.com.tr\/index.php\/wp-json\/wp\/v2\/types\/product"}],"wp:attachment":[{"href":"https:\/\/roveyayinevi.com.tr\/index.php\/wp-json\/wp\/v2\/media?parent=738535"}],"wp:term":[{"taxonomy":"product_brand","embeddable":true,"href":"https:\/\/roveyayinevi.com.tr\/index.php\/wp-json\/wp\/v2\/product_brand?post=738535"},{"taxonomy":"product_cat","embeddable":true,"href":"https:\/\/roveyayinevi.com.tr\/index.php\/wp-json\/wp\/v2\/product_cat?post=738535"},{"taxonomy":"product_tag","embeddable":true,"href":"https:\/\/roveyayinevi.com.tr\/index.php\/wp-json\/wp\/v2\/product_tag?post=738535"}],"curies":[{"name":"wp","href":"https:\/\/api.w.org\/{rel}","templated":true}]}}