{"id":738534,"date":"2025-08-27T23:51:52","date_gmt":"2025-08-27T20:51:52","guid":{"rendered":"https:\/\/roveyayinevi.com.tr\/index.php\/urun\/adi-devlet-olsun\/"},"modified":"2026-04-16T02:48:44","modified_gmt":"2026-04-15T23:48:44","slug":"adi-devlet-olsun","status":"publish","type":"product","link":"https:\/\/roveyayinevi.com.tr\/index.php\/urun\/adi-devlet-olsun\/","title":{"rendered":"Ad\u0131 Devlet Olsun"},"content":{"rendered":"<p>T\u00fcrk Milliyet\u00e7ili\u011fi Tarihinde Haftal\u0131k Bir Gazetenin On Y\u0131ll\u0131k Hayat Hik\u00e2yesi   &#8220;\u0130kinci D\u00fcnya Sava\u015f\u0131 sonras\u0131 d\u00fcnya iki kutuplu h\u00e2le geldi. Kutup liderleri mevzileri tahkim ettikten sonra hakimiyet alanlar\u0131n\u0131 geni\u015fletme yar\u0131\u015f\u0131na girdi. Nato ve Demir Perde diye k\u0131saca isimlendirilen cephelerden, Demir Perde&#8217;nin lideri konumundaki Sovyetlerin yay\u0131lma arac\u0131 Marksizmin Sovyet yorumu idi. 1960lardan sonra L\u00e2tin Amerika, Afrika ve G\u00fcney Do\u011fu Asya&#8217;da g\u00f6r\u00fclen ihtil\u00e2lci Marksist hareketler Avrupa&#8217;y\u0131 ve ard\u0131ndan T\u00fcrkiye&#8217;yi de etkiledi. \u0130nan\u00e7 ve etnik b\u00f6l\u00fcc\u00fcl\u00fc\u011f\u00fc de tahrik eden T\u00fcrkiye&#8217;deki Marksist faaliyetlerin nihai hedefi, co\u011frafi yak\u0131nl\u0131\u011f\u0131n da verdi\u011fi imk\u00e2nla T\u00fcrkiye\u2019yi bir Sovyet Devleti h\u00e2line getirmekti. Y\u00e2ni T\u00fcrkiye&#8217;nin ba\u011f\u0131ms\u0131zl\u0131\u011f\u0131 s\u00f6z konusu idi. Buna kar\u015f\u0131 verilen m\u00fccadelenin \u00f6nc\u00fcl\u00fc\u011f\u00fcn\u00fc siy\u00e2si hareket olarak MHP ve ona ba\u011fl\u0131 yan kurulu\u015flar \u00fcstlenmi\u015fti. Devlet gazetesi m\u00fctevaz\u0131 \u015fartlarda amat\u00f6r bir ruh ve heyecanla s\u00fcrd\u00fcrd\u00fc\u011f\u00fc bu m\u00fccadelenin hem i\u00e7e ve hem de d\u0131\u015fa d\u00f6n\u00fck yay\u0131n organ\u0131 idi. Bug\u00fcn Sovyetler da\u011f\u0131ld\u0131\u011f\u0131 i\u00e7in o d\u00f6nem verilen m\u00fccadeleyi anlamak m\u00fcmk\u00fcn g\u00f6r\u00fcnm\u00fcyor. Bu d\u00f6nemi lay\u0131k\u0131yla anlamak i\u00e7in o zamana ait hat\u0131ralar\u0131n yaz\u0131lmas\u0131 gerekir. Osman \u00c7ak\u0131r daha yirmili ya\u015flara gelmeden kat\u0131ld\u0131\u011f\u0131 bu faaliyeti kendi cephesinden kaleme ald\u0131. Umulur ki bu ba\u015fkalar\u0131na \u00f6rnek olur.&#8221; Cezmi Bayram<\/p>\n","protected":false},"excerpt":{"rendered":"<p>T\u00fcrk Milliyet\u00e7ili\u011fi Tarihinde Haftal\u0131k Bir Gazetenin On Y\u0131ll\u0131k Hayat Hik\u00e2yesi &#8220;\u0130kinci D\u00fcnya Sava\u015f\u0131 sonras\u0131 d\u00fcnya iki kutuplu h\u00e2le geldi. Kutup liderleri mevzileri tahkim ettikten sonra hakimiyet<span class=\"excerpt-hellip\"> [\u2026]<\/span><\/p>\n","protected":false},"featured_media":0,"template":"","meta":{"_monsterinsights_skip_tracking":false,"_monsterinsights_sitenote_active":false,"_monsterinsights_sitenote_note":"","_monsterinsights_sitenote_category":0},"product_brand":[],"product_cat":[13072,12291],"product_tag":[],"class_list":{"0":"post-738534","1":"product","2":"type-product","3":"status-publish","5":"product_cat-arastirma-inceleme-referans","6":"product_cat-edebiyat","7":"pa_cilt-ciltsiz","8":"pa_tur-kitap","9":"pa_yayinevi-otuken-nesriyat","10":"pa_yazar-osman-cakir","12":"first","13":"instock","14":"sale","15":"shipping-taxable","16":"purchasable","17":"product-type-simple"},"_links":{"self":[{"href":"https:\/\/roveyayinevi.com.tr\/index.php\/wp-json\/wp\/v2\/product\/738534","targetHints":{"allow":["GET"]}}],"collection":[{"href":"https:\/\/roveyayinevi.com.tr\/index.php\/wp-json\/wp\/v2\/product"}],"about":[{"href":"https:\/\/roveyayinevi.com.tr\/index.php\/wp-json\/wp\/v2\/types\/product"}],"wp:attachment":[{"href":"https:\/\/roveyayinevi.com.tr\/index.php\/wp-json\/wp\/v2\/media?parent=738534"}],"wp:term":[{"taxonomy":"product_brand","embeddable":true,"href":"https:\/\/roveyayinevi.com.tr\/index.php\/wp-json\/wp\/v2\/product_brand?post=738534"},{"taxonomy":"product_cat","embeddable":true,"href":"https:\/\/roveyayinevi.com.tr\/index.php\/wp-json\/wp\/v2\/product_cat?post=738534"},{"taxonomy":"product_tag","embeddable":true,"href":"https:\/\/roveyayinevi.com.tr\/index.php\/wp-json\/wp\/v2\/product_tag?post=738534"}],"curies":[{"name":"wp","href":"https:\/\/api.w.org\/{rel}","templated":true}]}}