{"id":738530,"date":"2025-08-27T23:51:47","date_gmt":"2025-08-27T20:51:47","guid":{"rendered":"https:\/\/roveyayinevi.com.tr\/index.php\/urun\/insanciklar-5\/"},"modified":"2026-04-16T02:48:44","modified_gmt":"2026-04-15T23:48:44","slug":"insanciklar-5","status":"publish","type":"product","link":"https:\/\/roveyayinevi.com.tr\/index.php\/urun\/insanciklar-5\/","title":{"rendered":"\u0130nsanc\u0131klar"},"content":{"rendered":"<p>\u201cAh, \u015fu benim h\u00e2lim ne olacak? \u00d6yle bir bilinmezlik i\u00e7indeyim ki ne bir istikbalim var ne de ileride beni neyin bekledi\u011fine dair herhangi bir tahminim. D\u00f6n\u00fcp geriye bakmak ise \u00e7ok korkutucu. Ge\u00e7mi\u015fim ac\u0131larla dolu ve ne zaman maziyi hat\u0131rlasam, kalbim par\u00e7alanacak gibi olur. Hayat\u0131m\u0131 mahveden bu insanlar y\u00fcz\u00fcnden hep a\u011flay\u0131p duraca\u011f\u0131m.\u201d   \u0130nsanc\u0131klar, iki karakterin yaz\u0131\u015fmalar\u0131yla ilerletilen bir hik\u00e2yeyi ele al\u0131r. Zorluklarla ge\u00e7inen bu iki insan, toplumun yoksullara dayatt\u0131\u011f\u0131 t\u00fcrden a\u015fa\u011f\u0131lanmalara maruz kalmaktad\u0131rlar. Kimsenin sayg\u0131 duymad\u0131\u011f\u0131 bu fakir insanlar\u0131n ellerinde kalan tek \u015fey aralar\u0131ndaki temiz sevgi ve ellerinin alt\u0131ndaki mektuplard\u0131r.   <\/p>\n","protected":false},"excerpt":{"rendered":"<p>\u201cAh, \u015fu benim h\u00e2lim ne olacak? \u00d6yle bir bilinmezlik i\u00e7indeyim ki ne bir istikbalim var ne de ileride beni neyin bekledi\u011fine dair herhangi bir tahminim. D\u00f6n\u00fcp<span class=\"excerpt-hellip\"> [\u2026]<\/span><\/p>\n","protected":false},"featured_media":0,"template":"","meta":{"_monsterinsights_skip_tracking":false,"_monsterinsights_sitenote_active":false,"_monsterinsights_sitenote_note":"","_monsterinsights_sitenote_category":0},"product_brand":[],"product_cat":[12291,12711],"product_tag":[],"class_list":{"0":"post-738530","1":"product","2":"type-product","3":"status-publish","5":"product_cat-edebiyat","6":"product_cat-roman-oyku","7":"pa_cilt-ciltsiz","8":"pa_tur-kitap","9":"pa_yayinevi-sms-yayinlari","10":"pa_yazar-fyodor-mihaylovic-dostoyevski","12":"first","13":"instock","14":"sale","15":"shipping-taxable","16":"purchasable","17":"product-type-simple"},"_links":{"self":[{"href":"https:\/\/roveyayinevi.com.tr\/index.php\/wp-json\/wp\/v2\/product\/738530","targetHints":{"allow":["GET"]}}],"collection":[{"href":"https:\/\/roveyayinevi.com.tr\/index.php\/wp-json\/wp\/v2\/product"}],"about":[{"href":"https:\/\/roveyayinevi.com.tr\/index.php\/wp-json\/wp\/v2\/types\/product"}],"wp:attachment":[{"href":"https:\/\/roveyayinevi.com.tr\/index.php\/wp-json\/wp\/v2\/media?parent=738530"}],"wp:term":[{"taxonomy":"product_brand","embeddable":true,"href":"https:\/\/roveyayinevi.com.tr\/index.php\/wp-json\/wp\/v2\/product_brand?post=738530"},{"taxonomy":"product_cat","embeddable":true,"href":"https:\/\/roveyayinevi.com.tr\/index.php\/wp-json\/wp\/v2\/product_cat?post=738530"},{"taxonomy":"product_tag","embeddable":true,"href":"https:\/\/roveyayinevi.com.tr\/index.php\/wp-json\/wp\/v2\/product_tag?post=738530"}],"curies":[{"name":"wp","href":"https:\/\/api.w.org\/{rel}","templated":true}]}}