{"id":738529,"date":"2025-08-27T23:51:45","date_gmt":"2025-08-27T20:51:45","guid":{"rendered":"https:\/\/roveyayinevi.com.tr\/index.php\/urun\/mai-ve-siyah-15\/"},"modified":"2026-04-16T02:48:44","modified_gmt":"2026-04-15T23:48:44","slug":"mai-ve-siyah-15","status":"publish","type":"product","link":"https:\/\/roveyayinevi.com.tr\/index.php\/urun\/mai-ve-siyah-15\/","title":{"rendered":"Mai ve Siyah"},"content":{"rendered":"<p>\u201c\u0130\u015fte \u00f6yle bir \u015fey yazmak istiyorum ki yukar\u0131 bak\u0131lsa mai ve daima mai; a\u015fa\u011f\u0131 bak\u0131lsa siyah, daima siyah\u2026 Bir \u015fey ki mai ve siyah olsun. Hasta m\u0131y\u0131m bilemiyorum. Fakat ah! O ne yazmak istedi\u011fimi bilsem; onu \u015f\u00f6yle kar\u015f\u0131mda resmi \u00e7\u0131kar\u0131lm\u0131\u015f, betimlenmi\u015f g\u00f6rmek m\u00fcmk\u00fcn olsa; i\u015fte o zaman, san\u0131yorum ki art\u0131k \u00f6lebilirim; hayatta pay\u0131na d\u00fc\u015feni tamam\u0131yla alm\u0131\u015f bir adam olarak g\u00f6zlerimi kapayabilirim.\u201d Halit Ziya U\u015fakl\u0131gil\u2019in usta kalemine ait bu \u00fcnl\u00fc eserde, tan\u0131nan bir \u015fair olmay\u0131 d\u00fc\u015fleyen Ahmet Cemil\u2019in, babas\u0131n\u0131n \u00f6l\u00fcm\u00fcyle \u00fcst\u00fcne d\u00fc\u015fen sorumluluklar\u0131, hayallerinden vazge\u00e7meden yerine getirmeye \u00e7al\u0131\u015fmas\u0131 anlat\u0131l\u0131yor. D\u00f6nemin sosyok\u00fclt\u00fcrel durumunu da g\u00f6zler \u00f6n\u00fcne seren eserde hayal ve ger\u00e7ek, Ahmet Cemil\u2019in kalbinin arzular\u0131yla birlikte \u00e2deta mai ve siyah yerine ge\u00e7iyor. <\/p>\n","protected":false},"excerpt":{"rendered":"<p>\u201c\u0130\u015fte \u00f6yle bir \u015fey yazmak istiyorum ki yukar\u0131 bak\u0131lsa mai ve daima mai; a\u015fa\u011f\u0131 bak\u0131lsa siyah, daima siyah\u2026 Bir \u015fey ki mai ve siyah olsun. Hasta<span class=\"excerpt-hellip\"> [\u2026]<\/span><\/p>\n","protected":false},"featured_media":0,"template":"","meta":{"_monsterinsights_skip_tracking":false,"_monsterinsights_sitenote_active":false,"_monsterinsights_sitenote_note":"","_monsterinsights_sitenote_category":0},"product_brand":[],"product_cat":[12291,12711],"product_tag":[],"class_list":{"0":"post-738529","1":"product","2":"type-product","3":"status-publish","5":"product_cat-edebiyat","6":"product_cat-roman-oyku","7":"pa_cilt-ciltsiz","8":"pa_tur-kitap","9":"pa_yayinevi-sms-yayinlari","10":"pa_yazar-halit-ziya-usakligil","12":"first","13":"instock","14":"sale","15":"shipping-taxable","16":"purchasable","17":"product-type-simple"},"_links":{"self":[{"href":"https:\/\/roveyayinevi.com.tr\/index.php\/wp-json\/wp\/v2\/product\/738529","targetHints":{"allow":["GET"]}}],"collection":[{"href":"https:\/\/roveyayinevi.com.tr\/index.php\/wp-json\/wp\/v2\/product"}],"about":[{"href":"https:\/\/roveyayinevi.com.tr\/index.php\/wp-json\/wp\/v2\/types\/product"}],"wp:attachment":[{"href":"https:\/\/roveyayinevi.com.tr\/index.php\/wp-json\/wp\/v2\/media?parent=738529"}],"wp:term":[{"taxonomy":"product_brand","embeddable":true,"href":"https:\/\/roveyayinevi.com.tr\/index.php\/wp-json\/wp\/v2\/product_brand?post=738529"},{"taxonomy":"product_cat","embeddable":true,"href":"https:\/\/roveyayinevi.com.tr\/index.php\/wp-json\/wp\/v2\/product_cat?post=738529"},{"taxonomy":"product_tag","embeddable":true,"href":"https:\/\/roveyayinevi.com.tr\/index.php\/wp-json\/wp\/v2\/product_tag?post=738529"}],"curies":[{"name":"wp","href":"https:\/\/api.w.org\/{rel}","templated":true}]}}