{"id":738528,"date":"2025-08-27T23:51:44","date_gmt":"2025-08-27T20:51:44","guid":{"rendered":"https:\/\/roveyayinevi.com.tr\/index.php\/urun\/duzenin-otesinde\/"},"modified":"2026-04-16T02:48:44","modified_gmt":"2026-04-15T23:48:44","slug":"duzenin-otesinde","status":"publish","type":"product","link":"https:\/\/roveyayinevi.com.tr\/index.php\/urun\/duzenin-otesinde\/","title":{"rendered":"D\u00fczenin \u00d6tesinde"},"content":{"rendered":"<p>T\u00fcm d\u00fcnyada \u00e7ok satanlar listelerine giren kitap. \u00dcnl\u00fc d\u00fc\u015f\u00fcn\u00fcr ve klinik psikolog Jordan B. Peterson Hayat \u0130\u00e7in 12 Kural kitab\u0131nda hayatlar\u0131m\u0131zdaki kaosa bir panzehir sunuyor: modern kayg\u0131lara uyarlanan ebedi ger\u00e7ekler. Onun kavray\u0131\u015f\u0131 ve i\u00e7g\u00f6r\u00fcs\u00fc milyonlarca okura yard\u0131m etmi\u015f ve d\u00fcnya \u00e7ap\u0131nda yank\u0131 uyand\u0131rm\u0131\u015ft\u0131r. \u015eimdi bu sab\u0131rs\u0131zl\u0131kla beklenen kitab\u0131nda Peterson daha da ileri gidiyor ve hayat\u0131n anlam\u0131n\u0131n, bir b\u00f6l\u00fcm\u00fcn\u00fcn tan\u0131d\u0131\u011f\u0131m\u0131z alan\u0131n d\u0131\u015f\u0131na uzanarak s\u00fcrekli de\u011fi\u015fen bir d\u00fcnyaya uyum sa\u011flamak oldu\u011funu g\u00f6steriyor. A\u015f\u0131r\u0131 kaos bizi belirsizlikle tehdit ederken a\u015f\u0131r\u0131 d\u00fczen de merak eksikli\u011fine ve yarat\u0131c\u0131 yoksunlu\u011fa yol a\u00e7maktad\u0131r. D\u00fczenin \u00d6tesinde bizi ger\u00e7ekli\u011fin iki temel prensibini -d\u00fczen ve kaos- dengelemeye davet ediyor ve onlar\u0131 ay\u0131ran yolda bulunan derin anlam\u0131 ortaya \u00e7\u0131kart\u0131yor. Dengesizlik ve \u0131st\u0131rap zamanlar\u0131nda Peterson, hepimizin ba\u015fvurabilece\u011fi g\u00fc\u00e7 kaynaklar\u0131 oldu\u011funu hat\u0131rlat\u0131yor: psikoloji, felsefe, insanl\u0131\u011f\u0131n b\u00fcy\u00fck mit ve hik\u00e2yelerinden \u00f6d\u00fcn\u00e7 al\u0131nan i\u00e7g\u00f6r\u00fcler ve ilhamlar. Hem kadim bilgeli\u011fin zor kazan\u0131lm\u0131\u015f hakikatlerinden, hem kendi hayat\u0131ndan, hem de klinik \u00e7al\u0131\u015fmalar\u0131ndan \u00e7\u0131kard\u0131\u011f\u0131 derslerden b\u00fcy\u00fck \u00e7abalarla \u00f6\u011frenilmi\u015f ger\u00e7ekliklere temellenen on iki prensiple, Peterson, okurlar\u0131na daha cesur, hakiki ve anlaml\u0131 bir hayata do\u011fru rehberlik ediyor. Yazar Hakk\u0131nda: Dr. Jordan B. Peterson be\u015f milyondan fazla sat\u0131\u015f rakam\u0131na ula\u015fan Hayat \u0130\u00e7in 12 Kural adl\u0131 kitab\u0131n yazar\u0131d\u0131r. Ony\u0131llarca klinik psikolog ve e\u011fitimci olarak Harvard ve Toronto \u00dcniversiteleri\u2019nde \u00e7al\u0131\u015fm\u0131\u015ft\u0131r. D\u00fcnyan\u0131n en \u00f6nemli entelekt\u00fcellerinden biridir. YouTube videolar\u0131 ve podcast\u2019leri t\u00fcm d\u00fcnyada milyonlarca izleyicinin ilgisini \u00e7ekmi\u015ftir ve d\u00fcnya \u00e7ap\u0131ndaki kitap turu b\u00fcy\u00fck kentlerde milyonlarca izleyici toplam\u0131\u015ft\u0131r. Dr. Peterson, \u00f6\u011frencileri ve meslekta\u015flar\u0131yla y\u00fczden fazla bilimsel makaleye imza atm\u0131\u015ft\u0131r. 1999 y\u0131l\u0131nda yazd\u0131\u011f\u0131 kitab\u0131 Maps of Meaning (Anlam\u0131n Haritalar\u0131) din psikolojisinde devrim yaratm\u0131\u015ft\u0131r. Peterson, Ontario, Toronto\u2019da (Kanada) ailesiyle ya\u015famaktad\u0131r.  www.jordanbpeterson.com <\/p>\n","protected":false},"excerpt":{"rendered":"<p>T\u00fcm d\u00fcnyada \u00e7ok satanlar listelerine giren kitap. \u00dcnl\u00fc d\u00fc\u015f\u00fcn\u00fcr ve klinik psikolog Jordan B. Peterson Hayat \u0130\u00e7in 12 Kural kitab\u0131nda hayatlar\u0131m\u0131zdaki kaosa bir panzehir sunuyor: modern<span class=\"excerpt-hellip\"> [\u2026]<\/span><\/p>\n","protected":false},"featured_media":0,"template":"","meta":{"_monsterinsights_skip_tracking":false,"_monsterinsights_sitenote_active":false,"_monsterinsights_sitenote_note":"","_monsterinsights_sitenote_category":0},"product_brand":[],"product_cat":[12388,13555],"product_tag":[],"class_list":{"0":"post-738528","1":"product","2":"type-product","3":"status-publish","5":"product_cat-felsefe","6":"product_cat-genel-felsefe","7":"pa_cilt-ciltsiz","8":"pa_tur-kitap","9":"pa_yayinevi-butik-yayinlari","10":"pa_yazar-jordan-b-peterson","12":"first","13":"instock","14":"sale","15":"shipping-taxable","16":"purchasable","17":"product-type-simple"},"_links":{"self":[{"href":"https:\/\/roveyayinevi.com.tr\/index.php\/wp-json\/wp\/v2\/product\/738528","targetHints":{"allow":["GET"]}}],"collection":[{"href":"https:\/\/roveyayinevi.com.tr\/index.php\/wp-json\/wp\/v2\/product"}],"about":[{"href":"https:\/\/roveyayinevi.com.tr\/index.php\/wp-json\/wp\/v2\/types\/product"}],"wp:attachment":[{"href":"https:\/\/roveyayinevi.com.tr\/index.php\/wp-json\/wp\/v2\/media?parent=738528"}],"wp:term":[{"taxonomy":"product_brand","embeddable":true,"href":"https:\/\/roveyayinevi.com.tr\/index.php\/wp-json\/wp\/v2\/product_brand?post=738528"},{"taxonomy":"product_cat","embeddable":true,"href":"https:\/\/roveyayinevi.com.tr\/index.php\/wp-json\/wp\/v2\/product_cat?post=738528"},{"taxonomy":"product_tag","embeddable":true,"href":"https:\/\/roveyayinevi.com.tr\/index.php\/wp-json\/wp\/v2\/product_tag?post=738528"}],"curies":[{"name":"wp","href":"https:\/\/api.w.org\/{rel}","templated":true}]}}