{"id":738523,"date":"2025-08-27T23:51:39","date_gmt":"2025-08-27T20:51:39","guid":{"rendered":"https:\/\/roveyayinevi.com.tr\/index.php\/urun\/ergenlik-ve-otesi\/"},"modified":"2026-04-16T02:48:44","modified_gmt":"2026-04-15T23:48:44","slug":"ergenlik-ve-otesi","status":"publish","type":"product","link":"https:\/\/roveyayinevi.com.tr\/index.php\/urun\/ergenlik-ve-otesi\/","title":{"rendered":"Ergenlik ve \u00d6tesi"},"content":{"rendered":"<p>Arada kalm\u0131\u015fl\u0131kt\u0131r ergenlik. Ne \u00e7ocuk ne yeti\u015fkindir insan. \u00c7ocukluktan \u00e7\u0131k\u0131p yeti\u015fkinli\u011fin k\u0131y\u0131s\u0131na ula\u015fm\u0131\u015ft\u0131r ama ne o yeti\u015fkinlik kap\u0131s\u0131ndan t\u00fcm varl\u0131\u011f\u0131yla girebilir ne de \u00e7ocuklu\u011fun izlerini tam olarak geride b\u0131rakabilir. \u0130\u015fte tam da bu sebeple zaman zaman sorunlar ba\u015f g\u00f6sterir.   T\u00fcrkiye\u2019de psikanalizin kurumsalla\u015fmas\u0131n\u0131 sa\u011flayan psikanalist Talat Parman y\u0131llara yay\u0131lan deneyimini, ak\u0131c\u0131 diliyle harmanlayarak ergenlerin ya\u015fad\u0131\u011f\u0131 sorunlara e\u011filmekle kalm\u0131yor, ergenli\u011fin \u00f6tesine ge\u00e7ip oradan sesleniyor okura.  B\u00f6ylece hem \u00e7evresindeki ergenleri anlamak isteyenlere hem de kendi yeti\u015fkinli\u011findeki meselelerin \u00e7\u00f6z\u00fcm\u00fcn\u00fc ergenli\u011finde bulmaya \u00e7al\u0131\u015fanlara ola\u011fan\u00fcst\u00fc bir kaynak sunuyor. <\/p>\n","protected":false},"excerpt":{"rendered":"<p>Arada kalm\u0131\u015fl\u0131kt\u0131r ergenlik. Ne \u00e7ocuk ne yeti\u015fkindir insan. \u00c7ocukluktan \u00e7\u0131k\u0131p yeti\u015fkinli\u011fin k\u0131y\u0131s\u0131na ula\u015fm\u0131\u015ft\u0131r ama ne o yeti\u015fkinlik kap\u0131s\u0131ndan t\u00fcm varl\u0131\u011f\u0131yla girebilir ne de \u00e7ocuklu\u011fun izlerini tam<span class=\"excerpt-hellip\"> [\u2026]<\/span><\/p>\n","protected":false},"featured_media":0,"template":"","meta":{"_monsterinsights_skip_tracking":false,"_monsterinsights_sitenote_active":false,"_monsterinsights_sitenote_note":"","_monsterinsights_sitenote_category":0},"product_brand":[],"product_cat":[12573,12566],"product_tag":[],"class_list":{"0":"post-738523","1":"product","2":"type-product","3":"status-publish","5":"product_cat-akademik-kitaplar","6":"product_cat-egitim","7":"pa_cilt-ciltsiz","8":"pa_tur-kitap","9":"pa_yayinevi-yapi-kredi-yayinlari","10":"pa_yazar-talat-parman","12":"first","13":"instock","14":"sale","15":"shipping-taxable","16":"purchasable","17":"product-type-simple"},"_links":{"self":[{"href":"https:\/\/roveyayinevi.com.tr\/index.php\/wp-json\/wp\/v2\/product\/738523","targetHints":{"allow":["GET"]}}],"collection":[{"href":"https:\/\/roveyayinevi.com.tr\/index.php\/wp-json\/wp\/v2\/product"}],"about":[{"href":"https:\/\/roveyayinevi.com.tr\/index.php\/wp-json\/wp\/v2\/types\/product"}],"wp:attachment":[{"href":"https:\/\/roveyayinevi.com.tr\/index.php\/wp-json\/wp\/v2\/media?parent=738523"}],"wp:term":[{"taxonomy":"product_brand","embeddable":true,"href":"https:\/\/roveyayinevi.com.tr\/index.php\/wp-json\/wp\/v2\/product_brand?post=738523"},{"taxonomy":"product_cat","embeddable":true,"href":"https:\/\/roveyayinevi.com.tr\/index.php\/wp-json\/wp\/v2\/product_cat?post=738523"},{"taxonomy":"product_tag","embeddable":true,"href":"https:\/\/roveyayinevi.com.tr\/index.php\/wp-json\/wp\/v2\/product_tag?post=738523"}],"curies":[{"name":"wp","href":"https:\/\/api.w.org\/{rel}","templated":true}]}}