{"id":738522,"date":"2025-08-27T23:51:38","date_gmt":"2025-08-27T20:51:38","guid":{"rendered":"https:\/\/roveyayinevi.com.tr\/index.php\/urun\/memento-istanbul-hristoff-aile-arsivi-hristoff-family-archive\/"},"modified":"2026-04-16T02:48:44","modified_gmt":"2026-04-15T23:48:44","slug":"memento-istanbul-hristoff-aile-arsivi-hristoff-family-archive","status":"publish","type":"product","link":"https:\/\/roveyayinevi.com.tr\/index.php\/urun\/memento-istanbul-hristoff-aile-arsivi-hristoff-family-archive\/","title":{"rendered":"Memento \u0130stanbul &#8211; Hristoff Aile Ar\u015fivi- Hristoff Family Archive"},"content":{"rendered":"<p>Biriktirdi\u011fimiz ve k\u0131ymet verdi\u011fimiz objeler, zevk ve ilgi alanlar\u0131m\u0131z\u0131, tarihimizi ve var olu\u015fumuzu belirlerken; aile miras\u0131m\u0131z\u0131n ve hik\u00e2yelerimizin anlat\u0131lmas\u0131na da arac\u0131l\u0131k ederler. Maddi ve manevi olarak bizler i\u00e7in de\u011ferli olan bu hat\u0131ralar, ayn\u0131 zamanda \u201cburada\u201d oldu\u011fumuzun da kan\u0131tlar\u0131d\u0131r.   Temelini \u00fc\u00e7 nesil sanat\u00e7\u0131 bir ailenin y\u0131llar i\u00e7inde biriktirdi\u011fi foto\u011fraflar, resimler, ki\u015fisel e\u015fyalar ve objelerden alan Memento \u0130stanbul: Hristoff Aile Ar\u015fivi sergisi, bir ailenin oldu\u011fu kadar bir \u015fehrin de tarihine \u0131\u015f\u0131k tutuyor.   K\u00fcrat\u00f6rl\u00fc\u011f\u00fcn\u00fc Peter Hristoff, Elif Erdo\u011fan, Ye\u015fim Demir Pr\u00f6hl\u2019\u00fcn \u00fcstlendi\u011fi sergide Hristoff Aile Ar\u015fivi\u2019nden derlenen objelere Pera M\u00fczesi, Rahmi Ko\u00e7 M\u00fczesi, Yap\u0131 Kredi, Nur ve Sel\u00e7uk Altun, \u00d6mer M. Ko\u00e7, Emel ve B\u00fclent Korman ile Ay\u015feg\u00fcl ve \u00d6mer \u00d6zy\u00fcrek koleksiyonlar\u0131ndan al\u0131nan resimler e\u015flik ediyor. Ailenin erken Cumhuriyet y\u0131llar\u0131 sanat ortam\u0131yla ba\u011flar\u0131n\u0131n anlat\u0131ld\u0131\u011f\u0131 b\u00f6l\u00fcmde Aliye Berger, Ali Sami Boyar, \u0130brahim \u00c7all\u0131, Hayri \u00c7izel, Bedri Rahmi Ey\u00fcbo\u011flu, Zeki Faik \u0130zer, Zeki Kocamemi ve \u015eerif Renkg\u00f6r\u00fcr\u2019\u00fcn eserleri de yer al\u0131yor.   31 Mart \u2013 7 A\u011fustos 2022 tarihleri aras\u0131nda Yap\u0131 Kredi K\u00fclt\u00fcr Sanat\u2019\u0131n Galatasaray\u2019daki binas\u0131n\u0131n 2. ve 3. katlar\u0131nda ziyaret edilebilecek olan serginin ilk kat\u0131nda ar\u015fiv malzemeleri e\u015fli\u011finde Hristoff ailesinin hik\u00e2yesi ve dostlar\u0131 olan sanat\u00e7\u0131lar\u0131n eserleri bulunuyor. Serginin ikinci kat\u0131nda ise Peter Hristoff\u2019un \u0130stanbul\u2019dan ilham alarak \u00fcretti\u011fi i\u015fler yer al\u0131yor.   Memento \u0130stanbul: Hristoff Aile Ar\u015fivi, Raffles \u0130stanbul, Can Carpet, Jotun ve New York School of Visual Arts deste\u011fiyle haz\u0131rland\u0131.   Hristoff Aile Ar\u015fivi   Hristoff Aile Ar\u015fivi\u2019nin temelleri 1923 y\u0131l\u0131nda Bulgaristan\u2019dan \u0130stanbul\u2019a gelen Peter Dimiter Hristoff\u2019un 1920-30\u2019lu y\u0131llar\u0131n \u0130stanbul\u2019unu belgeleyen foto\u011fraflar\u0131yla at\u0131ld\u0131. Cumhuriyet\u2019in ilk y\u0131llar\u0131n\u0131n sanat ortam\u0131n\u0131n tam merkezinde yer alan Peter Dimiter\u2019in ba\u015flatt\u0131\u011f\u0131 bu \u201cbiriktirme\u201d, o\u011flu Dimiter ve torunu Peter taraf\u0131ndan da devam ettirildi. Ar\u015fivde yer alan kartpostal, resim, efemera ve foto\u011fraflar bir ailenin k\u00f6klerini sald\u0131\u011f\u0131 \u015fehirle olan nostalji ve duygusall\u0131kla harmanlanm\u0131\u015f hik\u00e2yesini anlat\u0131yor. Fertleri ressam olan ama ayn\u0131 zamanda bask\u0131lar da yapan Hristoff ailesinin bulu\u015ftuklar\u0131 ortak nokta hep \u0130stanbul olmu\u015f. Ailenin \u00fc\u00e7 ku\u015fak sanat\u00e7\u0131s\u0131, eserlerini \u0130stanbul\u2019un tarihinden, k\u00fclt\u00fcr\u00fcnden ve insan\u0131ndan etkilenerek \u00fcretmi\u015flerdir. Sergi Etkinlikleri ve Katalo\u011fu Sergi s\u00fcresince Yap\u0131 Kredi K\u00fclt\u00fcr Sanat\u2019\u0131n Galatasaray\u2019daki merkezinde ve sosyal medya platformlar\u0131nda konu\u015fmalar, s\u00f6yle\u015filer, at\u00f6lyeler, dinletiler, performanslar ile \u015fehir turlar\u0131n\u0131 da kapsayan etkinlikler d\u00fczenlenecek.  Sergi i\u00e7in ayr\u0131ca Yap\u0131 Kredi Yay\u0131nlar\u0131 taraf\u0131ndan T\u00fcrk\u00e7e-\u0130ngilizce bir katalog haz\u0131rland\u0131. <\/p>\n","protected":false},"excerpt":{"rendered":"<p>Biriktirdi\u011fimiz ve k\u0131ymet verdi\u011fimiz objeler, zevk ve ilgi alanlar\u0131m\u0131z\u0131, tarihimizi ve var olu\u015fumuzu belirlerken; aile miras\u0131m\u0131z\u0131n ve hik\u00e2yelerimizin anlat\u0131lmas\u0131na da arac\u0131l\u0131k ederler. Maddi ve manevi olarak<span class=\"excerpt-hellip\"> [\u2026]<\/span><\/p>\n","protected":false},"featured_media":0,"template":"","meta":{"_monsterinsights_skip_tracking":false,"_monsterinsights_sitenote_active":false,"_monsterinsights_sitenote_note":"","_monsterinsights_sitenote_category":0},"product_brand":[],"product_cat":[13054,20153],"product_tag":[],"class_list":{"0":"post-738522","1":"product","2":"type-product","3":"status-publish","5":"product_cat-gezi-ve-rehber-kitaplari","6":"product_cat-istanbul-rehberi","7":"pa_cilt-ciltsiz","8":"pa_tur-kitap","9":"pa_yayinevi-yapi-kredi-yayinlari-kultur","10":"pa_yazar-peter-hristoff","12":"first","13":"instock","14":"sale","15":"shipping-taxable","16":"purchasable","17":"product-type-simple"},"_links":{"self":[{"href":"https:\/\/roveyayinevi.com.tr\/index.php\/wp-json\/wp\/v2\/product\/738522","targetHints":{"allow":["GET"]}}],"collection":[{"href":"https:\/\/roveyayinevi.com.tr\/index.php\/wp-json\/wp\/v2\/product"}],"about":[{"href":"https:\/\/roveyayinevi.com.tr\/index.php\/wp-json\/wp\/v2\/types\/product"}],"wp:attachment":[{"href":"https:\/\/roveyayinevi.com.tr\/index.php\/wp-json\/wp\/v2\/media?parent=738522"}],"wp:term":[{"taxonomy":"product_brand","embeddable":true,"href":"https:\/\/roveyayinevi.com.tr\/index.php\/wp-json\/wp\/v2\/product_brand?post=738522"},{"taxonomy":"product_cat","embeddable":true,"href":"https:\/\/roveyayinevi.com.tr\/index.php\/wp-json\/wp\/v2\/product_cat?post=738522"},{"taxonomy":"product_tag","embeddable":true,"href":"https:\/\/roveyayinevi.com.tr\/index.php\/wp-json\/wp\/v2\/product_tag?post=738522"}],"curies":[{"name":"wp","href":"https:\/\/api.w.org\/{rel}","templated":true}]}}