{"id":738520,"date":"2025-08-27T23:51:36","date_gmt":"2025-08-27T20:51:36","guid":{"rendered":"https:\/\/roveyayinevi.com.tr\/index.php\/urun\/bu-saka-calisir-mi\/"},"modified":"2026-04-16T02:48:44","modified_gmt":"2026-04-15T23:48:44","slug":"bu-saka-calisir-mi","status":"publish","type":"product","link":"https:\/\/roveyayinevi.com.tr\/index.php\/urun\/bu-saka-calisir-mi\/","title":{"rendered":"Bu \u015eaka \u00c7al\u0131\u015f\u0131r M\u0131?"},"content":{"rendered":"<p>T\u00fcm d\u00fcnyada izlenme rekorlar\u0131 k\u0131ran, sitcom deyince akla ilk gelen ve g\u00fcn\u00fcm\u00fczde bile h\u00e2l\u00e2 mizaha y\u00f6n veren dizi Seinfeld\u2019in yarat\u0131c\u0131s\u0131 ve sahne tozu yutmaktan usanmam\u0131\u015f komedi efsanesi Jerry Seinfeld, ilk kitab\u0131 Bu \u015eaka \u00c7al\u0131\u015f\u0131r m\u0131? ile sizi k\u0131rk be\u015f y\u0131ll\u0131k yolculu\u011funa ortak ediyor! 1970\u2019li y\u0131llardan ba\u015flayarak, t\u0131f\u0131l bir \u00fcniversiteliyken ad\u0131m att\u0131\u011f\u0131 stand-up kariyeri boyunca akl\u0131na gelen b\u00fct\u00fcn fikirleri bir kenara yazan Seinfeld, k\u00f6r\u00fckl\u00fc dosyas\u0131nda saklad\u0131\u011f\u0131 \u015fakalar\u0131n\u0131 payla\u015f\u0131yor. Her sayfas\u0131nda birbiri ard\u0131na zekice s\u0131ralanm\u0131\u015f g\u00f6zlemler, abs\u00fcrt an\u0131lar, bolca komiklikle s\u00fcslenmi\u015f ki\u015fisel deneyimleri i\u00e7eren bu kitapla hem bir komedyenin evrimine \u015fahit olacak hem komedi yazma sanat\u0131na dair yeni bir anlay\u0131\u015f kazanacak hem de kahkahalarla g\u00fcleceksiniz.   \u201c\u0130nan\u0131lmaz bir kitap bu\u2026 Alabilece\u011finiz en iyi \u015faka kitab\u0131 filan.\u201d \u2014Jimmy Fallon   \u201cSeinfeld dizisi hi\u00e7bir \u015fey hakk\u0131ndayd\u0131. Jerry Seinfeld\u2019in otuz y\u0131l\u0131n ard\u0131ndan \u00e7\u0131kard\u0131\u011f\u0131 ilk kitab\u0131 olan Bu \u015eaka \u00c7al\u0131\u015f\u0131r m\u0131? ise her \u015fey hakk\u0131nda\u2026 Onun usta bir komedyene nas\u0131l d\u00f6n\u00fc\u015ft\u00fc\u011f\u00fcne sayfa sayfa tan\u0131kl\u0131k ediyor, d\u00fcnyay\u0131 komik buldu\u011fu \u015feyler \u00fczerinden y\u0131l y\u0131l deneyimliyoruz\u2026 Bu \u015eaka \u00c7al\u0131\u015f\u0131r m\u0131? gelmi\u015f ge\u00e7mi\u015f en komik zihinlerden birinin meyvelerini \u00f6n\u00fcn\u00fcze seriyor.\u201d \u2014Washington Post   Seinfeld hayranlar\u0131 bu kitab\u0131 bir oturu\u015fta bitirecek, gelece\u011fin komedyenleri ise onun ustal\u0131kl\u0131 komedisini nas\u0131l olu\u015fturdu\u011funu incelemek isteyecekler.\u201d \u2014Kirkus Reviews   \u201cAcayip derecede komik ve bir insan\u0131n \u00f6nemsiz g\u00f6z\u00fcken \u015feyler hakk\u0131nda bu denli derin \u00e7\u0131kar\u0131mlar yaparak bir \u00f6m\u00fcr ge\u00e7irebilece\u011fini g\u00f6stermesi a\u00e7\u0131s\u0131ndan olduk\u00e7a etkileyici bir kitap&#8230; Daha \u00f6nce hi\u00e7 b\u00f6yle bir \u015fey g\u00f6rmemi\u015ftim.\u201d \u2014Paul Leslie Hour <\/p>\n","protected":false},"excerpt":{"rendered":"<p>T\u00fcm d\u00fcnyada izlenme rekorlar\u0131 k\u0131ran, sitcom deyince akla ilk gelen ve g\u00fcn\u00fcm\u00fczde bile h\u00e2l\u00e2 mizaha y\u00f6n veren dizi Seinfeld\u2019in yarat\u0131c\u0131s\u0131 ve sahne tozu yutmaktan usanmam\u0131\u015f komedi<span class=\"excerpt-hellip\"> [\u2026]<\/span><\/p>\n","protected":false},"featured_media":0,"template":"","meta":{"_monsterinsights_skip_tracking":false,"_monsterinsights_sitenote_active":false,"_monsterinsights_sitenote_note":"","_monsterinsights_sitenote_category":0},"product_brand":[],"product_cat":[13701,12291],"product_tag":[],"class_list":{"0":"post-738520","1":"product","2":"type-product","3":"status-publish","5":"product_cat-ani-mektup-gunluk","6":"product_cat-edebiyat","7":"pa_cilt-ciltsiz","8":"pa_tur-kitap","9":"pa_yayinevi-okuyan-us-yayin","10":"pa_yazar-jerry-seinfeld","12":"first","13":"instock","14":"sale","15":"shipping-taxable","16":"purchasable","17":"product-type-simple"},"_links":{"self":[{"href":"https:\/\/roveyayinevi.com.tr\/index.php\/wp-json\/wp\/v2\/product\/738520","targetHints":{"allow":["GET"]}}],"collection":[{"href":"https:\/\/roveyayinevi.com.tr\/index.php\/wp-json\/wp\/v2\/product"}],"about":[{"href":"https:\/\/roveyayinevi.com.tr\/index.php\/wp-json\/wp\/v2\/types\/product"}],"wp:attachment":[{"href":"https:\/\/roveyayinevi.com.tr\/index.php\/wp-json\/wp\/v2\/media?parent=738520"}],"wp:term":[{"taxonomy":"product_brand","embeddable":true,"href":"https:\/\/roveyayinevi.com.tr\/index.php\/wp-json\/wp\/v2\/product_brand?post=738520"},{"taxonomy":"product_cat","embeddable":true,"href":"https:\/\/roveyayinevi.com.tr\/index.php\/wp-json\/wp\/v2\/product_cat?post=738520"},{"taxonomy":"product_tag","embeddable":true,"href":"https:\/\/roveyayinevi.com.tr\/index.php\/wp-json\/wp\/v2\/product_tag?post=738520"}],"curies":[{"name":"wp","href":"https:\/\/api.w.org\/{rel}","templated":true}]}}