{"id":738518,"date":"2025-08-27T23:51:34","date_gmt":"2025-08-27T20:51:34","guid":{"rendered":"https:\/\/roveyayinevi.com.tr\/index.php\/urun\/virus-uc-aylik-kultur-sanat-ve-edebiyat-ortak-kitabi-sayi-11-nisan-mayis-haziran-2022\/"},"modified":"2026-04-16T02:48:44","modified_gmt":"2026-04-15T23:48:44","slug":"virus-uc-aylik-kultur-sanat-ve-edebiyat-ortak-kitabi-sayi-11-nisan-mayis-haziran-2022","status":"publish","type":"product","link":"https:\/\/roveyayinevi.com.tr\/index.php\/urun\/virus-uc-aylik-kultur-sanat-ve-edebiyat-ortak-kitabi-sayi-11-nisan-mayis-haziran-2022\/","title":{"rendered":"Vir\u00fcs &#8211; \u00dc\u00e7 Ayl\u0131k K\u00fclt\u00fcr, Sanat ve Edebiyat Ortak Kitab\u0131 Say\u0131- 11 (Nisan \u2013 May\u0131s \u2013 Haziran 2022)"},"content":{"rendered":"<p>V\u0130R\u00dcS\u2019\u00fcn ilk on say\u0131s\u0131n\u0131 ilgiyle kar\u015f\u0131layan, sesimize ses veren herkese te\u015fekk\u00fcr ediyoruz\u2026 \u201cV\u0130R\u00dcS\u201d\u00fcn 11. say\u0131s\u0131 a\u015fa\u011f\u0131daki dostlar\u0131m\u0131zla birlikte elinizde\u2026              \u0130brahim \u00c7all\u0131, \u0130smail Mert Ba\u015fat, Do\u011fan H\u0131zlan, Ahmet Telli, Mahmut Temizy\u00fcrek, Cemil Kavuk\u00e7u, Ali Cengizkan, G\u00fcnd\u00fcz Vassaf, Carlos Drummond de Andrade, Cevat \u00c7apan, Ay\u015fe Nihal Akbulut, Emirhan O\u011fuz, H\u00fcseyin Ferhad,  Haydar Erg\u00fclen, A. \u00d6mer T\u00fcrke\u015f, Akif Kurtulu\u015f, \u0130nci Aral, Neslihan \u00d6ndero\u011flu, Malcolm Lowry, Sinan Fi\u015fek, Horacio Quiroga, Tozan Alkan, \u00d6zge Cengiz, \u015eeref Bilsel, Cengiz K\u0131l\u00e7er, Makbule Aras Eyvazi, Tamer G\u00fclbek, U\u011fur B\u00fcke, William Saroyan, Nil\u00fcfer \u0130lkaya, Alphonse de Lamartine,  Kenan Sar\u0131alio\u011flu, Didem Kardeg\u00fcl, Deniz Tu\u011f\u00e7\u00f6zen, Yi\u011fit Bener, Duygu Kankayts\u0131n, Semiramis Ya\u011fc\u0131o\u011flu, Ali Hikmet Eren, Jeffrey Kahrs, Merve Emirbuyuran, \u0130layda Tekk\u00fcpeli, Mete \u00d6zel, S\u00fcleyman Pa\u015fazade Sami Bey, Mehmet Kanar, Miren Agur Meabe, Aykar S\u00f6nmez,  \u00dcmit Y\u0131ld\u0131r\u0131m, Nil\u00fcfer Altunkaya, Berivan Kaya, Tatyana Stoyanova, Engin Yavuz, Soner Demirba\u015f, Ozan \u00d6ztepe, Lenar \u015eaeh, Levent Karata\u015f, Semiha Durak, Bircan \u00c7elik, \u0130lay Bilgili, Toprak \u015eems Tezcan, Mehmet Kaz\u0131m, Zerrin Saral, Sad\u0131k T\u00fcrksava\u015f, Nesimi Aday, Fuat Eren, Mehmet G\u00fcreli, Sercan Meri\u00e7, Semih \u00c7elenk, Tamer Levent, Richard Whelan<\/p>\n","protected":false},"excerpt":{"rendered":"<p>V\u0130R\u00dcS\u2019\u00fcn ilk on say\u0131s\u0131n\u0131 ilgiyle kar\u015f\u0131layan, sesimize ses veren herkese te\u015fekk\u00fcr ediyoruz\u2026 \u201cV\u0130R\u00dcS\u201d\u00fcn 11. say\u0131s\u0131 a\u015fa\u011f\u0131daki dostlar\u0131m\u0131zla birlikte elinizde\u2026 \u0130brahim \u00c7all\u0131, \u0130smail Mert Ba\u015fat, Do\u011fan H\u0131zlan,<span class=\"excerpt-hellip\"> [\u2026]<\/span><\/p>\n","protected":false},"featured_media":0,"template":"","meta":{"_monsterinsights_skip_tracking":false,"_monsterinsights_sitenote_active":false,"_monsterinsights_sitenote_note":"","_monsterinsights_sitenote_category":0},"product_brand":[],"product_cat":[30023,13527],"product_tag":[],"class_list":{"0":"post-738518","1":"product","2":"type-product","3":"status-publish","5":"product_cat-edebiyat-sureli-yayinlar","6":"product_cat-sureli-yayinlar","7":"pa_cilt-ciltsiz","8":"pa_tur-dergi","9":"pa_yayinevi-virus-dergisi","10":"pa_yazar-islik-yayinlari-kolektif","12":"first","13":"instock","14":"sale","15":"shipping-taxable","16":"purchasable","17":"product-type-simple"},"_links":{"self":[{"href":"https:\/\/roveyayinevi.com.tr\/index.php\/wp-json\/wp\/v2\/product\/738518","targetHints":{"allow":["GET"]}}],"collection":[{"href":"https:\/\/roveyayinevi.com.tr\/index.php\/wp-json\/wp\/v2\/product"}],"about":[{"href":"https:\/\/roveyayinevi.com.tr\/index.php\/wp-json\/wp\/v2\/types\/product"}],"wp:attachment":[{"href":"https:\/\/roveyayinevi.com.tr\/index.php\/wp-json\/wp\/v2\/media?parent=738518"}],"wp:term":[{"taxonomy":"product_brand","embeddable":true,"href":"https:\/\/roveyayinevi.com.tr\/index.php\/wp-json\/wp\/v2\/product_brand?post=738518"},{"taxonomy":"product_cat","embeddable":true,"href":"https:\/\/roveyayinevi.com.tr\/index.php\/wp-json\/wp\/v2\/product_cat?post=738518"},{"taxonomy":"product_tag","embeddable":true,"href":"https:\/\/roveyayinevi.com.tr\/index.php\/wp-json\/wp\/v2\/product_tag?post=738518"}],"curies":[{"name":"wp","href":"https:\/\/api.w.org\/{rel}","templated":true}]}}