{"id":738517,"date":"2025-08-27T23:51:33","date_gmt":"2025-08-27T20:51:33","guid":{"rendered":"https:\/\/roveyayinevi.com.tr\/index.php\/urun\/kutlu-kanatlar-altinda\/"},"modified":"2026-04-16T02:48:44","modified_gmt":"2026-04-15T23:48:44","slug":"kutlu-kanatlar-altinda","status":"publish","type":"product","link":"https:\/\/roveyayinevi.com.tr\/index.php\/urun\/kutlu-kanatlar-altinda\/","title":{"rendered":"Kutlu Kanatlar Alt\u0131nda"},"content":{"rendered":"<p>\u201cKat\u0131ks\u0131z sevgiden ba\u015fka hissetti\u011fin her duygu seni sonunda d\u00fc\u015fman\u0131na benzetir.\u201d   D\u00fcnya i\u015fgale u\u011fram\u0131\u015f, t\u00fcm ufuklar dipsiz bir karanl\u0131\u011fa g\u00f6m\u00fclm\u00fc\u015ft\u00fcr. \u0130lkel normlar, k\u00fcfl\u00fc dogmalar ve kanl\u0131 k\u00fclt\u00fcrel duvarlar yerle bir olmu\u015ftur. Bu d\u00fc\u015f\u00fcnsel depremin sonras\u0131nda nas\u0131l bir d\u00fcnyan\u0131n in\u015fa edilece\u011fi ise insanl\u0131\u011f\u0131n son tercihine ba\u011fl\u0131d\u0131r. Gelecek nesiller ya hep birlikte yok olacak ya da ayn\u0131 \u00e7at\u0131 alt\u0131nda bir olmay\u0131 se\u00e7erek yuvada ye\u015feren ya\u015famda var olacakt\u0131r.   D\u00f6ng\u00fc \u00dc\u00e7lemesi\u2019nin ikinci kitab\u0131 Kutlu Kanatlar Alt\u0131nda ayd\u0131nl\u0131k g\u00fcnlere varabilmek i\u00e7in \u00f6denmesi gereken bedellerin ve birli\u011fe varmadan \u00f6nce katedilmesi gereken yollar\u0131n destans\u0131 bir a\u011f\u0131t\u0131&#8230; <\/p>\n","protected":false},"excerpt":{"rendered":"<p>\u201cKat\u0131ks\u0131z sevgiden ba\u015fka hissetti\u011fin her duygu seni sonunda d\u00fc\u015fman\u0131na benzetir.\u201d D\u00fcnya i\u015fgale u\u011fram\u0131\u015f, t\u00fcm ufuklar dipsiz bir karanl\u0131\u011fa g\u00f6m\u00fclm\u00fc\u015ft\u00fcr. \u0130lkel normlar, k\u00fcfl\u00fc dogmalar ve kanl\u0131 k\u00fclt\u00fcrel<span class=\"excerpt-hellip\"> [\u2026]<\/span><\/p>\n","protected":false},"featured_media":0,"template":"","meta":{"_monsterinsights_skip_tracking":false,"_monsterinsights_sitenote_active":false,"_monsterinsights_sitenote_note":"","_monsterinsights_sitenote_category":0},"product_brand":[],"product_cat":[12291,12711],"product_tag":[],"class_list":{"0":"post-738517","1":"product","2":"type-product","3":"status-publish","5":"product_cat-edebiyat","6":"product_cat-roman-oyku","7":"pa_cilt-ciltsiz","8":"pa_tur-kitap","9":"pa_yayinevi-bilgi-yayinevi","10":"pa_yazar-kemal-sinan-ozmen","12":"first","13":"instock","14":"sale","15":"shipping-taxable","16":"purchasable","17":"product-type-simple"},"_links":{"self":[{"href":"https:\/\/roveyayinevi.com.tr\/index.php\/wp-json\/wp\/v2\/product\/738517","targetHints":{"allow":["GET"]}}],"collection":[{"href":"https:\/\/roveyayinevi.com.tr\/index.php\/wp-json\/wp\/v2\/product"}],"about":[{"href":"https:\/\/roveyayinevi.com.tr\/index.php\/wp-json\/wp\/v2\/types\/product"}],"wp:attachment":[{"href":"https:\/\/roveyayinevi.com.tr\/index.php\/wp-json\/wp\/v2\/media?parent=738517"}],"wp:term":[{"taxonomy":"product_brand","embeddable":true,"href":"https:\/\/roveyayinevi.com.tr\/index.php\/wp-json\/wp\/v2\/product_brand?post=738517"},{"taxonomy":"product_cat","embeddable":true,"href":"https:\/\/roveyayinevi.com.tr\/index.php\/wp-json\/wp\/v2\/product_cat?post=738517"},{"taxonomy":"product_tag","embeddable":true,"href":"https:\/\/roveyayinevi.com.tr\/index.php\/wp-json\/wp\/v2\/product_tag?post=738517"}],"curies":[{"name":"wp","href":"https:\/\/api.w.org\/{rel}","templated":true}]}}