{"id":738516,"date":"2025-08-27T23:51:31","date_gmt":"2025-08-27T20:51:31","guid":{"rendered":"https:\/\/roveyayinevi.com.tr\/index.php\/urun\/erik-vogler-ve-misty-abbey-kalesi-laneti\/"},"modified":"2026-04-16T02:48:44","modified_gmt":"2026-04-15T23:48:44","slug":"erik-vogler-ve-misty-abbey-kalesi-laneti","status":"publish","type":"product","link":"https:\/\/roveyayinevi.com.tr\/index.php\/urun\/erik-vogler-ve-misty-abbey-kalesi-laneti\/","title":{"rendered":"Erik Vogler ve Misty Abbey Kalesi Laneti"},"content":{"rendered":"<p>DEDEKT\u0130FL\u0130K ROMANLARI \u0130LE PARANORMAL EDEB\u0130YATIN BEKLENMED\u0130K B\u0130RLE\u015e\u0130M\u0130 Erik Vogler, babas\u0131ndan ve b\u00fcy\u00fckannesinden uzakta birka\u00e7 g\u00fcn tatil yapaca\u011f\u0131n\u0131 zannediyordu. Ancak amcas\u0131 Leonard&#8217;\u0131n beklenmedik \u00f6l\u00fcm\u00fc, onu Louth Leydisi Brianna&#8217;n\u0131n korkun\u00e7 lanetinin sakl\u0131 oldu\u011fu gizemli bir \u0130rlanda kalesine g\u00f6t\u00fcrecekti. Albert Zimmer ile birlikte ba\u015flar\u0131na gelen her \u015fey, Misty Abbey Kalesi\u2019nin mahzeninde \u00f6l\u00fcmle burun buruna geleceklerinin g\u00f6stergesiydi. \u0130lgin\u00e7 ana karakteri ile yazar Beatriz Os\u00e9s, son y\u0131llar\u0131n en \u00f6zg\u00fcn polisiye serilerinden birine imza at\u0131yor. Erik Vogler serisi 3. Kitapla devam ediyor. Her c\u00fcmlesi \u015fa\u015f\u0131rt\u0131c\u0131 ve \u015fok edici. Erik Vogler serisinin bu kitab\u0131nda da gerilim sarmal\u0131 ve saf heyecan sizi daha ilk b\u00f6l\u00fcmden ele ge\u00e7iriyor.<\/p>\n","protected":false},"excerpt":{"rendered":"<p>DEDEKT\u0130FL\u0130K ROMANLARI \u0130LE PARANORMAL EDEB\u0130YATIN BEKLENMED\u0130K B\u0130RLE\u015e\u0130M\u0130 Erik Vogler, babas\u0131ndan ve b\u00fcy\u00fckannesinden uzakta birka\u00e7 g\u00fcn tatil yapaca\u011f\u0131n\u0131 zannediyordu. Ancak amcas\u0131 Leonard&#8217;\u0131n beklenmedik \u00f6l\u00fcm\u00fc, onu Louth Leydisi<span class=\"excerpt-hellip\"> [\u2026]<\/span><\/p>\n","protected":false},"featured_media":0,"template":"","meta":{"_monsterinsights_skip_tracking":false,"_monsterinsights_sitenote_active":false,"_monsterinsights_sitenote_note":"","_monsterinsights_sitenote_category":0},"product_brand":[],"product_cat":[12291,12711],"product_tag":[],"class_list":{"0":"post-738516","1":"product","2":"type-product","3":"status-publish","5":"product_cat-edebiyat","6":"product_cat-roman-oyku","7":"pa_cilt-ciltsiz","8":"pa_tur-kitap","9":"pa_yayinevi-bilgi-yayinevi","10":"pa_yazar-beatriz-oses","12":"first","13":"instock","14":"sale","15":"shipping-taxable","16":"purchasable","17":"product-type-simple"},"_links":{"self":[{"href":"https:\/\/roveyayinevi.com.tr\/index.php\/wp-json\/wp\/v2\/product\/738516","targetHints":{"allow":["GET"]}}],"collection":[{"href":"https:\/\/roveyayinevi.com.tr\/index.php\/wp-json\/wp\/v2\/product"}],"about":[{"href":"https:\/\/roveyayinevi.com.tr\/index.php\/wp-json\/wp\/v2\/types\/product"}],"wp:attachment":[{"href":"https:\/\/roveyayinevi.com.tr\/index.php\/wp-json\/wp\/v2\/media?parent=738516"}],"wp:term":[{"taxonomy":"product_brand","embeddable":true,"href":"https:\/\/roveyayinevi.com.tr\/index.php\/wp-json\/wp\/v2\/product_brand?post=738516"},{"taxonomy":"product_cat","embeddable":true,"href":"https:\/\/roveyayinevi.com.tr\/index.php\/wp-json\/wp\/v2\/product_cat?post=738516"},{"taxonomy":"product_tag","embeddable":true,"href":"https:\/\/roveyayinevi.com.tr\/index.php\/wp-json\/wp\/v2\/product_tag?post=738516"}],"curies":[{"name":"wp","href":"https:\/\/api.w.org\/{rel}","templated":true}]}}