{"id":738515,"date":"2025-08-27T23:51:30","date_gmt":"2025-08-27T20:51:30","guid":{"rendered":"https:\/\/roveyayinevi.com.tr\/index.php\/urun\/deniz-feneri-8\/"},"modified":"2026-04-08T02:56:47","modified_gmt":"2026-04-07T23:56:47","slug":"deniz-feneri-8","status":"publish","type":"product","link":"https:\/\/roveyayinevi.com.tr\/index.php\/urun\/deniz-feneri-8\/","title":{"rendered":"Deniz Feneri"},"content":{"rendered":"<p>Hepsi buydu, basit bir soru; y\u0131llar ge\u00e7tik\u00e7e insana giderek daha da yakla\u015fabilen bir soru. Virginia Woolf\u2019tan \u00f6l\u00fcm\u00fcn, uzun s\u00fcren bir yas\u0131n ve bo\u015flu\u011fun s\u00f6zc\u00fcklerle in\u015fas\u0131\u2026 Woolf\u2019un bilin\u00e7 ak\u0131\u015f\u0131 tekni\u011fini ustal\u0131kla kulland\u0131\u011f\u0131 ba\u015fyap\u0131tlar\u0131ndan biri olan Deniz Feneri\u2019nde onun kendi hayat\u0131na da \u0131\u015f\u0131k tutan fenerle birlikte okuyucu da derin dehlizlere dal\u0131yor. Ramsay ailesinin yazl\u0131klar\u0131nda on y\u0131l aral\u0131klarla ge\u00e7irdikleri iki g\u00fcn\u00fcn anlat\u0131ld\u0131\u011f\u0131 bu eserde Woolf, incelikle i\u015fledi\u011fi her karakterin ge\u00e7mi\u015fi ve gelece\u011fi aras\u0131nda muazzam ba\u011flar kurarak okura ilerlemesi i\u00e7in t\u00fcneller a\u00e7\u0131yor. \u00c7a\u011f\u0131n\u0131n \u00f6tesinde bir yazar olan Woolf h\u00e2l\u00e2 bizlerle konu\u015fuyor ve fenerinin \u0131\u015f\u0131\u011f\u0131 ayd\u0131nlatmaya devam ediyor. Deniz Feneri\u2019ni, \u00e7evirmeni Cahit Kaya\u2019n\u0131n kapsaml\u0131 \u00f6ns\u00f6z\u00fcyle sunuyoruz.<\/p>\n","protected":false},"excerpt":{"rendered":"<p>Hepsi buydu, basit bir soru; y\u0131llar ge\u00e7tik\u00e7e insana giderek daha da yakla\u015fabilen bir soru. Virginia Woolf\u2019tan \u00f6l\u00fcm\u00fcn, uzun s\u00fcren bir yas\u0131n ve bo\u015flu\u011fun s\u00f6zc\u00fcklerle in\u015fas\u0131\u2026 Woolf\u2019un<span class=\"excerpt-hellip\"> [\u2026]<\/span><\/p>\n","protected":false},"featured_media":0,"template":"","meta":{"_monsterinsights_skip_tracking":false,"_monsterinsights_sitenote_active":false,"_monsterinsights_sitenote_note":"","_monsterinsights_sitenote_category":0},"product_brand":[],"product_cat":[12291,12711],"product_tag":[],"class_list":{"0":"post-738515","1":"product","2":"type-product","3":"status-publish","5":"product_cat-edebiyat","6":"product_cat-roman-oyku","7":"pa_cilt-ciltsiz","8":"pa_tur-kitap","9":"pa_yayinevi-bilgi-yayinevi","10":"pa_yazar-virginia-woolf","12":"first","13":"instock","14":"sale","15":"shipping-taxable","16":"purchasable","17":"product-type-simple"},"_links":{"self":[{"href":"https:\/\/roveyayinevi.com.tr\/index.php\/wp-json\/wp\/v2\/product\/738515","targetHints":{"allow":["GET"]}}],"collection":[{"href":"https:\/\/roveyayinevi.com.tr\/index.php\/wp-json\/wp\/v2\/product"}],"about":[{"href":"https:\/\/roveyayinevi.com.tr\/index.php\/wp-json\/wp\/v2\/types\/product"}],"wp:attachment":[{"href":"https:\/\/roveyayinevi.com.tr\/index.php\/wp-json\/wp\/v2\/media?parent=738515"}],"wp:term":[{"taxonomy":"product_brand","embeddable":true,"href":"https:\/\/roveyayinevi.com.tr\/index.php\/wp-json\/wp\/v2\/product_brand?post=738515"},{"taxonomy":"product_cat","embeddable":true,"href":"https:\/\/roveyayinevi.com.tr\/index.php\/wp-json\/wp\/v2\/product_cat?post=738515"},{"taxonomy":"product_tag","embeddable":true,"href":"https:\/\/roveyayinevi.com.tr\/index.php\/wp-json\/wp\/v2\/product_tag?post=738515"}],"curies":[{"name":"wp","href":"https:\/\/api.w.org\/{rel}","templated":true}]}}