{"id":738508,"date":"2025-08-27T23:51:23","date_gmt":"2025-08-27T20:51:23","guid":{"rendered":"https:\/\/roveyayinevi.com.tr\/index.php\/urun\/garbiyatcilik\/"},"modified":"2026-04-16T02:48:43","modified_gmt":"2026-04-15T23:48:43","slug":"garbiyatcilik","status":"publish","type":"product","link":"https:\/\/roveyayinevi.com.tr\/index.php\/urun\/garbiyatcilik\/","title":{"rendered":"Garbiyat\u00e7\u0131l\u0131k"},"content":{"rendered":"<p>Buruma ve Margalit, Edward Said&#8217;in \u015earkiyat\u00e7\u0131l\u0131k&#8217;\u0131ndan 25 y\u0131l sonra yay\u0131mlanan Garbiyat\u00e7\u0131l\u0131k ba\u015fl\u0131kl\u0131 incelemelerinde, El Kaide gibi ter\u00f6rist hareketlerin \u00e7\u0131k\u0131\u015f noktas\u0131n\u0131 olu\u015fturan belli ba\u015fl\u0131 Bat\u0131l\u0131la\u015fma kar\u015f\u0131t\u0131 inan\u0131\u015flar\u0131n tarih\u00e7e ve saiklerine \u0131\u015f\u0131k tutuyorlar. Bat\u0131&#8217;n\u0131n, g\u00fcnahkarl\u0131\u011f\u0131n be\u015fi\u011fi olu\u015fu, t\u00fcccarlar\u0131 fedakar kahramanlara tercih edi\u015fi, maddecili\u011fiyle, kar\u015f\u0131tlar\u0131 taraf\u0131ndan yok edilmesi gereken bir \u015fer ekseni olarak tan\u0131mlan\u0131\u015f\u0131n\u0131n izini Alman Romantik Hareketi, Ayd\u0131nlanma, Avrupa Romantizmi, Manicilik&#8217;e kadar s\u00fcren yazarlar, modernite ve d\u00fc\u015fmanlar\u0131 aras\u0131ndaki sava\u015f\u0131n d\u00fc\u015f\u00fcnsel bir okumas\u0131n\u0131 sunarak yeni bir tart\u0131\u015fma zemini a\u00e7\u0131yor.<\/p>\n","protected":false},"excerpt":{"rendered":"<p>Buruma ve Margalit, Edward Said&#8217;in \u015earkiyat\u00e7\u0131l\u0131k&#8217;\u0131ndan 25 y\u0131l sonra yay\u0131mlanan Garbiyat\u00e7\u0131l\u0131k ba\u015fl\u0131kl\u0131 incelemelerinde, El Kaide gibi ter\u00f6rist hareketlerin \u00e7\u0131k\u0131\u015f noktas\u0131n\u0131 olu\u015fturan belli ba\u015fl\u0131 Bat\u0131l\u0131la\u015fma kar\u015f\u0131t\u0131 inan\u0131\u015flar\u0131n<span class=\"excerpt-hellip\"> [\u2026]<\/span><\/p>\n","protected":false},"featured_media":0,"template":"","meta":{"_monsterinsights_skip_tracking":false,"_monsterinsights_sitenote_active":false,"_monsterinsights_sitenote_note":"","_monsterinsights_sitenote_category":0},"product_brand":[],"product_cat":[12325,12324],"product_tag":[],"class_list":{"0":"post-738508","1":"product","2":"type-product","3":"status-publish","5":"product_cat-diger-sosyoloji","6":"product_cat-sosyoloji","7":"pa_cilt-ciltsiz","8":"pa_tur-kitap","9":"pa_yayinevi-yapi-kredi-yayinlari","10":"pa_yazar-avishai-margalit","12":"first","13":"instock","14":"sale","15":"shipping-taxable","16":"purchasable","17":"product-type-simple"},"_links":{"self":[{"href":"https:\/\/roveyayinevi.com.tr\/index.php\/wp-json\/wp\/v2\/product\/738508","targetHints":{"allow":["GET"]}}],"collection":[{"href":"https:\/\/roveyayinevi.com.tr\/index.php\/wp-json\/wp\/v2\/product"}],"about":[{"href":"https:\/\/roveyayinevi.com.tr\/index.php\/wp-json\/wp\/v2\/types\/product"}],"wp:attachment":[{"href":"https:\/\/roveyayinevi.com.tr\/index.php\/wp-json\/wp\/v2\/media?parent=738508"}],"wp:term":[{"taxonomy":"product_brand","embeddable":true,"href":"https:\/\/roveyayinevi.com.tr\/index.php\/wp-json\/wp\/v2\/product_brand?post=738508"},{"taxonomy":"product_cat","embeddable":true,"href":"https:\/\/roveyayinevi.com.tr\/index.php\/wp-json\/wp\/v2\/product_cat?post=738508"},{"taxonomy":"product_tag","embeddable":true,"href":"https:\/\/roveyayinevi.com.tr\/index.php\/wp-json\/wp\/v2\/product_tag?post=738508"}],"curies":[{"name":"wp","href":"https:\/\/api.w.org\/{rel}","templated":true}]}}