{"id":738507,"date":"2025-08-27T23:51:22","date_gmt":"2025-08-27T20:51:22","guid":{"rendered":"https:\/\/roveyayinevi.com.tr\/index.php\/urun\/abdullahin-ablasi\/"},"modified":"2026-04-16T02:48:43","modified_gmt":"2026-04-15T23:48:43","slug":"abdullahin-ablasi","status":"publish","type":"product","link":"https:\/\/roveyayinevi.com.tr\/index.php\/urun\/abdullahin-ablasi\/","title":{"rendered":"Abdullah\u2019\u0131n Ablas\u0131"},"content":{"rendered":"<p>Abdullah yedi ya\u015f\u0131nda bir a\u015f\u0131k. Kitab\u0131n ad\u0131ndan da anla\u015f\u0131ld\u0131\u011f\u0131 gibi, kendinden ya\u015f\u00e7a b\u00fcy\u00fck birine. Ve bu imkans\u0131zl\u0131\u011f\u0131n t\u00fcm ac\u0131s\u0131n\u0131 ya\u015f\u0131yor i\u00e7inde. Oysa aranan ve g\u00f6r\u00fclmeyen, belki de yan\u0131 ba\u015f\u0131nda.<\/p>\n","protected":false},"excerpt":{"rendered":"<p>Abdullah yedi ya\u015f\u0131nda bir a\u015f\u0131k. Kitab\u0131n ad\u0131ndan da anla\u015f\u0131ld\u0131\u011f\u0131 gibi, kendinden ya\u015f\u00e7a b\u00fcy\u00fck birine. Ve bu imkans\u0131zl\u0131\u011f\u0131n t\u00fcm ac\u0131s\u0131n\u0131 ya\u015f\u0131yor i\u00e7inde. Oysa aranan ve g\u00f6r\u00fclmeyen, belki<span class=\"excerpt-hellip\"> [\u2026]<\/span><\/p>\n","protected":false},"featured_media":0,"template":"","meta":{"_monsterinsights_skip_tracking":false,"_monsterinsights_sitenote_active":false,"_monsterinsights_sitenote_note":"","_monsterinsights_sitenote_category":0},"product_brand":[],"product_cat":[12291,12509],"product_tag":[],"class_list":{"0":"post-738507","1":"product","2":"type-product","3":"status-publish","5":"product_cat-edebiyat","6":"product_cat-siir","7":"pa_cilt-ciltsiz","8":"pa_tur-kitap","9":"pa_yayinevi-yapi-kredi-yayinlari","10":"pa_yazar-siir-erkok-yilmaz","12":"first","13":"instock","14":"sale","15":"shipping-taxable","16":"purchasable","17":"product-type-simple"},"_links":{"self":[{"href":"https:\/\/roveyayinevi.com.tr\/index.php\/wp-json\/wp\/v2\/product\/738507","targetHints":{"allow":["GET"]}}],"collection":[{"href":"https:\/\/roveyayinevi.com.tr\/index.php\/wp-json\/wp\/v2\/product"}],"about":[{"href":"https:\/\/roveyayinevi.com.tr\/index.php\/wp-json\/wp\/v2\/types\/product"}],"wp:attachment":[{"href":"https:\/\/roveyayinevi.com.tr\/index.php\/wp-json\/wp\/v2\/media?parent=738507"}],"wp:term":[{"taxonomy":"product_brand","embeddable":true,"href":"https:\/\/roveyayinevi.com.tr\/index.php\/wp-json\/wp\/v2\/product_brand?post=738507"},{"taxonomy":"product_cat","embeddable":true,"href":"https:\/\/roveyayinevi.com.tr\/index.php\/wp-json\/wp\/v2\/product_cat?post=738507"},{"taxonomy":"product_tag","embeddable":true,"href":"https:\/\/roveyayinevi.com.tr\/index.php\/wp-json\/wp\/v2\/product_tag?post=738507"}],"curies":[{"name":"wp","href":"https:\/\/api.w.org\/{rel}","templated":true}]}}