{"id":738505,"date":"2025-08-27T23:51:20","date_gmt":"2025-08-27T20:51:20","guid":{"rendered":"https:\/\/roveyayinevi.com.tr\/index.php\/urun\/disi-aslanin-itirafi\/"},"modified":"2026-04-11T02:56:37","modified_gmt":"2026-04-10T23:56:37","slug":"disi-aslanin-itirafi","status":"publish","type":"product","link":"https:\/\/roveyayinevi.com.tr\/index.php\/urun\/disi-aslanin-itirafi\/","title":{"rendered":"Di\u015fi Aslan\u0131n \u0130tiraf\u0131"},"content":{"rendered":"<p>Afrika\u2019n\u0131n kad\u0131nlar\u0131 ve onlar\u0131 \u00e7evreleyen karanl\u0131k d\u00fcnya hakk\u0131nda h\u00fcz\u00fcnl\u00fc ve destans\u0131 bir \u00f6yk\u00fc.   Karde\u015fi bir aslan sald\u0131r\u0131s\u0131nda \u00f6len Mariamar\u2019\u0131n hayat\u0131, aslanlar\u0131 yakalamas\u0131 i\u00e7in g\u00f6revlendirilen gizemli avc\u0131n\u0131n k\u00f6ye gelmesiyle iyice alt\u00fcst olacakt\u0131r. Hem Mariamar\u2019\u0131n hem de avc\u0131n\u0131n ge\u00e7mi\u015finde karanl\u0131k s\u0131rlar yatmaktad\u0131r. Kulumani k\u00f6y\u00fc art\u0131k g\u00fcvenli bir yer de\u011fildir ve aslanlar da s\u0131radan hayvanlara benzememektedir. Oradaki en b\u00fcy\u00fck tehdit ormandaki vah\u015fi hayvanlar de\u011fildir. Afrika edebiyat\u0131n\u0131n b\u00fcy\u00fck yazar\u0131 Mia Couto\u2019nun b\u00fcy\u00fcl\u00fc ger\u00e7ek\u00e7ilik ak\u0131m\u0131n\u0131n \u00f6nemli eserlerinden biri olarak kabul edilen roman\u0131 Di\u015fi Aslan\u0131n \u0130tiraf\u0131, modern d\u00fcnya ile geleneksel d\u00fcnya aras\u0131ndaki s\u0131n\u0131rlarda bizi ke\u015ffe \u00e7\u0131kar\u0131rken bask\u0131 alt\u0131ndaki kad\u0131nlar\u0131n isyan\u0131na da ses veriyor   \u201cAslanlar kendi hikayelerini yazana kadar avc\u0131lar her daim av hikayelerinin kahraman\u0131 olacaklar\u0131d\u0131r.\u201d <\/p>\n","protected":false},"excerpt":{"rendered":"<p>Afrika\u2019n\u0131n kad\u0131nlar\u0131 ve onlar\u0131 \u00e7evreleyen karanl\u0131k d\u00fcnya hakk\u0131nda h\u00fcz\u00fcnl\u00fc ve destans\u0131 bir \u00f6yk\u00fc. Karde\u015fi bir aslan sald\u0131r\u0131s\u0131nda \u00f6len Mariamar\u2019\u0131n hayat\u0131, aslanlar\u0131 yakalamas\u0131 i\u00e7in g\u00f6revlendirilen gizemli avc\u0131n\u0131n<span class=\"excerpt-hellip\"> [\u2026]<\/span><\/p>\n","protected":false},"featured_media":0,"template":"","meta":{"_monsterinsights_skip_tracking":false,"_monsterinsights_sitenote_active":false,"_monsterinsights_sitenote_note":"","_monsterinsights_sitenote_category":0},"product_brand":[],"product_cat":[12291,12711],"product_tag":[],"class_list":{"0":"post-738505","1":"product","2":"type-product","3":"status-publish","5":"product_cat-edebiyat","6":"product_cat-roman-oyku","7":"pa_cilt-ciltsiz","8":"pa_tur-kitap","9":"pa_yayinevi-cinar-yayinlari","10":"pa_yazar-mia-couto","12":"first","13":"instock","14":"sale","15":"shipping-taxable","16":"purchasable","17":"product-type-simple"},"_links":{"self":[{"href":"https:\/\/roveyayinevi.com.tr\/index.php\/wp-json\/wp\/v2\/product\/738505","targetHints":{"allow":["GET"]}}],"collection":[{"href":"https:\/\/roveyayinevi.com.tr\/index.php\/wp-json\/wp\/v2\/product"}],"about":[{"href":"https:\/\/roveyayinevi.com.tr\/index.php\/wp-json\/wp\/v2\/types\/product"}],"wp:attachment":[{"href":"https:\/\/roveyayinevi.com.tr\/index.php\/wp-json\/wp\/v2\/media?parent=738505"}],"wp:term":[{"taxonomy":"product_brand","embeddable":true,"href":"https:\/\/roveyayinevi.com.tr\/index.php\/wp-json\/wp\/v2\/product_brand?post=738505"},{"taxonomy":"product_cat","embeddable":true,"href":"https:\/\/roveyayinevi.com.tr\/index.php\/wp-json\/wp\/v2\/product_cat?post=738505"},{"taxonomy":"product_tag","embeddable":true,"href":"https:\/\/roveyayinevi.com.tr\/index.php\/wp-json\/wp\/v2\/product_tag?post=738505"}],"curies":[{"name":"wp","href":"https:\/\/api.w.org\/{rel}","templated":true}]}}