{"id":738504,"date":"2025-08-27T23:51:19","date_gmt":"2025-08-27T20:51:19","guid":{"rendered":"https:\/\/roveyayinevi.com.tr\/index.php\/urun\/cik-disariya-oynayalim-doga-pedagojisine-dogru-bir-ogrenme-yolculugu\/"},"modified":"2026-04-16T02:48:43","modified_gmt":"2026-04-15T23:48:43","slug":"cik-disariya-oynayalim-doga-pedagojisine-dogru-bir-ogrenme-yolculugu","status":"publish","type":"product","link":"https:\/\/roveyayinevi.com.tr\/index.php\/urun\/cik-disariya-oynayalim-doga-pedagojisine-dogru-bir-ogrenme-yolculugu\/","title":{"rendered":"\u00c7\u0131k D\u0131\u015far\u0131ya Oynayal\u0131m- Do\u011fa Pedagojisine Do\u011fru Bir \u00d6\u011frenme Yolculu\u011fu"},"content":{"rendered":"<p>\u201c\u00c7ocuklar, onlara rehber olan yeti\u015fkinler ve \u00e7evremiz, hepimiz birbirinden beslenen ve yenilenen do\u011fan\u0131n kendisiyiz.\u201d-Gaye Amus \u25cf Orman anaokulu nedir?\u25cf S\u0131n\u0131f d\u0131\u015f\u0131 e\u011fitim ne demek?\u25cf Do\u011fa pedagojisi nedir?\u25cf Kendimizi orman\u0131n g\u00fcvenli kollar\u0131na nas\u0131l b\u0131rakabiliriz?\u25cf Do\u011fada oyun esnas\u0131nda cesaret verici, \u00e7evreye de \u00f6zen g\u00f6steren c\u00fcmleleri nas\u0131l kullan\u0131r\u0131z?\u25cf K\u00f6t\u00fc hava diye bir \u015fey var m\u0131? D\u0131\u015far\u0131 \u00e7\u0131kmaya haz\u0131r m\u0131s\u0131n\u0131z? Bu kitab\u0131 okuduktan sonra s\u0131n\u0131rlar\u0131n\u0131z\u0131 okul binalar\u0131n\u0131n \u00e7ok ilerisine ta\u015f\u0131mak isteyeceksiniz. \u00c7\u00fcnk\u00fc Gaye Amus y\u0131llara yay\u0131lan deneyimini kendi hik\u00e2yesinin d\u00f6n\u00fcm noktalar\u0131yla birle\u015ftirerek okul\u00f6ncesi s\u0131n\u0131f d\u0131\u015f\u0131 e\u011fitim maceras\u0131n\u0131 anlat\u0131yor. \u00dclkemizde Do\u011fada \u00d6\u011freniyorum\u2019un kurucusu olarak da tan\u0131d\u0131\u011f\u0131m\u0131z Amus, a\u00e7\u0131k havada olman\u0131n \u00e7ocuklara ve hatta yeti\u015fkinlere getirdi\u011fi bak\u0131\u015f a\u00e7\u0131lar\u0131n\u0131 anlat\u0131rken, kuzey \u00fclkelerinde \u00f6\u011frendiklerini de kitap arac\u0131l\u0131\u011f\u0131yla payla\u015f\u0131yor. E\u011fitmenler ya da ebeveynler olarak \u00e7ocu\u011fun do\u011fal ritmine, onun ihtiya\u00e7lar\u0131na ve ilgilerine dayal\u0131 bir ak\u0131\u015fa dahil olmak istiyorsan\u0131z haydi, \u00c7\u0131k D\u0131\u015far\u0131ya Oynayal\u0131m!<\/p>\n","protected":false},"excerpt":{"rendered":"<p>\u201c\u00c7ocuklar, onlara rehber olan yeti\u015fkinler ve \u00e7evremiz, hepimiz birbirinden beslenen ve yenilenen do\u011fan\u0131n kendisiyiz.\u201d-Gaye Amus \u25cf Orman anaokulu nedir?\u25cf S\u0131n\u0131f d\u0131\u015f\u0131 e\u011fitim ne demek?\u25cf Do\u011fa pedagojisi<span class=\"excerpt-hellip\"> [\u2026]<\/span><\/p>\n","protected":false},"featured_media":0,"template":"","meta":{"_monsterinsights_skip_tracking":false,"_monsterinsights_sitenote_active":false,"_monsterinsights_sitenote_note":"","_monsterinsights_sitenote_category":0},"product_brand":[],"product_cat":[12573,12566],"product_tag":[],"class_list":{"0":"post-738504","1":"product","2":"type-product","3":"status-publish","5":"product_cat-akademik-kitaplar","6":"product_cat-egitim","7":"pa_cilt-ciltsiz","8":"pa_tur-kitap","9":"pa_yayinevi-epsilon-yayinlari","10":"pa_yazar-gaye-amus","12":"first","13":"instock","14":"sale","15":"shipping-taxable","16":"purchasable","17":"product-type-simple"},"_links":{"self":[{"href":"https:\/\/roveyayinevi.com.tr\/index.php\/wp-json\/wp\/v2\/product\/738504","targetHints":{"allow":["GET"]}}],"collection":[{"href":"https:\/\/roveyayinevi.com.tr\/index.php\/wp-json\/wp\/v2\/product"}],"about":[{"href":"https:\/\/roveyayinevi.com.tr\/index.php\/wp-json\/wp\/v2\/types\/product"}],"wp:attachment":[{"href":"https:\/\/roveyayinevi.com.tr\/index.php\/wp-json\/wp\/v2\/media?parent=738504"}],"wp:term":[{"taxonomy":"product_brand","embeddable":true,"href":"https:\/\/roveyayinevi.com.tr\/index.php\/wp-json\/wp\/v2\/product_brand?post=738504"},{"taxonomy":"product_cat","embeddable":true,"href":"https:\/\/roveyayinevi.com.tr\/index.php\/wp-json\/wp\/v2\/product_cat?post=738504"},{"taxonomy":"product_tag","embeddable":true,"href":"https:\/\/roveyayinevi.com.tr\/index.php\/wp-json\/wp\/v2\/product_tag?post=738504"}],"curies":[{"name":"wp","href":"https:\/\/api.w.org\/{rel}","templated":true}]}}