{"id":738501,"date":"2025-08-27T23:51:15","date_gmt":"2025-08-27T20:51:15","guid":{"rendered":"https:\/\/roveyayinevi.com.tr\/index.php\/urun\/konusan-kadinlar\/"},"modified":"2026-04-16T02:48:43","modified_gmt":"2026-04-15T23:48:43","slug":"konusan-kadinlar","status":"publish","type":"product","link":"https:\/\/roveyayinevi.com.tr\/index.php\/urun\/konusan-kadinlar\/","title":{"rendered":"Konu\u015fan Kad\u0131nlar"},"content":{"rendered":"<p>&#8220;Ya\u015fanm\u0131\u015f bir olaydan al\u0131nan ilhamla yaz\u0131lan, hem b\u00fcy\u00fcleyen hem h\u00fcz\u00fcnlendiren hem de okurunu \u015foke eden bir roman!&#8221; \u2013 Margaret Atwood   2005 ve 2009 seneleri aras\u0131nda, Bolivya\u2019da \u00fccra bir Mennonit kolonisi olan Manitoba&#8217;da pek \u00e7ok k\u0131z \u00e7ocu\u011fuyla kad\u0131n sabahlar\u0131 uyu\u015fukluk hissi ve ac\u0131yla uyan\u0131yordu. Bedenleri \u00e7\u00fcr\u00fck ve yara i\u00e7indeydi; geceleri sald\u0131r\u0131ya u\u011fruyorlard\u0131. \u00d6nceleri sald\u0131r\u0131lar hayaletlere ve iblislere dayand\u0131r\u0131ld\u0131. Koloninin baz\u0131 \u00fcyeleri, kad\u0131nlar\u0131n g\u00fcnahlar\u0131 y\u00fcz\u00fcnden Tanr\u0131 ya da \u015eeytan taraf\u0131ndan cezaland\u0131r\u0131ld\u0131\u011f\u0131na inan\u0131yordu; \u00e7o\u011fu, kad\u0131nlar\u0131 dikkat \u00e7ekmek ya da yapt\u0131klar\u0131 zinalar\u0131n \u00fcst\u00fcn\u00fc \u00f6rtmek i\u00e7in yalan s\u00f6ylemekle su\u00e7lad\u0131, baz\u0131lar\u0131ysa her \u015feyin di\u015filerin vah\u015fi hayal g\u00fcc\u00fcn\u00fcn bir \u00fcr\u00fcn\u00fc oldu\u011funu d\u00fc\u015f\u00fcnd\u00fc.   Nihayetinde kolonideki sekiz erke\u011fin kurbanlar\u0131n\u0131 hayvanlarda kullan\u0131lan bir uyu\u015fturucu ila\u00e7la bay\u0131ltarak onlara tecav\u00fcz etti\u011fi ortaya \u00e7\u0131kt\u0131. 2011\u2019de bu adamlar, Bolivya mahkemeleri taraf\u0131ndan uzun s\u00fcreli hapis cezas\u0131na \u00e7arpt\u0131r\u0131ld\u0131. 2013\u2019te su\u00e7lular h\u00e2l\u00e2 hapisteyken benzer sald\u0131r\u0131lar\u0131n ve cinsel istismarlar\u0131n devam etti\u011fi bildirildi.   Konu\u015fan Kad\u0131nlar, hem bu ger\u00e7eklere kurgu yoluyla bir tepki hem de \u201cdi\u015fi hayal g\u00fcc\u00fcn\u00fcn\u201d bir \u00fcr\u00fcn\u00fcd\u00fcr.     \u201cYarat\u0131c\u0131l\u0131k, Toews\u2019in \u00e7ana\u011f\u0131nda g\u00f6zya\u015flar\u0131 ve kahkahalarla kar\u0131\u015ft\u0131r\u0131larak ya\u015fam\u0131n \u00f6z\u00fc gibi g\u00f6r\u00fcnen sihirli bir iksir h\u00e2line getirilir.\u201d \u2013Ron Charles, The Washington Post<\/p>\n","protected":false},"excerpt":{"rendered":"<p>&#8220;Ya\u015fanm\u0131\u015f bir olaydan al\u0131nan ilhamla yaz\u0131lan, hem b\u00fcy\u00fcleyen hem h\u00fcz\u00fcnlendiren hem de okurunu \u015foke eden bir roman!&#8221; \u2013 Margaret Atwood 2005 ve 2009 seneleri aras\u0131nda, Bolivya\u2019da<span class=\"excerpt-hellip\"> [\u2026]<\/span><\/p>\n","protected":false},"featured_media":0,"template":"","meta":{"_monsterinsights_skip_tracking":false,"_monsterinsights_sitenote_active":false,"_monsterinsights_sitenote_note":"","_monsterinsights_sitenote_category":0},"product_brand":[],"product_cat":[12291,12711],"product_tag":[],"class_list":{"0":"post-738501","1":"product","2":"type-product","3":"status-publish","5":"product_cat-edebiyat","6":"product_cat-roman-oyku","7":"pa_cilt-ciltsiz","8":"pa_tur-kitap","9":"pa_yayinevi-kafka-yayinevi","10":"pa_yazar-miriam-toews","12":"first","13":"instock","14":"sale","15":"shipping-taxable","16":"purchasable","17":"product-type-simple"},"_links":{"self":[{"href":"https:\/\/roveyayinevi.com.tr\/index.php\/wp-json\/wp\/v2\/product\/738501","targetHints":{"allow":["GET"]}}],"collection":[{"href":"https:\/\/roveyayinevi.com.tr\/index.php\/wp-json\/wp\/v2\/product"}],"about":[{"href":"https:\/\/roveyayinevi.com.tr\/index.php\/wp-json\/wp\/v2\/types\/product"}],"wp:attachment":[{"href":"https:\/\/roveyayinevi.com.tr\/index.php\/wp-json\/wp\/v2\/media?parent=738501"}],"wp:term":[{"taxonomy":"product_brand","embeddable":true,"href":"https:\/\/roveyayinevi.com.tr\/index.php\/wp-json\/wp\/v2\/product_brand?post=738501"},{"taxonomy":"product_cat","embeddable":true,"href":"https:\/\/roveyayinevi.com.tr\/index.php\/wp-json\/wp\/v2\/product_cat?post=738501"},{"taxonomy":"product_tag","embeddable":true,"href":"https:\/\/roveyayinevi.com.tr\/index.php\/wp-json\/wp\/v2\/product_tag?post=738501"}],"curies":[{"name":"wp","href":"https:\/\/api.w.org\/{rel}","templated":true}]}}