{"id":738500,"date":"2025-08-27T23:51:14","date_gmt":"2025-08-27T20:51:14","guid":{"rendered":"https:\/\/roveyayinevi.com.tr\/index.php\/urun\/ben-bu-problemleri-catir-catir-cozerim\/"},"modified":"2026-04-16T02:48:43","modified_gmt":"2026-04-15T23:48:43","slug":"ben-bu-problemleri-catir-catir-cozerim","status":"publish","type":"product","link":"https:\/\/roveyayinevi.com.tr\/index.php\/urun\/ben-bu-problemleri-catir-catir-cozerim\/","title":{"rendered":"Ben Bu Problemleri \u00c7at\u0131r \u00c7at\u0131r \u00c7\u00f6zerim"},"content":{"rendered":"<p>Problem deyip ge\u00e7meyin sak\u0131n!Nam\u0131 ta Uzakdo\u011fu&#8217;ya kadar ula\u015farak \u00c7incede ve Korecede yay\u0131mlanan Bir Matematik Hik\u00e2yesi kitab\u0131n\u0131n yarat\u0131c\u0131s\u0131 S\u00fcmeyra G\u00fczel, \u015fimdi de zihinlerde \u015fim\u015fekler \u00e7akt\u0131ran problemlerin pe\u015fine d\u00fc\u015f\u00fcyor.Ben Bu Problemleri \u00c7at\u0131r \u00c7at\u0131r \u00c7\u00f6zerim ile okurlar\u0131n\u0131 s\u00f6zc\u00fcklerin ard\u0131na saklanm\u0131\u015f say\u0131lar\u0131n gizemini ke\u015ffe \u00e7\u0131karan yazar; kaleme ald\u0131\u011f\u0131 k\u0131sa \u00f6yk\u00fclerin aras\u0131na \u201citinayla\u201d yerle\u015ftirdi\u011fi problemler yoluyla, matemati\u011fin g\u00fcnl\u00fck hayat\u0131m\u0131zdaki yerine de vurgu yap\u0131yor.Problem \u00e7\u00f6zerken izlenmesi gereken a\u015famalar\u0131n nas\u0131l uygulanaca\u011f\u0131n\u0131 ufak ipu\u00e7lar\u0131 e\u015fli\u011finde g\u00f6steren kitap, mizahtan beslenen e\u011flenceli \u00fcslubuyla bu alanda haz\u0131rlanm\u0131\u015f t\u00fcm k\u0131lavuz eserlerden ayr\u0131\u015f\u0131yor.Okudu\u011funuz problemler uzad\u0131k\u00e7a say\u0131lar \u00fcst\u00fcn\u00fcze \u00fcst\u00fcn\u00fcze mi geliyor? \u00c7\u00f6zd\u00fc\u011f\u00fcn\u00fcz problemlerin sonucu hep yanl\u0131\u015f m\u0131 \u00e7\u0131k\u0131yor?Belki de sorun sizde de\u011fil, izledi\u011finiz yoldad\u0131r&#8230;Problemlere dair i\u00e7inizde b\u00fcy\u00fctt\u00fc\u011f\u00fcn\u00fcz t\u00fcm endi\u015fe ve \u00f6nyarg\u0131lar\u0131 bir kenara b\u0131rak\u0131n; \u00e7\u00fcnk\u00fc art\u0131k, kar\u015f\u0131n\u0131za \u00e7\u0131kan t\u00fcm problemleri \u00c7ATIR \u00c7ATIR \u00e7\u00f6zmenize yard\u0131mc\u0131 olacak bir ba\u015fucu kitab\u0131n\u0131z var!Ben Bu Problemleri \u00c7at\u0131r \u00c7at\u0131r \u00c7\u00f6zerim sayesinde problemleri \u00e7ok daha iyi kavrayacak, problemlerin i\u00e7inde yer alan k\u00fc\u00e7\u00fck ipu\u00e7lar\u0131n\u0131 \u00e7\u00f6z\u00fcm a\u015famas\u0131nda kullanmay\u0131 \u00f6\u011frenecek, analitik d\u00fc\u015f\u00fcnmenin ve sonu\u00e7 odakl\u0131 \u00e7al\u0131\u015fman\u0131n inceliklerini ke\u015ffedeceksiniz. \u00dcst\u00fcne bir de, okul ya\u015fam\u0131na ayna tutan g\u00fclmece \u00f6yk\u00fcler okuman\u0131n keyfine varacaks\u0131n\u0131z!S\u00fcmeyra G\u00fczel, matemati\u011fin korkulacak bir ders olmad\u0131\u011f\u0131n\u0131 g\u00f6stermek i\u00e7in \u00e7\u0131kt\u0131\u011f\u0131 ser\u00fcvende yine elini ta\u015f\u0131n alt\u0131na koyuyor ve \u00e7ocuklar\u0131n problemler kar\u015f\u0131s\u0131nda \u00f6zg\u00fcvenli bir yakla\u015f\u0131m sergileyebilmeleri i\u00e7in \u00e7ok k\u0131ymetli bilgiler payla\u015f\u0131yor. <\/p>\n","protected":false},"excerpt":{"rendered":"<p>Problem deyip ge\u00e7meyin sak\u0131n!Nam\u0131 ta Uzakdo\u011fu&#8217;ya kadar ula\u015farak \u00c7incede ve Korecede yay\u0131mlanan Bir Matematik Hik\u00e2yesi kitab\u0131n\u0131n yarat\u0131c\u0131s\u0131 S\u00fcmeyra G\u00fczel, \u015fimdi de zihinlerde \u015fim\u015fekler \u00e7akt\u0131ran problemlerin pe\u015fine<span class=\"excerpt-hellip\"> [\u2026]<\/span><\/p>\n","protected":false},"featured_media":0,"template":"","meta":{"_monsterinsights_skip_tracking":false,"_monsterinsights_sitenote_active":false,"_monsterinsights_sitenote_note":"","_monsterinsights_sitenote_category":0},"product_brand":[],"product_cat":[12274,15842],"product_tag":[],"class_list":{"0":"post-738500","1":"product","2":"type-product","3":"status-publish","5":"product_cat-cocuk-ve-genclik-kitaplari","6":"product_cat-egitici-kitaplar","7":"pa_cilt-ciltsiz","8":"pa_tur-kitap","9":"pa_yayinevi-tudem-yayinlari","10":"pa_yazar-sumeyra-guzel","12":"first","13":"instock","14":"sale","15":"shipping-taxable","16":"purchasable","17":"product-type-simple"},"_links":{"self":[{"href":"https:\/\/roveyayinevi.com.tr\/index.php\/wp-json\/wp\/v2\/product\/738500","targetHints":{"allow":["GET"]}}],"collection":[{"href":"https:\/\/roveyayinevi.com.tr\/index.php\/wp-json\/wp\/v2\/product"}],"about":[{"href":"https:\/\/roveyayinevi.com.tr\/index.php\/wp-json\/wp\/v2\/types\/product"}],"wp:attachment":[{"href":"https:\/\/roveyayinevi.com.tr\/index.php\/wp-json\/wp\/v2\/media?parent=738500"}],"wp:term":[{"taxonomy":"product_brand","embeddable":true,"href":"https:\/\/roveyayinevi.com.tr\/index.php\/wp-json\/wp\/v2\/product_brand?post=738500"},{"taxonomy":"product_cat","embeddable":true,"href":"https:\/\/roveyayinevi.com.tr\/index.php\/wp-json\/wp\/v2\/product_cat?post=738500"},{"taxonomy":"product_tag","embeddable":true,"href":"https:\/\/roveyayinevi.com.tr\/index.php\/wp-json\/wp\/v2\/product_tag?post=738500"}],"curies":[{"name":"wp","href":"https:\/\/api.w.org\/{rel}","templated":true}]}}