{"id":738498,"date":"2025-08-27T23:51:12","date_gmt":"2025-08-27T20:51:12","guid":{"rendered":"https:\/\/roveyayinevi.com.tr\/index.php\/urun\/cocugunuzun-uyku-sorunlari\/"},"modified":"2026-04-16T02:48:43","modified_gmt":"2026-04-15T23:48:43","slug":"cocugunuzun-uyku-sorunlari","status":"publish","type":"product","link":"https:\/\/roveyayinevi.com.tr\/index.php\/urun\/cocugunuzun-uyku-sorunlari\/","title":{"rendered":"\u00c7ocu\u011funuzun Uyku Sorunlar\u0131"},"content":{"rendered":"<p>\u00c7OCU\u011eUNUZUN UYKU SORUNLARI \u2022 \u00c7ocu\u011funuz uyumakta zorlan\u0131yor mu? \u2022 Yaln\u0131z b\u0131rak\u0131lmaktan korkuyor, endi\u015feleniyor mu? \u2022 Uyku saati geldi\u011finde \u00e7e\u015fitli bahanelerle yata\u011fa gitmiyor, kendi yata\u011f\u0131nda uyumak istemiyor mu? Pek \u00e7ok \u00e7ocuk geli\u015fimlerinin bir a\u015famas\u0131nda uyku sorunu ya\u015far. Bu sorun bazen uzun s\u00fcrebilir ve uyku saati, hem \u00e7ocuk hem de ebeveynleri i\u00e7in ciddi bir stres kayna\u011f\u0131 haline gelir. Sa\u011fl\u0131kl\u0131 bir ya\u015fam i\u00e7in \u00e7ocu\u011fun uykuya, ebeveynin huzura ihtiyac\u0131 var. \u00c7ocukluk \u00e7a\u011f\u0131 uyku bozukluklar\u0131n\u0131 tedavi etme deneyimine sahip iki klinik psikolog taraf\u0131ndan haz\u0131rlanan bu kitap, herkesin daha iyi bir gece uykusu \u00e7ekmesine yard\u0131mc\u0131 olacak bir rehber niteli\u011findedir. \u00c7ocu\u011funuzun daha h\u0131zl\u0131 uykuya dalmas\u0131na yard\u0131mc\u0131 olacak bir uyku rutini belirlemek; uyku g\u00fcnl\u00fckleri haz\u0131rlamak ve kullanmak; \u00e7ocu\u011funuzun yatmadan \u00f6nce endi\u015feleriyle y\u00fczle\u015fmesine yard\u0131mc\u0131 olmak; yatak \u0131slatma, gece ter\u00f6r\u00fc ve uyurgezerlik ile ba\u015f etmek gibi konular\u0131n ele al\u0131nd\u0131\u011f\u0131 kitap uyku sorunlar\u0131n\u0131n \u00e7\u00f6z\u00fcm\u00fc i\u00e7in kolay uygulanabilir pratikler de \u00f6neriyor. Daha iyi uyku d\u00fczeni olu\u015fturmaya y\u00f6nelik \u00e7abalar\u0131n\u0131zda size ad\u0131m ad\u0131m yol g\u00f6steren bu rehber kitap hem \u00e7ocu\u011funuz i\u00e7in bir uyku terapisti olman\u0131za yard\u0131mc\u0131 oluyor hem de b\u00fct\u00fcn aile bireyleri i\u00e7in daha sa\u011fl\u0131kl\u0131 ve huzurlu bir ya\u015fama kap\u0131lar\u0131 a\u00e7\u0131yor.<\/p>\n","protected":false},"excerpt":{"rendered":"<p>\u00c7OCU\u011eUNUZUN UYKU SORUNLARI \u2022 \u00c7ocu\u011funuz uyumakta zorlan\u0131yor mu? \u2022 Yaln\u0131z b\u0131rak\u0131lmaktan korkuyor, endi\u015feleniyor mu? \u2022 Uyku saati geldi\u011finde \u00e7e\u015fitli bahanelerle yata\u011fa gitmiyor, kendi yata\u011f\u0131nda uyumak istemiyor<span class=\"excerpt-hellip\"> [\u2026]<\/span><\/p>\n","protected":false},"featured_media":0,"template":"","meta":{"_monsterinsights_skip_tracking":false,"_monsterinsights_sitenote_active":false,"_monsterinsights_sitenote_note":"","_monsterinsights_sitenote_category":0},"product_brand":[],"product_cat":[12831,12324],"product_tag":[],"class_list":{"0":"post-738498","1":"product","2":"type-product","3":"status-publish","5":"product_cat-aile-ve-cocuk","6":"product_cat-sosyoloji","7":"pa_cilt-ciltsiz","8":"pa_tur-kitap","9":"pa_yayinevi-kuraldisi-yayinevi","10":"pa_yazar-rachel-hiller-michael-gradisar","12":"first","13":"instock","14":"sale","15":"shipping-taxable","16":"purchasable","17":"product-type-simple"},"_links":{"self":[{"href":"https:\/\/roveyayinevi.com.tr\/index.php\/wp-json\/wp\/v2\/product\/738498","targetHints":{"allow":["GET"]}}],"collection":[{"href":"https:\/\/roveyayinevi.com.tr\/index.php\/wp-json\/wp\/v2\/product"}],"about":[{"href":"https:\/\/roveyayinevi.com.tr\/index.php\/wp-json\/wp\/v2\/types\/product"}],"wp:attachment":[{"href":"https:\/\/roveyayinevi.com.tr\/index.php\/wp-json\/wp\/v2\/media?parent=738498"}],"wp:term":[{"taxonomy":"product_brand","embeddable":true,"href":"https:\/\/roveyayinevi.com.tr\/index.php\/wp-json\/wp\/v2\/product_brand?post=738498"},{"taxonomy":"product_cat","embeddable":true,"href":"https:\/\/roveyayinevi.com.tr\/index.php\/wp-json\/wp\/v2\/product_cat?post=738498"},{"taxonomy":"product_tag","embeddable":true,"href":"https:\/\/roveyayinevi.com.tr\/index.php\/wp-json\/wp\/v2\/product_tag?post=738498"}],"curies":[{"name":"wp","href":"https:\/\/api.w.org\/{rel}","templated":true}]}}