{"id":738497,"date":"2025-08-27T23:51:12","date_gmt":"2025-08-27T20:51:12","guid":{"rendered":"https:\/\/roveyayinevi.com.tr\/index.php\/urun\/evren-sensin-kozmik-benligin-kesfi\/"},"modified":"2026-04-03T02:54:00","modified_gmt":"2026-04-02T23:54:00","slug":"evren-sensin-kozmik-benligin-kesfi","status":"publish","type":"product","link":"https:\/\/roveyayinevi.com.tr\/index.php\/urun\/evren-sensin-kozmik-benligin-kesfi\/","title":{"rendered":"Evren Sensin &#8211; Kozmik Benli\u011fin Ke\u015ffi"},"content":{"rendered":"<p>B\u00fcy\u00fck patlamadan \u00f6nce ne vard\u0131? Evren neden bu kadar m\u00fckemmel bir uyum i\u00e7inde? Hayat ilk olarak nas\u0131l ba\u015flad\u0131?     Bu kitapta bu tarz sorular i\u00e7in modern bilimin sunabilece\u011fi en iyi yan\u0131tlar\u0131 ve bu yan\u0131tlar\u0131n neden tatmin edici olmad\u0131\u011f\u0131n\u0131 okuyacaks\u0131n\u0131z. Yazarlar\u0131n yarat\u0131c\u0131 s\u00fcrecin nas\u0131l \u00e7al\u0131\u015ft\u0131\u011f\u0131n\u0131 ortaya koyma y\u00f6ntemleri sayesinde kendinize dair tamamen farkl\u0131 bir g\u00f6r\u00fc\u015fe ula\u015facaks\u0131n\u0131z. B\u00f6ylece, yan\u0131tlar\u0131n herkesin kendi deneyiminden geldi\u011fi bir evrende yeni ke\u015fiflerin yolu a\u00e7\u0131lacak.   Evrenle ilgili \u00e7ok fazla \u00e7\u00f6z\u00fclmemi\u015f bilmece ve cevaplanmam\u0131\u015f soru var. \u0130nsanl\u0131k tarihindeki iki b\u00fcy\u00fck d\u00fcnya g\u00f6r\u00fc\u015f\u00fc olan bilim ve maneviyat, ger\u00e7ek olan\u0131 ke\u015ffetmemiz, bu bilmeceleri \u00e7\u00f6zmemiz ve cevaps\u0131z sorular\u0131 yan\u0131tlamam\u0131z i\u00e7in katk\u0131da bulunur.   Chopra ve Kafatos\u2019a g\u00f6re \u00f6n\u00fcm\u00fczdeki \u00e7a\u011fda evren, insan ya\u015fam\u0131n\u0131n kozmosta bir nokta oldu\u011fu \u015fekliyle de\u011fil tamamen bir \u201cinsan evreni\u201d olarak yeniden tan\u0131mlanacak. Evren Sensin, isminden de anla\u015f\u0131laca\u011f\u0131 \u00fczere, her birimizin zaman ve uzay\u0131n en geni\u015f alanlar\u0131na uzanan ger\u00e7ekli\u011fin yarat\u0131c\u0131lar\u0131 oldu\u011fumuzu ifade ediyor.   Bu iki b\u00fcy\u00fck akl\u0131n sundu\u011fu \u015fey, kim oldu\u011fumuza ve en b\u00fcy\u00fck potansiyelimize ula\u015f\u0131rken d\u00fcnyay\u0131 nas\u0131l daha iyi h\u00e2le getirebilece\u011fimize dair cesur ve yeni bir anlay\u0131\u015f.<\/p>\n","protected":false},"excerpt":{"rendered":"<p>B\u00fcy\u00fck patlamadan \u00f6nce ne vard\u0131? Evren neden bu kadar m\u00fckemmel bir uyum i\u00e7inde? Hayat ilk olarak nas\u0131l ba\u015flad\u0131? Bu kitapta bu tarz sorular i\u00e7in modern bilimin<span class=\"excerpt-hellip\"> [\u2026]<\/span><\/p>\n","protected":false},"featured_media":0,"template":"","meta":{"_monsterinsights_skip_tracking":false,"_monsterinsights_sitenote_active":false,"_monsterinsights_sitenote_note":"","_monsterinsights_sitenote_category":0},"product_brand":[],"product_cat":[12364,12376],"product_tag":[],"class_list":{"0":"post-738497","1":"product","2":"type-product","3":"status-publish","5":"product_cat-genel-konular","6":"product_cat-kisisel-gelisim","7":"pa_cilt-ciltsiz","8":"pa_tur-kitap","9":"pa_yayinevi-epsilon-yayinlari","10":"pa_yazar-deepak-chopra-menas-kafatos","12":"first","13":"instock","14":"sale","15":"shipping-taxable","16":"purchasable","17":"product-type-simple"},"_links":{"self":[{"href":"https:\/\/roveyayinevi.com.tr\/index.php\/wp-json\/wp\/v2\/product\/738497","targetHints":{"allow":["GET"]}}],"collection":[{"href":"https:\/\/roveyayinevi.com.tr\/index.php\/wp-json\/wp\/v2\/product"}],"about":[{"href":"https:\/\/roveyayinevi.com.tr\/index.php\/wp-json\/wp\/v2\/types\/product"}],"wp:attachment":[{"href":"https:\/\/roveyayinevi.com.tr\/index.php\/wp-json\/wp\/v2\/media?parent=738497"}],"wp:term":[{"taxonomy":"product_brand","embeddable":true,"href":"https:\/\/roveyayinevi.com.tr\/index.php\/wp-json\/wp\/v2\/product_brand?post=738497"},{"taxonomy":"product_cat","embeddable":true,"href":"https:\/\/roveyayinevi.com.tr\/index.php\/wp-json\/wp\/v2\/product_cat?post=738497"},{"taxonomy":"product_tag","embeddable":true,"href":"https:\/\/roveyayinevi.com.tr\/index.php\/wp-json\/wp\/v2\/product_tag?post=738497"}],"curies":[{"name":"wp","href":"https:\/\/api.w.org\/{rel}","templated":true}]}}