{"id":738496,"date":"2025-08-27T23:51:10","date_gmt":"2025-08-27T20:51:10","guid":{"rendered":"https:\/\/roveyayinevi.com.tr\/index.php\/urun\/dingin-liman\/"},"modified":"2026-04-08T02:56:47","modified_gmt":"2026-04-07T23:56:47","slug":"dingin-liman","status":"publish","type":"product","link":"https:\/\/roveyayinevi.com.tr\/index.php\/urun\/dingin-liman\/","title":{"rendered":"Dingin Liman"},"content":{"rendered":"<p>Wallace Stegner\u2019\u0131 d\u00fc\u015f\u00fcn\u00fcnce, bize adalete olan a\u00e7l\u0131\u011f\u0131n\u0131 ve olas\u0131l\u0131klara olan sevgisini sunan bir adam akl\u0131ma geliyor. O insan\u0131n geli\u015fme, \u00e7aba g\u00f6sterme, hata yapma, k\u00fc\u00e7\u00fck muhte\u015femlik anlar\u0131nda y\u00fckselme ve \u201cinat\u00e7\u0131l\u0131kta\u201d \u015fahsi bir kurtulu\u015f bulma arzusunu tan\u0131yan, terk etme d\u00fcrt\u00fcs\u00fcne uymak yerine kalmay\u0131 se\u00e7menin k\u0131ymetini bilen bir yazar. Dingin Liman bir a\u015fk hik\u00e2yesi; heyecan verici diyaloglar ve eylemler yerine, \u00f6zel hayatlar\u0131 ke\u015ffe \u00e7\u0131kan bir hik\u00e2ye. Hi\u00e7bir yabanc\u0131, evlili\u011fin i\u00e7 d\u00fcnyas\u0131n\u0131 bilemez. Bu, \u00e7iftler aras\u0131ndaki en b\u00fcy\u00fck s\u0131rlardan biridir. A\u015fk aray\u0131\u015f\u0131 her zaman devam eder ve trajiktir ki sonsuza dek elimizden ka\u00e7ar. Hayal g\u00fcc\u00fcm\u00fczse hayatlar\u0131m\u0131z yetersiz kald\u0131\u011f\u0131nda devreye girer&#8230; Wallace Stegner\u2019\u0131n kelime kelime, perde perde i\u015fledi\u011fi bir dram bu. Haf\u0131zan\u0131n \u00f6rd\u00fc\u011f\u00fc i\u00e7sel bir gerginlik, ge\u00e7mi\u015fe ve gelece\u011fe kurban oldu\u011fumuzda bizi yiyip bitiren \u201cke\u015fke\u201dler ve \u201cya \u015f\u00f6yle olsayd\u0131\u201dlar\u0131 da i\u00e7eren bir \u00f6yk\u00fc.   Wallace d\u00fcnyada iyi ve adil olan\u0131 aramaktan hi\u00e7bir zaman vazge\u00e7medi. Onu \u00f6zl\u00fcyorum. \u0130stikrarl\u0131 sesini duyman\u0131n yan\u0131 s\u0131ra mant\u0131kl\u0131 asabiyetini, akl\u0131n\u0131, bo\u015f jestleri ve yalanlar\u0131 k\u0131r\u0131p ge\u00e7iren s\u0131rad\u0131\u015f\u0131 bilgeli\u011finin \u00f6zlemini \u00e7ekiyorum. Ama onu nerede bulaca\u011f\u0131m\u0131 biliyorum; kitaplar\u0131n\u0131n sayfalar\u0131nda ya\u015f\u0131yor.   \u2013 Terry Tempest Williams<\/p>\n","protected":false},"excerpt":{"rendered":"<p>Wallace Stegner\u2019\u0131 d\u00fc\u015f\u00fcn\u00fcnce, bize adalete olan a\u00e7l\u0131\u011f\u0131n\u0131 ve olas\u0131l\u0131klara olan sevgisini sunan bir adam akl\u0131ma geliyor. O insan\u0131n geli\u015fme, \u00e7aba g\u00f6sterme, hata yapma, k\u00fc\u00e7\u00fck muhte\u015femlik anlar\u0131nda<span class=\"excerpt-hellip\"> [\u2026]<\/span><\/p>\n","protected":false},"featured_media":0,"template":"","meta":{"_monsterinsights_skip_tracking":false,"_monsterinsights_sitenote_active":false,"_monsterinsights_sitenote_note":"","_monsterinsights_sitenote_category":0},"product_brand":[],"product_cat":[12291,12711],"product_tag":[],"class_list":{"0":"post-738496","1":"product","2":"type-product","3":"status-publish","5":"product_cat-edebiyat","6":"product_cat-roman-oyku","7":"pa_cilt-ciltsiz","8":"pa_tur-kitap","9":"pa_yayinevi-epsilon-yayinlari","10":"pa_yazar-wallace-stegner","12":"first","13":"instock","14":"sale","15":"shipping-taxable","16":"purchasable","17":"product-type-simple"},"_links":{"self":[{"href":"https:\/\/roveyayinevi.com.tr\/index.php\/wp-json\/wp\/v2\/product\/738496","targetHints":{"allow":["GET"]}}],"collection":[{"href":"https:\/\/roveyayinevi.com.tr\/index.php\/wp-json\/wp\/v2\/product"}],"about":[{"href":"https:\/\/roveyayinevi.com.tr\/index.php\/wp-json\/wp\/v2\/types\/product"}],"wp:attachment":[{"href":"https:\/\/roveyayinevi.com.tr\/index.php\/wp-json\/wp\/v2\/media?parent=738496"}],"wp:term":[{"taxonomy":"product_brand","embeddable":true,"href":"https:\/\/roveyayinevi.com.tr\/index.php\/wp-json\/wp\/v2\/product_brand?post=738496"},{"taxonomy":"product_cat","embeddable":true,"href":"https:\/\/roveyayinevi.com.tr\/index.php\/wp-json\/wp\/v2\/product_cat?post=738496"},{"taxonomy":"product_tag","embeddable":true,"href":"https:\/\/roveyayinevi.com.tr\/index.php\/wp-json\/wp\/v2\/product_tag?post=738496"}],"curies":[{"name":"wp","href":"https:\/\/api.w.org\/{rel}","templated":true}]}}