{"id":738495,"date":"2025-08-27T23:51:10","date_gmt":"2025-08-27T20:51:10","guid":{"rendered":"https:\/\/roveyayinevi.com.tr\/index.php\/urun\/yapisal-reformlar-ve-turkiye\/"},"modified":"2026-04-16T02:48:43","modified_gmt":"2026-04-15T23:48:43","slug":"yapisal-reformlar-ve-turkiye","status":"publish","type":"product","link":"https:\/\/roveyayinevi.com.tr\/index.php\/urun\/yapisal-reformlar-ve-turkiye\/","title":{"rendered":"Yap\u0131sal Reformlar ve T\u00fcrkiye"},"content":{"rendered":"<p>DR. MAHF\u0130 E\u011e\u0130LMEZ   Yap\u0131sal Reformlar ve T\u00fcrkiye       Yap\u0131sal reformlar \u00fclkeden \u00fclkeye farkl\u0131l\u0131k g\u00f6sterir. Hukukun \u00fcst\u00fcnl\u00fc\u011f\u00fcn\u00fc kabul etmi\u015f ve uygulamas\u0131na da yans\u0131tm\u0131\u015f, demokratik d\u00fczeni i\u015flerlik kazanm\u0131\u015f, e\u011fitimini bilimsel temellere dayand\u0131rm\u0131\u015f, d\u00fc\u015f\u00fcnce ve ifade \u00f6zg\u00fcrl\u00fc\u011f\u00fcn\u00fc i\u00e7selle\u015ftirmi\u015f toplumlarda yap\u0131sal reformlar daha \u00e7ok ekonomik konular\u0131 kapsar.   T\u00fcrkiye gibi bu konular\u0131 \u00e7\u00f6z\u00fcmleyememi\u015f \u00fclkelerde ise ekonomik alandaki reformlar yap\u0131sal reformlar i\u00e7in yeterli de\u011fildir. Bu \u00fclkelerde hukukun \u00fcst\u00fcnl\u00fc\u011f\u00fc konusunun \u00f6ncelikler aras\u0131nda olmas\u0131 gerekmektedir.   Bu kitap T\u00fcrkiye\u2019de sosyal, siyasal ve ekonomik alanda yap\u0131lmas\u0131 gerekenleri ve sorunlar\u0131n kayna\u011f\u0131n\u0131 tart\u0131\u015f\u0131yor. <\/p>\n","protected":false},"excerpt":{"rendered":"<p>DR. MAHF\u0130 E\u011e\u0130LMEZ Yap\u0131sal Reformlar ve T\u00fcrkiye Yap\u0131sal reformlar \u00fclkeden \u00fclkeye farkl\u0131l\u0131k g\u00f6sterir. Hukukun \u00fcst\u00fcnl\u00fc\u011f\u00fcn\u00fc kabul etmi\u015f ve uygulamas\u0131na da yans\u0131tm\u0131\u015f, demokratik d\u00fczeni i\u015flerlik kazanm\u0131\u015f, e\u011fitimini<span class=\"excerpt-hellip\"> [\u2026]<\/span><\/p>\n","protected":false},"featured_media":0,"template":"","meta":{"_monsterinsights_skip_tracking":false,"_monsterinsights_sitenote_active":false,"_monsterinsights_sitenote_note":"","_monsterinsights_sitenote_category":0},"product_brand":[],"product_cat":[20333,13043],"product_tag":[],"class_list":{"0":"post-738495","1":"product","2":"type-product","3":"status-publish","5":"product_cat-diger-ekonomi","6":"product_cat-ekonomi","7":"pa_cilt-ciltsiz","8":"pa_tur-kitap","9":"pa_yayinevi-remzi-kitabevi","10":"pa_yazar-mahfi-egilmez","12":"first","13":"instock","14":"sale","15":"shipping-taxable","16":"purchasable","17":"product-type-simple"},"_links":{"self":[{"href":"https:\/\/roveyayinevi.com.tr\/index.php\/wp-json\/wp\/v2\/product\/738495","targetHints":{"allow":["GET"]}}],"collection":[{"href":"https:\/\/roveyayinevi.com.tr\/index.php\/wp-json\/wp\/v2\/product"}],"about":[{"href":"https:\/\/roveyayinevi.com.tr\/index.php\/wp-json\/wp\/v2\/types\/product"}],"wp:attachment":[{"href":"https:\/\/roveyayinevi.com.tr\/index.php\/wp-json\/wp\/v2\/media?parent=738495"}],"wp:term":[{"taxonomy":"product_brand","embeddable":true,"href":"https:\/\/roveyayinevi.com.tr\/index.php\/wp-json\/wp\/v2\/product_brand?post=738495"},{"taxonomy":"product_cat","embeddable":true,"href":"https:\/\/roveyayinevi.com.tr\/index.php\/wp-json\/wp\/v2\/product_cat?post=738495"},{"taxonomy":"product_tag","embeddable":true,"href":"https:\/\/roveyayinevi.com.tr\/index.php\/wp-json\/wp\/v2\/product_tag?post=738495"}],"curies":[{"name":"wp","href":"https:\/\/api.w.org\/{rel}","templated":true}]}}