{"id":738494,"date":"2025-08-27T23:51:08","date_gmt":"2025-08-27T20:51:08","guid":{"rendered":"https:\/\/roveyayinevi.com.tr\/index.php\/urun\/felaketler\/"},"modified":"2026-04-16T02:48:43","modified_gmt":"2026-04-15T23:48:43","slug":"felaketler","status":"publish","type":"product","link":"https:\/\/roveyayinevi.com.tr\/index.php\/urun\/felaketler\/","title":{"rendered":"Felaketler"},"content":{"rendered":"<p>R\u00fczg\u00e2r her \u015feyi de\u011fi\u015ftirebilir. Yetenekli bir biliminsan\u0131n\u0131n \u00fcvey k\u0131z\u0131 olan Foster Stewart hi\u00e7 de normal bir hayat ya\u015famam\u0131\u015ft\u0131r ve on sekiz ya\u015f\u0131na bast\u0131\u011f\u0131 g\u00fcn her \u015feyi geride b\u0131rak\u0131r. Tate \u201cGece \u015eahini\u201d Taylor, s\u0131radan ama bir o kadar da ihti\u015faml\u0131 bir hayat s\u00fcrd\u00fcr\u00fcyordur. Ufak kasabas\u0131n\u0131 vuran bir felaket \u00e2n\u0131nda Foster\u2019la tan\u0131\u015f\u0131r ve bu felaket, ak\u0131llar\u0131na bile gelmeyecek ola\u011fan\u00fcst\u00fc g\u00fc\u00e7lerini ortaya \u00e7\u0131kar\u0131r: Hortumlar\u0131 kontrol edebiliyorlard\u0131r. Tate ve Foster, k\u00f6kenleriyle ilgili ger\u00e7e\u011fi ve yeteneklerinin kayna\u011f\u0131n\u0131 ke\u015ffettiklerinde, kendileri gibi ba\u015fka gen\u00e7lerin de var olduklar\u0131n\u0131 \u00f6\u011frenirler ve amans\u0131z bir ka\u00e7\u0131\u015f hik\u00e2yesi ba\u015flar. Pe\u015flerindeki Esas D\u00f6rtl\u00fc\u2019den uzak durmal\u0131 ve kendileri gibi ola\u011fan\u00fcst\u00fc g\u00fc\u00e7leri olan di\u011fer \u00fc\u00e7 \u00e7ifti hi\u00e7 vakit kaybetmeden bulmal\u0131d\u0131rlar. Aksi h\u00e2lde hem kendi hayatlar\u0131 hem de d\u00fcnya, geri d\u00f6n\u00fc\u015f\u00fc olmayan felaketlerle sars\u0131lacakt\u0131r.  \u201cGece Evi serisinin anne-k\u0131z yazar ekibi, yeni bir seriye nefes kesici bir ba\u015flang\u0131\u00e7 yap\u0131yor.\u201d -Publisher&#8217;s Weekly  \u201cBu kitab\u0131 bilimkurgu, f\u0131rt\u0131nal\u0131 hava, elementel g\u00fc\u00e7ler, s\u00fcper kahramanlar ve e\u015fsiz kurgular seven herkese \u00f6neririm.\u201d -Young Adult Book Central<\/p>\n","protected":false},"excerpt":{"rendered":"<p>R\u00fczg\u00e2r her \u015feyi de\u011fi\u015ftirebilir. Yetenekli bir biliminsan\u0131n\u0131n \u00fcvey k\u0131z\u0131 olan Foster Stewart hi\u00e7 de normal bir hayat ya\u015famam\u0131\u015ft\u0131r ve on sekiz ya\u015f\u0131na bast\u0131\u011f\u0131 g\u00fcn her \u015feyi<span class=\"excerpt-hellip\"> [\u2026]<\/span><\/p>\n","protected":false},"featured_media":0,"template":"","meta":{"_monsterinsights_skip_tracking":false,"_monsterinsights_sitenote_active":false,"_monsterinsights_sitenote_note":"","_monsterinsights_sitenote_category":0},"product_brand":[],"product_cat":[12291,12711],"product_tag":[],"class_list":{"0":"post-738494","1":"product","2":"type-product","3":"status-publish","5":"product_cat-edebiyat","6":"product_cat-roman-oyku","7":"pa_cilt-ciltsiz","8":"pa_tur-kitap","9":"pa_yayinevi-epsilon-yayinlari","10":"pa_yazar-p-c-cast-kristin-cast","12":"first","13":"instock","14":"sale","15":"shipping-taxable","16":"purchasable","17":"product-type-simple"},"_links":{"self":[{"href":"https:\/\/roveyayinevi.com.tr\/index.php\/wp-json\/wp\/v2\/product\/738494","targetHints":{"allow":["GET"]}}],"collection":[{"href":"https:\/\/roveyayinevi.com.tr\/index.php\/wp-json\/wp\/v2\/product"}],"about":[{"href":"https:\/\/roveyayinevi.com.tr\/index.php\/wp-json\/wp\/v2\/types\/product"}],"wp:attachment":[{"href":"https:\/\/roveyayinevi.com.tr\/index.php\/wp-json\/wp\/v2\/media?parent=738494"}],"wp:term":[{"taxonomy":"product_brand","embeddable":true,"href":"https:\/\/roveyayinevi.com.tr\/index.php\/wp-json\/wp\/v2\/product_brand?post=738494"},{"taxonomy":"product_cat","embeddable":true,"href":"https:\/\/roveyayinevi.com.tr\/index.php\/wp-json\/wp\/v2\/product_cat?post=738494"},{"taxonomy":"product_tag","embeddable":true,"href":"https:\/\/roveyayinevi.com.tr\/index.php\/wp-json\/wp\/v2\/product_tag?post=738494"}],"curies":[{"name":"wp","href":"https:\/\/api.w.org\/{rel}","templated":true}]}}