{"id":738493,"date":"2025-08-27T23:51:07","date_gmt":"2025-08-27T20:51:07","guid":{"rendered":"https:\/\/roveyayinevi.com.tr\/index.php\/urun\/sesim-duyulana-dek\/"},"modified":"2026-04-16T02:48:43","modified_gmt":"2026-04-15T23:48:43","slug":"sesim-duyulana-dek","status":"publish","type":"product","link":"https:\/\/roveyayinevi.com.tr\/index.php\/urun\/sesim-duyulana-dek\/","title":{"rendered":"Sesim Duyulana Dek"},"content":{"rendered":"<p>Goodreads Okur \u00d6d\u00fcl\u00fc Aday\u0131-   Sesim Duyulana Dek, Nijerya\u2019n\u0131n k\u00fc\u00e7\u00fck bir k\u00f6y\u00fcnde b\u00fcy\u00fcyen, kendi sesine kavu\u015fabilmek ve kendi ad\u0131na konu\u015fabilmek i\u00e7in okumak isteyen bir gen\u00e7 k\u0131z\u0131n unutulmaz hik\u00e2yesi&#8230; Hayaller u\u011fruna verilen zorlu m\u00fccadele hakk\u0131nda, y\u00fcrekleri hem burkan hem de umutla dolduran g\u00fcncel bir masal&#8230;    Yolundaki a\u015f\u0131lmaz engellere ra\u011fmen Adunni kendisi i\u00e7in se\u00e7ti\u011fi gelece\u011fi kurabilmek u\u011fruna do\u011fdu\u011fu k\u00f6yden ka\u00e7may\u0131 g\u00f6ze al\u0131r. En zor ko\u015fullar alt\u0131nda bile ne\u015fesini ve umudunu kaybetmeden, kaderini ba\u015ftan yazmak \u00fczere bilmedi\u011fi yerlerde, tan\u0131mad\u0131\u011f\u0131 insanlar\u0131n i\u00e7inde, bamba\u015fka ac\u0131lar\u0131 g\u00f6\u011f\u00fcsleyerek hayatta kal\u0131r. \u00c7\u00fcnk\u00fc hayalleri oradad\u0131r, g\u00f6z\u00fcn\u00fcn \u00f6n\u00fcnde: Ben \u00f6\u011fretmen olaca\u011f\u0131m. \u00c7ok mu uzak? Yoksa imk\u00e2ns\u0131z m\u0131? Kendini, hayat\u0131n\u0131, do\u011fdu\u011fun yeri, hatta d\u00fcnyay\u0131 de\u011fi\u015ftirmek&#8230; Hayal mi?   Adunni i\u00e7in de\u011fil. Sesini y\u00fckselten hi\u00e7bir k\u0131z i\u00e7in de\u011fil.    Hayal de\u011fil: D\u00fcnyay\u0131 Adunniler de\u011fi\u015ftirecek.<\/p>\n","protected":false},"excerpt":{"rendered":"<p>Goodreads Okur \u00d6d\u00fcl\u00fc Aday\u0131- Sesim Duyulana Dek, Nijerya\u2019n\u0131n k\u00fc\u00e7\u00fck bir k\u00f6y\u00fcnde b\u00fcy\u00fcyen, kendi sesine kavu\u015fabilmek ve kendi ad\u0131na konu\u015fabilmek i\u00e7in okumak isteyen bir gen\u00e7 k\u0131z\u0131n unutulmaz<span class=\"excerpt-hellip\"> [\u2026]<\/span><\/p>\n","protected":false},"featured_media":0,"template":"","meta":{"_monsterinsights_skip_tracking":false,"_monsterinsights_sitenote_active":false,"_monsterinsights_sitenote_note":"","_monsterinsights_sitenote_category":0},"product_brand":[],"product_cat":[12291,50487],"product_tag":[],"class_list":{"0":"post-738493","1":"product","2":"type-product","3":"status-publish","5":"product_cat-edebiyat","6":"product_cat-kurgu","7":"pa_cilt-ciltsiz","8":"pa_tur-kitap","9":"pa_yayinevi-epsilon-yayinlari","10":"pa_yazar-abi-dare","12":"first","13":"instock","14":"sale","15":"shipping-taxable","16":"purchasable","17":"product-type-simple"},"_links":{"self":[{"href":"https:\/\/roveyayinevi.com.tr\/index.php\/wp-json\/wp\/v2\/product\/738493","targetHints":{"allow":["GET"]}}],"collection":[{"href":"https:\/\/roveyayinevi.com.tr\/index.php\/wp-json\/wp\/v2\/product"}],"about":[{"href":"https:\/\/roveyayinevi.com.tr\/index.php\/wp-json\/wp\/v2\/types\/product"}],"wp:attachment":[{"href":"https:\/\/roveyayinevi.com.tr\/index.php\/wp-json\/wp\/v2\/media?parent=738493"}],"wp:term":[{"taxonomy":"product_brand","embeddable":true,"href":"https:\/\/roveyayinevi.com.tr\/index.php\/wp-json\/wp\/v2\/product_brand?post=738493"},{"taxonomy":"product_cat","embeddable":true,"href":"https:\/\/roveyayinevi.com.tr\/index.php\/wp-json\/wp\/v2\/product_cat?post=738493"},{"taxonomy":"product_tag","embeddable":true,"href":"https:\/\/roveyayinevi.com.tr\/index.php\/wp-json\/wp\/v2\/product_tag?post=738493"}],"curies":[{"name":"wp","href":"https:\/\/api.w.org\/{rel}","templated":true}]}}