{"id":738490,"date":"2025-08-27T23:51:04","date_gmt":"2025-08-27T20:51:04","guid":{"rendered":"https:\/\/roveyayinevi.com.tr\/index.php\/urun\/evlilik-anlasmasi\/"},"modified":"2026-04-16T02:48:43","modified_gmt":"2026-04-15T23:48:43","slug":"evlilik-anlasmasi","status":"publish","type":"product","link":"https:\/\/roveyayinevi.com.tr\/index.php\/urun\/evlilik-anlasmasi\/","title":{"rendered":"Evlilik Anla\u015fmas\u0131"},"content":{"rendered":"<p>Tarihi a\u015fk romanlar\u0131n\u0131n y\u0131ld\u0131zlar\u0131ndan ve New York Times \u00c7oksatanlar listesinin vazge\u00e7ilmez isimlerinden Tessa Dare\u2019den zekice diyaloglarla ve tutkulu dokunu\u015flarla hayat bulan bir a\u015fk hik\u00e2yesi&#8230;     Waterloo Sava\u015f\u0131\u2019ndan y\u00fcz\u00fcn\u00fcn yar\u0131s\u0131 tan\u0131nmaz h\u00e2lde d\u00f6nen Ashbury D\u00fck\u00fc korkun\u00e7 g\u00f6r\u00fcn\u00fcm\u00fc sebebiyle ni\u015fanl\u0131s\u0131 taraf\u0131ndan terk edilmi\u015fti. Ne var ki Ash\u2019in bir v\u00e2rise ihtiyac\u0131 vard\u0131 ve hi\u00e7 vakit kaybetmeden kendine bir e\u015f bulmas\u0131 gerekiyordu. Fakat y\u00fcz\u00fc bu h\u00e2ldeyken onunla kim evlenmek isterdi ki? B\u00fcy\u00fck bir yaln\u0131zl\u0131\u011f\u0131n i\u00e7ine hapsolan Ash, k\u00fct\u00fcphanesinde ans\u0131z\u0131n beliren davetsiz misafir Emma&#8217;yla kar\u015f\u0131la\u015ft\u0131\u011f\u0131nda bu s\u0131radan terzinin, arad\u0131\u011f\u0131 t\u00fcm \u00f6zelliklere sahip oldu\u011funu anlam\u0131\u015ft\u0131. K\u0131z, \u015fefkatli, iyi e\u011fitimli ve espriliydi. Ayr\u0131ca yeterince g\u00fczeldi ve kiras\u0131n\u0131 \u00f6deyemedi\u011fi i\u00e7in evinden at\u0131lmak \u00fczereydi.   D\u00fck tan\u0131\u015ft\u0131klar\u0131 g\u00fcn ona evlenme teklif etti\u011finde Emma onun ak\u0131l sa\u011fl\u0131\u011f\u0131ndan endi\u015fe etmi\u015f ve bunu dile getirmekten \u00e7ekinmemi\u015fti. Ash ise bu yoruma hi\u00e7 ald\u0131rmadan evliliklerinde ge\u00e7erli olacak birbirinden tuhaf \u015fartlar\u0131 s\u0131ralam\u0131\u015ft\u0131.   Emma hayallerindeki a\u015fk evlili\u011finden olduk\u00e7a uzak olan bu garip teklife hay\u0131r dese de Ash onu ikna etmek i\u00e7in \u00e7abalamaya devam edecekti. Ancak Emma\u2019n\u0131n hen\u00fcz bilmedi\u011fi bir \u015fey vard\u0131: D\u00fck son derece akl\u0131 ba\u015f\u0131nda ve kar\u015f\u0131 konulamaz bir adamd\u0131.   \u0130lk sayfalar\u0131ndan itibaren sizi i\u00e7ine alacak olan Evlilik Anla\u015fmas\u0131, Emma ile Ash\u2019in s\u0131rad\u0131\u015f\u0131 a\u015fk hik\u00e2yesiyle oldu\u011fu kadar Tessa Dare\u2019in c\u00fcretk\u00e2r ve e\u011flenceli \u00fcslubuyla da okurlar\u0131n kalbinde yer edinecek.<\/p>\n","protected":false},"excerpt":{"rendered":"<p>Tarihi a\u015fk romanlar\u0131n\u0131n y\u0131ld\u0131zlar\u0131ndan ve New York Times \u00c7oksatanlar listesinin vazge\u00e7ilmez isimlerinden Tessa Dare\u2019den zekice diyaloglarla ve tutkulu dokunu\u015flarla hayat bulan bir a\u015fk hik\u00e2yesi&#8230; Waterloo Sava\u015f\u0131\u2019ndan<span class=\"excerpt-hellip\"> [\u2026]<\/span><\/p>\n","protected":false},"featured_media":0,"template":"","meta":{"_monsterinsights_skip_tracking":false,"_monsterinsights_sitenote_active":false,"_monsterinsights_sitenote_note":"","_monsterinsights_sitenote_category":0},"product_brand":[],"product_cat":[12291,12711],"product_tag":[],"class_list":{"0":"post-738490","1":"product","2":"type-product","3":"status-publish","5":"product_cat-edebiyat","6":"product_cat-roman-oyku","7":"pa_cilt-ciltsiz","8":"pa_tur-kitap","9":"pa_yayinevi-epsilon-yayinlari","10":"pa_yazar-tessa-dare","12":"first","13":"instock","14":"sale","15":"shipping-taxable","16":"purchasable","17":"product-type-simple"},"_links":{"self":[{"href":"https:\/\/roveyayinevi.com.tr\/index.php\/wp-json\/wp\/v2\/product\/738490","targetHints":{"allow":["GET"]}}],"collection":[{"href":"https:\/\/roveyayinevi.com.tr\/index.php\/wp-json\/wp\/v2\/product"}],"about":[{"href":"https:\/\/roveyayinevi.com.tr\/index.php\/wp-json\/wp\/v2\/types\/product"}],"wp:attachment":[{"href":"https:\/\/roveyayinevi.com.tr\/index.php\/wp-json\/wp\/v2\/media?parent=738490"}],"wp:term":[{"taxonomy":"product_brand","embeddable":true,"href":"https:\/\/roveyayinevi.com.tr\/index.php\/wp-json\/wp\/v2\/product_brand?post=738490"},{"taxonomy":"product_cat","embeddable":true,"href":"https:\/\/roveyayinevi.com.tr\/index.php\/wp-json\/wp\/v2\/product_cat?post=738490"},{"taxonomy":"product_tag","embeddable":true,"href":"https:\/\/roveyayinevi.com.tr\/index.php\/wp-json\/wp\/v2\/product_tag?post=738490"}],"curies":[{"name":"wp","href":"https:\/\/api.w.org\/{rel}","templated":true}]}}