{"id":738487,"date":"2025-08-27T23:51:00","date_gmt":"2025-08-27T20:51:00","guid":{"rendered":"https:\/\/roveyayinevi.com.tr\/index.php\/urun\/marianaya-dogan-gunes\/"},"modified":"2026-04-16T02:48:43","modified_gmt":"2026-04-15T23:48:43","slug":"marianaya-dogan-gunes","status":"publish","type":"product","link":"https:\/\/roveyayinevi.com.tr\/index.php\/urun\/marianaya-dogan-gunes\/","title":{"rendered":"Mariana&#8217;ya Do\u011fan G\u00fcne\u015f"},"content":{"rendered":"<p>\u201cYery\u00fcz\u00fcm\u00fcn Karl\u0131 G\u00fcne\u015fi\u2019ne, G\u00f6zlerin hi\u00e7 susmayan bir \u015fark\u0131 ve her bak\u0131\u015f\u0131n bu \u015fark\u0131n\u0131n tekrarlanan nakarat\u0131. Varl\u0131\u011f\u0131yla Keukenhof\u2019tan bile daha b\u00fcy\u00fck bir renk \u015f\u00f6leni sunan \u00e7i\u00e7ek bah\u00e7em, sana o kadar a\u015f\u0131\u011f\u0131m ki\u2026 Kalbimin bug\u00fcne dek g\u00f6r\u00fcp g\u00f6rebildi\u011fi ne varsa hepsinden \u00e7ok daha fazla seviyorum Karl\u0131 G\u00fcne\u015f\u2019imi.\u201d Kolibri\u2019nin y\u00fcre\u011finden dolup ta\u015fan umutsuz bir a\u015fk\u0131n kanat \u00e7\u0131rp\u0131\u015flar\u0131yla dolu bu romanda, a\u015fk\u0131n her h\u00e2line \u015fahit olacaks\u0131n\u0131z. <\/p>\n","protected":false},"excerpt":{"rendered":"<p>\u201cYery\u00fcz\u00fcm\u00fcn Karl\u0131 G\u00fcne\u015fi\u2019ne, G\u00f6zlerin hi\u00e7 susmayan bir \u015fark\u0131 ve her bak\u0131\u015f\u0131n bu \u015fark\u0131n\u0131n tekrarlanan nakarat\u0131. Varl\u0131\u011f\u0131yla Keukenhof\u2019tan bile daha b\u00fcy\u00fck bir renk \u015f\u00f6leni sunan \u00e7i\u00e7ek bah\u00e7em,<span class=\"excerpt-hellip\"> [\u2026]<\/span><\/p>\n","protected":false},"featured_media":0,"template":"","meta":{"_monsterinsights_skip_tracking":false,"_monsterinsights_sitenote_active":false,"_monsterinsights_sitenote_note":"","_monsterinsights_sitenote_category":0},"product_brand":[],"product_cat":[12291,12711],"product_tag":[],"class_list":{"0":"post-738487","1":"product","2":"type-product","3":"status-publish","5":"product_cat-edebiyat","6":"product_cat-roman-oyku","7":"pa_cilt-ciltsiz","8":"pa_tur-kitap","9":"pa_yayinevi-luna-yayinlari","10":"pa_yazar-arcturusun-kalemi","12":"first","13":"instock","14":"sale","15":"shipping-taxable","16":"purchasable","17":"product-type-simple"},"_links":{"self":[{"href":"https:\/\/roveyayinevi.com.tr\/index.php\/wp-json\/wp\/v2\/product\/738487","targetHints":{"allow":["GET"]}}],"collection":[{"href":"https:\/\/roveyayinevi.com.tr\/index.php\/wp-json\/wp\/v2\/product"}],"about":[{"href":"https:\/\/roveyayinevi.com.tr\/index.php\/wp-json\/wp\/v2\/types\/product"}],"wp:attachment":[{"href":"https:\/\/roveyayinevi.com.tr\/index.php\/wp-json\/wp\/v2\/media?parent=738487"}],"wp:term":[{"taxonomy":"product_brand","embeddable":true,"href":"https:\/\/roveyayinevi.com.tr\/index.php\/wp-json\/wp\/v2\/product_brand?post=738487"},{"taxonomy":"product_cat","embeddable":true,"href":"https:\/\/roveyayinevi.com.tr\/index.php\/wp-json\/wp\/v2\/product_cat?post=738487"},{"taxonomy":"product_tag","embeddable":true,"href":"https:\/\/roveyayinevi.com.tr\/index.php\/wp-json\/wp\/v2\/product_tag?post=738487"}],"curies":[{"name":"wp","href":"https:\/\/api.w.org\/{rel}","templated":true}]}}