{"id":738481,"date":"2025-08-27T23:50:53","date_gmt":"2025-08-27T20:50:53","guid":{"rendered":"https:\/\/roveyayinevi.com.tr\/index.php\/urun\/gantz-11\/"},"modified":"2026-04-16T02:48:42","modified_gmt":"2026-04-15T23:48:42","slug":"gantz-11","status":"publish","type":"product","link":"https:\/\/roveyayinevi.com.tr\/index.php\/urun\/gantz-11\/","title":{"rendered":"Gantz 11"},"content":{"rendered":"<p>Yeni \u00f6\u011frenci \u0130zumi, Kurono\u2019dan kendisiyle okulda bulu\u015fmas\u0131n\u0131 ister ve bir zamanlar Gantz ekibinde yer ald\u0131\u011f\u0131n\u0131 itiraf eder. Uzayl\u0131lar\u0131 avlad\u0131\u011f\u0131 zamanlarda ya\u015fad\u0131\u011f\u0131 heyecan ve adrenaline \u00f6zlem duyan ve ayn\u0131 deneyimleri yeniden ya\u015famak isteyen \u0130zumi, Gantz\u2019\u0131n istedi\u011fi her \u015feyi yapmaya kararl\u0131d\u0131r.   Kalabal\u0131k bir sokakta y\u00fcr\u00fcyen masum insanlar\u0131 vah\u015fice katletmek de d\u00e2hil!   Hik\u00e2ye ak\u0131\u015f\u0131 ve ana kahramanlar\u0131n\u0131n ya\u015fad\u0131klar\u0131yla di\u011fer t\u00fcm mangalardan ayr\u0131lan yeti\u015fkin mangas\u0131 Gantz, y\u00fcksek temposuyla \u015fa\u015f\u0131rtmaya devam ediyor. <\/p>\n","protected":false},"excerpt":{"rendered":"<p>Yeni \u00f6\u011frenci \u0130zumi, Kurono\u2019dan kendisiyle okulda bulu\u015fmas\u0131n\u0131 ister ve bir zamanlar Gantz ekibinde yer ald\u0131\u011f\u0131n\u0131 itiraf eder. Uzayl\u0131lar\u0131 avlad\u0131\u011f\u0131 zamanlarda ya\u015fad\u0131\u011f\u0131 heyecan ve adrenaline \u00f6zlem duyan<span class=\"excerpt-hellip\"> [\u2026]<\/span><\/p>\n","protected":false},"featured_media":0,"template":"","meta":{"_monsterinsights_skip_tracking":false,"_monsterinsights_sitenote_active":false,"_monsterinsights_sitenote_note":"","_monsterinsights_sitenote_category":0},"product_brand":[],"product_cat":[12416,12291],"product_tag":[],"class_list":{"0":"post-738481","1":"product","2":"type-product","3":"status-publish","5":"product_cat-cizgi-roman","6":"product_cat-edebiyat","7":"pa_cilt-ciltsiz","8":"pa_tur-kitap","9":"pa_yayinevi-kurukafa","10":"pa_yazar-hiroya-oku","12":"first","13":"instock","14":"sale","15":"shipping-taxable","16":"purchasable","17":"product-type-simple"},"_links":{"self":[{"href":"https:\/\/roveyayinevi.com.tr\/index.php\/wp-json\/wp\/v2\/product\/738481","targetHints":{"allow":["GET"]}}],"collection":[{"href":"https:\/\/roveyayinevi.com.tr\/index.php\/wp-json\/wp\/v2\/product"}],"about":[{"href":"https:\/\/roveyayinevi.com.tr\/index.php\/wp-json\/wp\/v2\/types\/product"}],"wp:attachment":[{"href":"https:\/\/roveyayinevi.com.tr\/index.php\/wp-json\/wp\/v2\/media?parent=738481"}],"wp:term":[{"taxonomy":"product_brand","embeddable":true,"href":"https:\/\/roveyayinevi.com.tr\/index.php\/wp-json\/wp\/v2\/product_brand?post=738481"},{"taxonomy":"product_cat","embeddable":true,"href":"https:\/\/roveyayinevi.com.tr\/index.php\/wp-json\/wp\/v2\/product_cat?post=738481"},{"taxonomy":"product_tag","embeddable":true,"href":"https:\/\/roveyayinevi.com.tr\/index.php\/wp-json\/wp\/v2\/product_tag?post=738481"}],"curies":[{"name":"wp","href":"https:\/\/api.w.org\/{rel}","templated":true}]}}