{"id":738479,"date":"2025-08-27T23:50:51","date_gmt":"2025-08-27T20:50:51","guid":{"rendered":"https:\/\/roveyayinevi.com.tr\/index.php\/urun\/felsefe-tarihi-4-machiavelliden-encyclpoedieye-ciltli\/"},"modified":"2026-04-16T02:48:42","modified_gmt":"2026-04-15T23:48:42","slug":"felsefe-tarihi-4-machiavelliden-encyclpoedieye-ciltli","status":"publish","type":"product","link":"https:\/\/roveyayinevi.com.tr\/index.php\/urun\/felsefe-tarihi-4-machiavelliden-encyclpoedieye-ciltli\/","title":{"rendered":"Felsefe Tarihi 4 -Machiavelli\u2019den Encyclpoedie\u2019ye (Ciltli)"},"content":{"rendered":"<p>XV ile XVI. y\u00fczy\u0131llar aras\u0131nda felsefi d\u00fc\u015f\u00fcnce derin de\u011fi\u015fimlerden ge\u00e7er. Copernicus\u2019un G\u00fcne\u015f merkezli evren anlay\u0131\u015f\u0131, Amerika\u2019n\u0131n ke\u015ffi, Avrupa devletleri aras\u0131ndaki yeni dengeler, Reform benzeri bir\u00e7ok geli\u015fme de bu de\u011fi\u015fimin arka plan\u0131n\u0131 olu\u015fturur. Bu d\u00f6nemde Thomas More, Erasmus, Machiavelli ve Bodin gibi d\u00fc\u015f\u00fcn\u00fcrler \u00f6zellikle \u00f6nemli bir rol oynarlar. Do\u011fadaki g\u00fc\u00e7 ve yasalara duyulan ilgi de R\u00f6nesans\u2019\u0131n, bir \u00f6nceki y\u00fczy\u0131ldan miras ald\u0131\u011f\u0131 konulardand\u0131r. Di\u011fer yandan, duyular do\u011fal olgular\u0131n g\u00f6zlemlenmesinde bariz bir \u00fcst\u00fcnl\u00fc\u011fe sahiptir. Giovambattista Della Porta, Gerolamo Cardano, Tommaso Campanella, Giordano Bruno bu do\u011frultuda, ama \u00e7ok farkl\u0131 ba\u011flamlarda kar\u015f\u0131m\u0131za \u00e7\u0131karlar. Bilgi konusunda Aristoteles\u00e7i gelenekle apa\u00e7\u0131k bir k\u0131r\u0131lma ancak XVI. y\u00fczy\u0131l sonu ile XVII. y\u00fczy\u0131l\u0131n ilk yar\u0131s\u0131nda m\u00fcmk\u00fcn olacakt\u0131r. Bacon ve Descartes bu anlay\u0131\u015f farkl\u0131la\u015fmas\u0131n\u0131n y\u00f6ntemine kafa yorarlar. Descartes\u2019\u0131n yan\u0131 s\u0131ra Hobbes, Spinoza, Leibniz, Locke, Vico gibi filozoflar\u0131n y\u00fczy\u0131l\u0131 olan XVII. y\u00fczy\u0131l, geneli itibariyle insan\u0131n evrendeki konumunu yeniden tan\u0131mlama aray\u0131\u015f\u0131n\u0131n y\u00fczy\u0131l\u0131 say\u0131labilir. <\/p>\n","protected":false},"excerpt":{"rendered":"<p>XV ile XVI. y\u00fczy\u0131llar aras\u0131nda felsefi d\u00fc\u015f\u00fcnce derin de\u011fi\u015fimlerden ge\u00e7er. Copernicus\u2019un G\u00fcne\u015f merkezli evren anlay\u0131\u015f\u0131, Amerika\u2019n\u0131n ke\u015ffi, Avrupa devletleri aras\u0131ndaki yeni dengeler, Reform benzeri bir\u00e7ok geli\u015fme<span class=\"excerpt-hellip\"> [\u2026]<\/span><\/p>\n","protected":false},"featured_media":0,"template":"","meta":{"_monsterinsights_skip_tracking":false,"_monsterinsights_sitenote_active":false,"_monsterinsights_sitenote_note":"","_monsterinsights_sitenote_category":0},"product_brand":[],"product_cat":[12388,13555],"product_tag":[],"class_list":{"0":"post-738479","1":"product","2":"type-product","3":"status-publish","5":"product_cat-felsefe","6":"product_cat-genel-felsefe","7":"pa_cilt-ciltli","8":"pa_tur-kitap","9":"pa_yayinevi-alfa-yayinlari","10":"pa_yazar-umberto-eco-riccaedo-fedriga","12":"first","13":"instock","14":"sale","15":"shipping-taxable","16":"purchasable","17":"product-type-simple"},"_links":{"self":[{"href":"https:\/\/roveyayinevi.com.tr\/index.php\/wp-json\/wp\/v2\/product\/738479","targetHints":{"allow":["GET"]}}],"collection":[{"href":"https:\/\/roveyayinevi.com.tr\/index.php\/wp-json\/wp\/v2\/product"}],"about":[{"href":"https:\/\/roveyayinevi.com.tr\/index.php\/wp-json\/wp\/v2\/types\/product"}],"wp:attachment":[{"href":"https:\/\/roveyayinevi.com.tr\/index.php\/wp-json\/wp\/v2\/media?parent=738479"}],"wp:term":[{"taxonomy":"product_brand","embeddable":true,"href":"https:\/\/roveyayinevi.com.tr\/index.php\/wp-json\/wp\/v2\/product_brand?post=738479"},{"taxonomy":"product_cat","embeddable":true,"href":"https:\/\/roveyayinevi.com.tr\/index.php\/wp-json\/wp\/v2\/product_cat?post=738479"},{"taxonomy":"product_tag","embeddable":true,"href":"https:\/\/roveyayinevi.com.tr\/index.php\/wp-json\/wp\/v2\/product_tag?post=738479"}],"curies":[{"name":"wp","href":"https:\/\/api.w.org\/{rel}","templated":true}]}}