{"id":738475,"date":"2025-08-27T23:50:48","date_gmt":"2025-08-27T20:50:48","guid":{"rendered":"https:\/\/roveyayinevi.com.tr\/index.php\/urun\/insan-nedir-teistik-materyalizmin-imkani\/"},"modified":"2026-04-16T02:48:42","modified_gmt":"2026-04-15T23:48:42","slug":"insan-nedir-teistik-materyalizmin-imkani","status":"publish","type":"product","link":"https:\/\/roveyayinevi.com.tr\/index.php\/urun\/insan-nedir-teistik-materyalizmin-imkani\/","title":{"rendered":"\u0130nsan Nedir? \u2013 Teistik Materyalizmin \u0130mkan\u0131"},"content":{"rendered":"<p>Ne t\u00fcr varl\u0131klar oldu\u011fumuza ili\u015fkin g\u00fcn\u00fcm\u00fczde pek \u00e7ok farkl\u0131 teori mevcuttur ve bu teorilere her ge\u00e7en g\u00fcn yenileri eklenmektedir. Ancak \u00f6zellikle 20. y\u00fczy\u0131ldan itibaren ortaya at\u0131lan teoriler, her ne kadar baz\u0131 a\u00e7\u0131lardan birbirinden farkl\u0131la\u015f\u0131yor olsa da genel itibariyle insan do\u011fas\u0131n\u0131n maddi bir yap\u0131da oldu\u011fu noktas\u0131nda hemfikirdir. Bu iddia, i\u00e7inde, felsefi oldu\u011fu kadar teistik a\u00e7\u0131mlar\u0131 da olan bir fikir bar\u0131nd\u0131r\u0131r. Zira insan\u0131n gayri-maddi oldu\u011fu iddias\u0131, \u015fimdiye kadar, teist d\u00fc\u015f\u00fcn\u00fcrler aras\u0131nda \u00f6nemli bir yere sahip olmu\u015ftur ve kimilerine g\u00f6re insan\u0131n maddi bir yap\u0131da oldu\u011fu fikri teistik inan\u00e7lar a\u00e7\u0131s\u0131ndan tehlike arz eder. \u0130nsan do\u011fas\u0131na ili\u015fkin g\u00fcncel g\u00f6r\u00fc\u015f ve tart\u0131\u015fmalar\u0131 ele alan bu kitap, temelde, bu g\u00f6r\u00fc\u015f ve tart\u0131\u015fmalar\u0131n ortaya \u00e7\u0131kard\u0131\u011f\u0131 yeni soru ve sorunlar\u0131 incelemektedir. <\/p>\n","protected":false},"excerpt":{"rendered":"<p>Ne t\u00fcr varl\u0131klar oldu\u011fumuza ili\u015fkin g\u00fcn\u00fcm\u00fczde pek \u00e7ok farkl\u0131 teori mevcuttur ve bu teorilere her ge\u00e7en g\u00fcn yenileri eklenmektedir. Ancak \u00f6zellikle 20. y\u00fczy\u0131ldan itibaren ortaya at\u0131lan<span class=\"excerpt-hellip\"> [\u2026]<\/span><\/p>\n","protected":false},"featured_media":0,"template":"","meta":{"_monsterinsights_skip_tracking":false,"_monsterinsights_sitenote_active":false,"_monsterinsights_sitenote_note":"","_monsterinsights_sitenote_category":0},"product_brand":[],"product_cat":[12388,13555],"product_tag":[],"class_list":{"0":"post-738475","1":"product","2":"type-product","3":"status-publish","5":"product_cat-felsefe","6":"product_cat-genel-felsefe","7":"pa_cilt-ciltsiz","8":"pa_tur-kitap","9":"pa_yayinevi-albaraka-yayinlari","10":"pa_yazar-aykut-alper-yilmaz","12":"first","13":"instock","14":"sale","15":"shipping-taxable","16":"purchasable","17":"product-type-simple"},"_links":{"self":[{"href":"https:\/\/roveyayinevi.com.tr\/index.php\/wp-json\/wp\/v2\/product\/738475","targetHints":{"allow":["GET"]}}],"collection":[{"href":"https:\/\/roveyayinevi.com.tr\/index.php\/wp-json\/wp\/v2\/product"}],"about":[{"href":"https:\/\/roveyayinevi.com.tr\/index.php\/wp-json\/wp\/v2\/types\/product"}],"wp:attachment":[{"href":"https:\/\/roveyayinevi.com.tr\/index.php\/wp-json\/wp\/v2\/media?parent=738475"}],"wp:term":[{"taxonomy":"product_brand","embeddable":true,"href":"https:\/\/roveyayinevi.com.tr\/index.php\/wp-json\/wp\/v2\/product_brand?post=738475"},{"taxonomy":"product_cat","embeddable":true,"href":"https:\/\/roveyayinevi.com.tr\/index.php\/wp-json\/wp\/v2\/product_cat?post=738475"},{"taxonomy":"product_tag","embeddable":true,"href":"https:\/\/roveyayinevi.com.tr\/index.php\/wp-json\/wp\/v2\/product_tag?post=738475"}],"curies":[{"name":"wp","href":"https:\/\/api.w.org\/{rel}","templated":true}]}}