{"id":738474,"date":"2025-08-27T23:50:47","date_gmt":"2025-08-27T20:50:47","guid":{"rendered":"https:\/\/roveyayinevi.com.tr\/index.php\/urun\/benlik-bireysellik-yasam-ve-olume-dair-antik-ve-modern-gorusler\/"},"modified":"2025-12-30T10:50:27","modified_gmt":"2025-12-30T07:50:27","slug":"benlik-bireysellik-yasam-ve-olume-dair-antik-ve-modern-gorusler","status":"publish","type":"product","link":"https:\/\/roveyayinevi.com.tr\/index.php\/urun\/benlik-bireysellik-yasam-ve-olume-dair-antik-ve-modern-gorusler\/","title":{"rendered":"Benlik \u2013 Bireysellik, Ya\u015fam ve \u00d6l\u00fcme Dair Antik ve Modern G\u00f6r\u00fc\u015fler"},"content":{"rendered":"<p>Klasik d\u00f6nem Yunan d\u00fc\u015f\u00fcncesinin yan\u0131 s\u0131ra Bat\u0131 ve Do\u011fu felsefelerinden yararlanan Richard Sorabji, Benlik&#8217;te bireysel benlik denen \u015feyin ger\u00e7ekten var olup olmad\u0131\u011f\u0131 sorusuna ek olarak &#8220;benlik&#8221; denen \u015feyin yaln\u0131zca bir bilin\u00e7 ak\u0131\u015f\u0131ndan m\u0131 ibaret oldu\u011fu sorusuna yan\u0131t aramaktad\u0131r. Sorabji&#8217;ye g\u00f6re benlik, yeri tam saptanamayan bir ruh veya ego de\u011fil, varl\u0131\u011f\u0131 apa\u00e7\u0131k g\u00f6r\u00fclebilen bedenlenmi\u015f bir bireydir. Dolay\u0131s\u0131yla ona g\u00f6re &#8220;benlik&#8221; salt bir bilin\u00e7 ak\u0131\u015f\u0131ndan farkl\u0131 olarak, yaln\u0131zca bir bilince de\u011fil, ayn\u0131 zamanda bir bedene sahip olan bir entitedir. Sorabji, kitapta &#8220;benlik&#8221; fikrinin tarihsel izini s\u00fcrmekle birlikte, benli\u011fe ili\u015fkin bu fikirlerin ya\u015fam ve \u00f6l\u00fcm tasavvurlar\u0131 \u00fczerindeki etkilerini de incelemekte ve okura \u015fu sorular\u0131 sormaktad\u0131r: \u00d6l\u00fcmden korkmal\u0131 m\u0131y\u0131z? Bireyselli\u011fimiz ya\u015fama \u015feklimizi ne \u015fekilde etkilemelidir?   Sorabji, Benlik\u2019te, Do\u011fu&#8217;dan ve Bat\u0131&#8217;dan \u00e7e\u015fitli felsefe okullar\u0131n\u0131n benli\u011fe ili\u015fkin g\u00f6r\u00fc\u015flerini yetkin bir \u015fekilde \u00f6zetlemek suretiyle okura, gelecekteki felsefi tart\u0131\u015fmalar\u0131n \u00f6n saflar\u0131nda yer alacak bir konu olarak &#8220;benlik&#8221; ile ilgili yeni ufuklar sunmaktad\u0131r.   <\/p>\n","protected":false},"excerpt":{"rendered":"<p>Klasik d\u00f6nem Yunan d\u00fc\u015f\u00fcncesinin yan\u0131 s\u0131ra Bat\u0131 ve Do\u011fu felsefelerinden yararlanan Richard Sorabji, Benlik&#8217;te bireysel benlik denen \u015feyin ger\u00e7ekten var olup olmad\u0131\u011f\u0131 sorusuna ek olarak &#8220;benlik&#8221;<span class=\"excerpt-hellip\"> [\u2026]<\/span><\/p>\n","protected":false},"featured_media":0,"template":"","meta":{"_monsterinsights_skip_tracking":false,"_monsterinsights_sitenote_active":false,"_monsterinsights_sitenote_note":"","_monsterinsights_sitenote_category":0},"product_brand":[],"product_cat":[12388,13555],"product_tag":[],"class_list":{"0":"post-738474","1":"product","2":"type-product","3":"status-publish","5":"product_cat-felsefe","6":"product_cat-genel-felsefe","7":"pa_cilt-ciltsiz","8":"pa_tur-kitap","9":"pa_yayinevi-albaraka-yayinlari","10":"pa_yazar-richard-sorabji","12":"first","13":"onbackorder","14":"sale","15":"shipping-taxable","16":"purchasable","17":"product-type-simple"},"_links":{"self":[{"href":"https:\/\/roveyayinevi.com.tr\/index.php\/wp-json\/wp\/v2\/product\/738474","targetHints":{"allow":["GET"]}}],"collection":[{"href":"https:\/\/roveyayinevi.com.tr\/index.php\/wp-json\/wp\/v2\/product"}],"about":[{"href":"https:\/\/roveyayinevi.com.tr\/index.php\/wp-json\/wp\/v2\/types\/product"}],"wp:attachment":[{"href":"https:\/\/roveyayinevi.com.tr\/index.php\/wp-json\/wp\/v2\/media?parent=738474"}],"wp:term":[{"taxonomy":"product_brand","embeddable":true,"href":"https:\/\/roveyayinevi.com.tr\/index.php\/wp-json\/wp\/v2\/product_brand?post=738474"},{"taxonomy":"product_cat","embeddable":true,"href":"https:\/\/roveyayinevi.com.tr\/index.php\/wp-json\/wp\/v2\/product_cat?post=738474"},{"taxonomy":"product_tag","embeddable":true,"href":"https:\/\/roveyayinevi.com.tr\/index.php\/wp-json\/wp\/v2\/product_tag?post=738474"}],"curies":[{"name":"wp","href":"https:\/\/api.w.org\/{rel}","templated":true}]}}