{"id":738473,"date":"2025-08-27T23:50:47","date_gmt":"2025-08-27T20:50:47","guid":{"rendered":"https:\/\/roveyayinevi.com.tr\/index.php\/urun\/aydinlanma-nedir-2\/"},"modified":"2026-04-16T02:48:42","modified_gmt":"2026-04-15T23:48:42","slug":"aydinlanma-nedir-2","status":"publish","type":"product","link":"https:\/\/roveyayinevi.com.tr\/index.php\/urun\/aydinlanma-nedir-2\/","title":{"rendered":"Ayd\u0131nlanma Nedir?"},"content":{"rendered":"<p>Kant&#8217;\u0131n en k\u0131sa ve \u00f6z metinlerinden olmakla birlikte, ayn\u0131 zamanda Kant d\u00fc\u015f\u00fcncesinin yo\u011fun, kritik a\u011f\u0131rl\u0131kl\u0131 dokusundan k\u0131\u015fk\u0131rt\u0131c\u0131 retori\u011fiyle s\u0131yr\u0131lan &#8220;Ayd\u0131nlanma Nedir?&#8221;in, ayd\u0131nlanma d\u00fc\u015f\u00fcncesinin b\u00fcy\u00fcleyici ve zorlay\u0131c\u0131 bir temel metni oldu\u011fu bug\u00fcn hemen herkes\u00e7e kabul edilen bir ger\u00e7ektir.   Bu kitap, Kant&#8217;\u0131n \u201cAyd\u0131nlanma Nedir?\u201d makalesi ba\u015fta olmak \u00fczere, bu soruya \u00e7e\u015fitli \u015fekillerde temas etmi\u015f yahut cevap vermi\u015f Erhard, Hamann, Herder, Lessing, Mendelssohn, Riem, Schiller, Wieland gibi \u00f6nemli Alman d\u00fc\u015f\u00fcn\u00fcrlerin g\u00f6r\u00fc\u015flerinin bir derlemesini sunmaktad\u0131r. Kitap, Kant veya ayd\u0131nlanma felsefesinin yan\u0131 s\u0131ra siyaset ve tarih gibi disiplinlerde ara\u015ft\u0131rma yapan her okur i\u00e7in temel bir kaynakt\u0131r. <\/p>\n","protected":false},"excerpt":{"rendered":"<p>Kant&#8217;\u0131n en k\u0131sa ve \u00f6z metinlerinden olmakla birlikte, ayn\u0131 zamanda Kant d\u00fc\u015f\u00fcncesinin yo\u011fun, kritik a\u011f\u0131rl\u0131kl\u0131 dokusundan k\u0131\u015fk\u0131rt\u0131c\u0131 retori\u011fiyle s\u0131yr\u0131lan &#8220;Ayd\u0131nlanma Nedir?&#8221;in, ayd\u0131nlanma d\u00fc\u015f\u00fcncesinin b\u00fcy\u00fcleyici ve zorlay\u0131c\u0131<span class=\"excerpt-hellip\"> [\u2026]<\/span><\/p>\n","protected":false},"featured_media":0,"template":"","meta":{"_monsterinsights_skip_tracking":false,"_monsterinsights_sitenote_active":false,"_monsterinsights_sitenote_note":"","_monsterinsights_sitenote_category":0},"product_brand":[],"product_cat":[12388,13555],"product_tag":[],"class_list":{"0":"post-738473","1":"product","2":"type-product","3":"status-publish","5":"product_cat-felsefe","6":"product_cat-genel-felsefe","7":"pa_cilt-ciltsiz","8":"pa_tur-kitap","9":"pa_yayinevi-albaraka-yayinlari","10":"pa_yazar-immanuel-kant","12":"first","13":"instock","14":"sale","15":"shipping-taxable","16":"purchasable","17":"product-type-simple"},"_links":{"self":[{"href":"https:\/\/roveyayinevi.com.tr\/index.php\/wp-json\/wp\/v2\/product\/738473","targetHints":{"allow":["GET"]}}],"collection":[{"href":"https:\/\/roveyayinevi.com.tr\/index.php\/wp-json\/wp\/v2\/product"}],"about":[{"href":"https:\/\/roveyayinevi.com.tr\/index.php\/wp-json\/wp\/v2\/types\/product"}],"wp:attachment":[{"href":"https:\/\/roveyayinevi.com.tr\/index.php\/wp-json\/wp\/v2\/media?parent=738473"}],"wp:term":[{"taxonomy":"product_brand","embeddable":true,"href":"https:\/\/roveyayinevi.com.tr\/index.php\/wp-json\/wp\/v2\/product_brand?post=738473"},{"taxonomy":"product_cat","embeddable":true,"href":"https:\/\/roveyayinevi.com.tr\/index.php\/wp-json\/wp\/v2\/product_cat?post=738473"},{"taxonomy":"product_tag","embeddable":true,"href":"https:\/\/roveyayinevi.com.tr\/index.php\/wp-json\/wp\/v2\/product_tag?post=738473"}],"curies":[{"name":"wp","href":"https:\/\/api.w.org\/{rel}","templated":true}]}}