{"id":738472,"date":"2025-08-27T23:50:46","date_gmt":"2025-08-27T20:50:46","guid":{"rendered":"https:\/\/roveyayinevi.com.tr\/index.php\/urun\/sessizligin-dunyasi\/"},"modified":"2026-04-16T02:48:42","modified_gmt":"2026-04-15T23:48:42","slug":"sessizligin-dunyasi","status":"publish","type":"product","link":"https:\/\/roveyayinevi.com.tr\/index.php\/urun\/sessizligin-dunyasi\/","title":{"rendered":"Sessizli\u011fin D\u00fcnyas\u0131"},"content":{"rendered":"<p>Sessizlik, yaln\u0131zca insanlar\u0131n konu\u015fmaya son vermesinden do\u011fmaz. Sessizlik, ki\u015finin yaln\u0131zca [s\u00f6yleyece\u011fi] s\u00f6zden vazge\u00e7mesinden, uygun oldu\u011funda tak\u0131naca\u011f\u0131 bir tav\u0131rdan daha fazlas\u0131d\u0131r.   Sessizlik, s\u00f6z\u00fcn bitti\u011fi yerde ba\u015flar; ama s\u00f6z bitti\u011fi i\u00e7in ba\u015flamaz. O zaman fark edilir olur.   Sessizlik, ba\u015fl\u0131 ba\u015f\u0131na bir fenomendir.   Sessizlik, s\u00f6z\u00fcn kesilmesiyle \u00f6zde\u015f de\u011fildir, indirgenmi\u015f bir \u015fey de de\u011fildir; kendili\u011finden olu\u015fan bir b\u00fct\u00fcnd\u00fcr, s\u00f6z gibi yarat\u0131c\u0131d\u0131r ve s\u00f6z gibi insanlar\u0131 \u015fekillendirir; ancak [s\u00f6z ile] ayn\u0131 \u00f6l\u00e7\u00fclerde de\u011fildir.   Sessizlik, insanl\u0131\u011f\u0131n temel yap\u0131ta\u015flar\u0131ndand\u0131r.   Elinizdeki kitap, okuru &#8220;sessizlik i\u00e7eren bir d\u00fcnya g\u00f6r\u00fc\u015f\u00fcne&#8221; ula\u015ft\u0131rmay\u0131 ama\u00e7lamad\u0131\u011f\u0131 gibi, s\u00f6z\u00fcn\u00fc sak\u0131nmas\u0131na da y\u00f6nlendirmemelidir. Nitekim insan, ilkin s\u00f6z\u00fcyle insand\u0131r; sessizli\u011fiyle de\u011fil.    S\u00f6z, sessizlikten \u00fcst\u00fcnd\u00fcr, ancak sessizlikle olan ili\u015fkisini kaybetti\u011finde k\u00f6relir. \u0130\u015fte bu y\u00fczden, bug\u00fcn \u00fczeri \u00f6rt\u00fcl\u00fc sessizlik d\u00fcnyas\u0131, sessizlik ad\u0131na de\u011fil; s\u00f6z u\u011fruna yeniden a\u00e7\u0131\u011fa \u00e7\u0131kar\u0131lmal\u0131d\u0131r. <\/p>\n","protected":false},"excerpt":{"rendered":"<p>Sessizlik, yaln\u0131zca insanlar\u0131n konu\u015fmaya son vermesinden do\u011fmaz. Sessizlik, ki\u015finin yaln\u0131zca [s\u00f6yleyece\u011fi] s\u00f6zden vazge\u00e7mesinden, uygun oldu\u011funda tak\u0131naca\u011f\u0131 bir tav\u0131rdan daha fazlas\u0131d\u0131r. Sessizlik, s\u00f6z\u00fcn bitti\u011fi yerde ba\u015flar; ama<span class=\"excerpt-hellip\"> [\u2026]<\/span><\/p>\n","protected":false},"featured_media":0,"template":"","meta":{"_monsterinsights_skip_tracking":false,"_monsterinsights_sitenote_active":false,"_monsterinsights_sitenote_note":"","_monsterinsights_sitenote_category":0},"product_brand":[],"product_cat":[12777,12291],"product_tag":[],"class_list":{"0":"post-738472","1":"product","2":"type-product","3":"status-publish","5":"product_cat-deneme","6":"product_cat-edebiyat","7":"pa_cilt-ciltsiz","8":"pa_tur-kitap","9":"pa_yayinevi-albaraka-yayinlari","10":"pa_yazar-max-picard","12":"first","13":"instock","14":"sale","15":"shipping-taxable","16":"purchasable","17":"product-type-simple"},"_links":{"self":[{"href":"https:\/\/roveyayinevi.com.tr\/index.php\/wp-json\/wp\/v2\/product\/738472","targetHints":{"allow":["GET"]}}],"collection":[{"href":"https:\/\/roveyayinevi.com.tr\/index.php\/wp-json\/wp\/v2\/product"}],"about":[{"href":"https:\/\/roveyayinevi.com.tr\/index.php\/wp-json\/wp\/v2\/types\/product"}],"wp:attachment":[{"href":"https:\/\/roveyayinevi.com.tr\/index.php\/wp-json\/wp\/v2\/media?parent=738472"}],"wp:term":[{"taxonomy":"product_brand","embeddable":true,"href":"https:\/\/roveyayinevi.com.tr\/index.php\/wp-json\/wp\/v2\/product_brand?post=738472"},{"taxonomy":"product_cat","embeddable":true,"href":"https:\/\/roveyayinevi.com.tr\/index.php\/wp-json\/wp\/v2\/product_cat?post=738472"},{"taxonomy":"product_tag","embeddable":true,"href":"https:\/\/roveyayinevi.com.tr\/index.php\/wp-json\/wp\/v2\/product_tag?post=738472"}],"curies":[{"name":"wp","href":"https:\/\/api.w.org\/{rel}","templated":true}]}}