{"id":738471,"date":"2025-08-27T23:50:45","date_gmt":"2025-08-27T20:50:45","guid":{"rendered":"https:\/\/roveyayinevi.com.tr\/index.php\/urun\/semeretul-hikme-geometriye-giris\/"},"modified":"2026-04-16T02:48:42","modified_gmt":"2026-04-15T23:48:42","slug":"semeretul-hikme-geometriye-giris","status":"publish","type":"product","link":"https:\/\/roveyayinevi.com.tr\/index.php\/urun\/semeretul-hikme-geometriye-giris\/","title":{"rendered":"Semeret\u00fc&#8217;l-Hikme \u2013 Geometriye Giri\u015f"},"content":{"rendered":"<p>Elinizdeki bu \u00e7al\u0131\u015fma Bat\u0131 d\u00fcnyas\u0131nda Alhazen veya Avenetan adlar\u0131yla tan\u0131nan ve optik alan\u0131nda Kit\u00e2b\u00fc\u2019l-Men\u00e2z\u0131r ismindeki eseriyle \u00e7\u0131\u011f\u0131r a\u00e7m\u0131\u015f b\u00fcy\u00fck fizik\u00e7i \u0130bn\u00fc\u2019l-Heysem\u2019in Semeret\u00fc\u2019l-hikme: Geometriye Giri\u015f isimli eserinin hem yeni bir edisyonunu hem de T\u00fcrk\u00e7e \u00e7evirisini ihtiva etmektedir. Bunun yan\u0131 s\u0131ra bir taraftan \u0130bn\u00fc\u2019l-Heysem hakk\u0131nda genel bir bilgi vermesi di\u011fer taraftan da onun matematik\u00e7i\/geometrici y\u00f6n\u00fcn\u00fc ele almas\u0131 bak\u0131m\u0131ndan Katar \u00dcniversitesi felsefe hocalar\u0131ndan Amm\u00e2r T\u00e2lib\u00ee\u2019nin bu eser \u00fczerine kaleme ald\u0131\u011f\u0131 inceleme yaz\u0131s\u0131 da bu \u00e7al\u0131\u015fmaya eklendi. \u0130bn\u00fc\u2019l-Heysem bu eserinde felsefeye yeni ba\u015flayan kimseler i\u00e7in genel olarak felsefenin, \u00f6zel olarak da geometrinin faydalar\u0131n\u0131 dile getirerek gen\u00e7 ilim ve felsefe talebelerinin i\u015flerini kolayla\u015ft\u0131rmay\u0131 ama\u00e7lam\u0131\u015ft\u0131r. Zira ona g\u00f6re geometri mant\u0131kla birlikte felsefenin iki giri\u015finden biridir ve felsefeye yeni ba\u015flayan kimse ilk olarak geometriye sonras\u0131nda mant\u0131k ilmine u\u011framal\u0131d\u0131r. Geometrinin burhanlar\u0131n\u0131n\/ispatlar\u0131n\u0131n kesin olmas\u0131 nedeniyle felsefeye yeni ba\u015flayan kimseler onun sayesinde burh\u00e2n\u00ee bilgiye al\u0131\u015f\u0131r ve burhan\u0131n sureti\/bi\u00e7imi onlar\u0131n nefslerinde yerle\u015fik bir h\u00e2l al\u0131r. Geometrinin \u201cilm\u00fc\u2019r-riy\u00e2za\u201d (al\u0131\u015ft\u0131rma ilmi) \u015feklinde isimlendirilmesinin nedeni de budur. Dolay\u0131s\u0131yla \u0130bn\u00fc\u2019l-Heysem\u2019e g\u00f6re bu eseri dikkatli bir \u015fekilde tetkik eden okurlar felsefe tahsili esnas\u0131nda neyin ger\u00e7ek anlamda burhan olup olmad\u0131\u011f\u0131n\u0131 ayr\u0131\u015ft\u0131rma yetisi kazanacaklard\u0131r.   <\/p>\n","protected":false},"excerpt":{"rendered":"<p>Elinizdeki bu \u00e7al\u0131\u015fma Bat\u0131 d\u00fcnyas\u0131nda Alhazen veya Avenetan adlar\u0131yla tan\u0131nan ve optik alan\u0131nda Kit\u00e2b\u00fc\u2019l-Men\u00e2z\u0131r ismindeki eseriyle \u00e7\u0131\u011f\u0131r a\u00e7m\u0131\u015f b\u00fcy\u00fck fizik\u00e7i \u0130bn\u00fc\u2019l-Heysem\u2019in Semeret\u00fc\u2019l-hikme: Geometriye Giri\u015f isimli eserinin<span class=\"excerpt-hellip\"> [\u2026]<\/span><\/p>\n","protected":false},"featured_media":0,"template":"","meta":{"_monsterinsights_skip_tracking":false,"_monsterinsights_sitenote_active":false,"_monsterinsights_sitenote_note":"","_monsterinsights_sitenote_category":0},"product_brand":[],"product_cat":[12718,12719],"product_tag":[],"class_list":{"0":"post-738471","1":"product","2":"type-product","3":"status-publish","5":"product_cat-din","6":"product_cat-islam","7":"pa_cilt-ciltsiz","8":"pa_tur-kitap","9":"pa_yayinevi-albaraka-yayinlari","10":"pa_yazar-ibn-miskeveyh","12":"first","13":"instock","14":"sale","15":"shipping-taxable","16":"purchasable","17":"product-type-simple"},"_links":{"self":[{"href":"https:\/\/roveyayinevi.com.tr\/index.php\/wp-json\/wp\/v2\/product\/738471","targetHints":{"allow":["GET"]}}],"collection":[{"href":"https:\/\/roveyayinevi.com.tr\/index.php\/wp-json\/wp\/v2\/product"}],"about":[{"href":"https:\/\/roveyayinevi.com.tr\/index.php\/wp-json\/wp\/v2\/types\/product"}],"wp:attachment":[{"href":"https:\/\/roveyayinevi.com.tr\/index.php\/wp-json\/wp\/v2\/media?parent=738471"}],"wp:term":[{"taxonomy":"product_brand","embeddable":true,"href":"https:\/\/roveyayinevi.com.tr\/index.php\/wp-json\/wp\/v2\/product_brand?post=738471"},{"taxonomy":"product_cat","embeddable":true,"href":"https:\/\/roveyayinevi.com.tr\/index.php\/wp-json\/wp\/v2\/product_cat?post=738471"},{"taxonomy":"product_tag","embeddable":true,"href":"https:\/\/roveyayinevi.com.tr\/index.php\/wp-json\/wp\/v2\/product_tag?post=738471"}],"curies":[{"name":"wp","href":"https:\/\/api.w.org\/{rel}","templated":true}]}}