{"id":738470,"date":"2025-08-27T23:50:44","date_gmt":"2025-08-27T20:50:44","guid":{"rendered":"https:\/\/roveyayinevi.com.tr\/index.php\/urun\/rus-iktisadi-dusunce-tarihi\/"},"modified":"2026-04-16T02:48:42","modified_gmt":"2026-04-15T23:48:42","slug":"rus-iktisadi-dusunce-tarihi","status":"publish","type":"product","link":"https:\/\/roveyayinevi.com.tr\/index.php\/urun\/rus-iktisadi-dusunce-tarihi\/","title":{"rendered":"Rus \u0130ktisadi D\u00fc\u015f\u00fcnce Tarihi"},"content":{"rendered":"<p>Sovyet Sosyalist Cumhuriyet Birli\u011fi&#8217;nin 1980&#8217;lerin sonunda \u00e7\u00f6k\u00fc\u015f\u00fc, kapitalist demokrasi i\u00e7in \u00e2deta bir zafer havas\u0131 yaratt\u0131. Vincent Barnett, kitab\u0131nda, Rus ve Sovyet ekonomik d\u00fc\u015f\u00fcncesinin on dokuzuncu ve yirminci y\u00fczy\u0131llardaki tarihsel geli\u015fiminin ilk kapsaml\u0131 a\u00e7\u0131klamas\u0131n\u0131 sunmakla beraber Rus iktisadi d\u00fc\u015f\u00fcncesinin yirmi birinci y\u00fczy\u0131lda evrilebilece\u011fi formlar\u0131 da de\u011ferlendiriyor. Yazar, ayn\u0131 zamanda, geni\u015f bir tarih\u00ee kaynak yelpazesinden yararlanmak suretiyle, klasik, neoklasik, tarihsel, sosyalist, liberal ve Marksist okullar d\u00e2hil olmak \u00fczere farkl\u0131 d\u00fc\u015f\u00fcnce kollar\u0131n\u0131 inceliyor. Rus iktisat d\u00fc\u015f\u00fcn\u00fcrlerinin politik d\u00fc\u015f\u00fcnce \u00fczerindeki etkilerini de ele alan kitap, 1870 \u00f6ncesini, \u00c7arl\u0131k ekonomisini, ge\u00e7 \u00c7arl\u0131k d\u00f6nemini, sava\u015f d\u00f6nemini, Bol\u015fevik ekonomisini, Stalinist ekonomiyi ve son olarak 1940 sonras\u0131 Rus ekonomisini kaps\u0131yor.    En \u00f6nemli Rus iktisat\u00e7\u0131lar\u0131n\u0131n \u00e7al\u0131\u015fmalar\u0131n\u0131 ayr\u0131nt\u0131l\u0131 bir zaman \u00e7izelgesinde sunmak ve tarihsel s\u00fcreksizliklerin bir disiplin olarak Rus ekonomisinin kurumsal yap\u0131s\u0131 \u00fczerindeki etkilerini analiz etmek suretiyle Barnett&#8217;\u0131n bu kitab\u0131, iktisat tarihi ve Rus ekonomik d\u00fc\u015f\u00fcncesinin evrimiyle ilgilenen herkes i\u00e7in temel bir metin te\u015fkil ediyor.  <\/p>\n","protected":false},"excerpt":{"rendered":"<p>Sovyet Sosyalist Cumhuriyet Birli\u011fi&#8217;nin 1980&#8217;lerin sonunda \u00e7\u00f6k\u00fc\u015f\u00fc, kapitalist demokrasi i\u00e7in \u00e2deta bir zafer havas\u0131 yaratt\u0131. Vincent Barnett, kitab\u0131nda, Rus ve Sovyet ekonomik d\u00fc\u015f\u00fcncesinin on dokuzuncu ve<span class=\"excerpt-hellip\"> [\u2026]<\/span><\/p>\n","protected":false},"featured_media":0,"template":"","meta":{"_monsterinsights_skip_tracking":false,"_monsterinsights_sitenote_active":false,"_monsterinsights_sitenote_note":"","_monsterinsights_sitenote_category":0},"product_brand":[],"product_cat":[20333,13043],"product_tag":[],"class_list":{"0":"post-738470","1":"product","2":"type-product","3":"status-publish","5":"product_cat-diger-ekonomi","6":"product_cat-ekonomi","7":"pa_cilt-ciltsiz","8":"pa_tur-kitap","9":"pa_yayinevi-albaraka-yayinlari","10":"pa_yazar-vincent-barnett","12":"first","13":"instock","14":"sale","15":"shipping-taxable","16":"purchasable","17":"product-type-simple"},"_links":{"self":[{"href":"https:\/\/roveyayinevi.com.tr\/index.php\/wp-json\/wp\/v2\/product\/738470","targetHints":{"allow":["GET"]}}],"collection":[{"href":"https:\/\/roveyayinevi.com.tr\/index.php\/wp-json\/wp\/v2\/product"}],"about":[{"href":"https:\/\/roveyayinevi.com.tr\/index.php\/wp-json\/wp\/v2\/types\/product"}],"wp:attachment":[{"href":"https:\/\/roveyayinevi.com.tr\/index.php\/wp-json\/wp\/v2\/media?parent=738470"}],"wp:term":[{"taxonomy":"product_brand","embeddable":true,"href":"https:\/\/roveyayinevi.com.tr\/index.php\/wp-json\/wp\/v2\/product_brand?post=738470"},{"taxonomy":"product_cat","embeddable":true,"href":"https:\/\/roveyayinevi.com.tr\/index.php\/wp-json\/wp\/v2\/product_cat?post=738470"},{"taxonomy":"product_tag","embeddable":true,"href":"https:\/\/roveyayinevi.com.tr\/index.php\/wp-json\/wp\/v2\/product_tag?post=738470"}],"curies":[{"name":"wp","href":"https:\/\/api.w.org\/{rel}","templated":true}]}}