{"id":738469,"date":"2025-08-27T23:50:43","date_gmt":"2025-08-27T20:50:43","guid":{"rendered":"https:\/\/roveyayinevi.com.tr\/index.php\/urun\/deniz-kizi-2\/"},"modified":"2026-04-16T02:48:42","modified_gmt":"2026-04-15T23:48:42","slug":"deniz-kizi-2","status":"publish","type":"product","link":"https:\/\/roveyayinevi.com.tr\/index.php\/urun\/deniz-kizi-2\/","title":{"rendered":"Deniz K\u0131z\u0131"},"content":{"rendered":"<p>Bir deniz k\u0131z\u0131 neyi de\u011fi\u015ftirebilir?\u201cHi\u00e7 ye\u015fil deniz k\u0131z\u0131 olur mu? Kimse inanmaz!\u201d\u201c\u0130yi de deniz k\u0131z\u0131 ger\u00e7ek de\u011fil ki mitolojik bir yarat\u0131k!\u201d\u201cHakl\u0131s\u0131n.\u201d\u201cO zaman can\u0131 hangi rengi isterse ona boyar.\u201d\u201cO da do\u011fru. Bak akl\u0131ma ne geldi, acaba Hans\u0131n da hayal kuruyor mu? Hani bizlerden farkl\u0131ym\u0131\u015f ya!\u201d\u201cKurdu\u011fu belli olmuyor mu?\u201d\u201cNas\u0131l yani?\u201d\u201cAk\u0131ll\u0131m, ye\u015fil deniz k\u0131z\u0131 yapm\u0131\u015f i\u015fte! He he he!\u201dKaan istemeyerek gitti\u011fi halas\u0131n\u0131n yazl\u0131\u011f\u0131nda, o g\u00fcne kadar tan\u0131d\u0131\u011f\u0131 \u00e7ocuklardan \u00e7ok farkl\u0131 biriyle kar\u015f\u0131la\u015f\u0131r. \u0130lk ba\u015fta birbirlerine yabanc\u0131d\u0131rlar, ancak bir deniz k\u0131z\u0131n\u0131n araya girmesiyle her \u015fey de\u011fi\u015fir. B\u00f6ylece zorunlu yaz tatili bir \u015fenli\u011fe d\u00f6n\u00fc\u015f\u00fcr.<\/p>\n","protected":false},"excerpt":{"rendered":"<p>Bir deniz k\u0131z\u0131 neyi de\u011fi\u015ftirebilir?\u201cHi\u00e7 ye\u015fil deniz k\u0131z\u0131 olur mu? Kimse inanmaz!\u201d\u201c\u0130yi de deniz k\u0131z\u0131 ger\u00e7ek de\u011fil ki mitolojik bir yarat\u0131k!\u201d\u201cHakl\u0131s\u0131n.\u201d\u201cO zaman can\u0131 hangi rengi isterse<span class=\"excerpt-hellip\"> [\u2026]<\/span><\/p>\n","protected":false},"featured_media":0,"template":"","meta":{"_monsterinsights_skip_tracking":false,"_monsterinsights_sitenote_active":false,"_monsterinsights_sitenote_note":"","_monsterinsights_sitenote_category":0},"product_brand":[],"product_cat":[12274,12284],"product_tag":[],"class_list":{"0":"post-738469","1":"product","2":"type-product","3":"status-publish","5":"product_cat-cocuk-ve-genclik-kitaplari","6":"product_cat-hikayeler","7":"pa_cilt-ciltsiz","8":"pa_tur-kitap","9":"pa_yayinevi-altin-kitaplar-ozel-urun","10":"pa_yazar-mizyal-cakmak","12":"first","13":"instock","14":"sale","15":"shipping-taxable","16":"purchasable","17":"product-type-simple"},"_links":{"self":[{"href":"https:\/\/roveyayinevi.com.tr\/index.php\/wp-json\/wp\/v2\/product\/738469","targetHints":{"allow":["GET"]}}],"collection":[{"href":"https:\/\/roveyayinevi.com.tr\/index.php\/wp-json\/wp\/v2\/product"}],"about":[{"href":"https:\/\/roveyayinevi.com.tr\/index.php\/wp-json\/wp\/v2\/types\/product"}],"wp:attachment":[{"href":"https:\/\/roveyayinevi.com.tr\/index.php\/wp-json\/wp\/v2\/media?parent=738469"}],"wp:term":[{"taxonomy":"product_brand","embeddable":true,"href":"https:\/\/roveyayinevi.com.tr\/index.php\/wp-json\/wp\/v2\/product_brand?post=738469"},{"taxonomy":"product_cat","embeddable":true,"href":"https:\/\/roveyayinevi.com.tr\/index.php\/wp-json\/wp\/v2\/product_cat?post=738469"},{"taxonomy":"product_tag","embeddable":true,"href":"https:\/\/roveyayinevi.com.tr\/index.php\/wp-json\/wp\/v2\/product_tag?post=738469"}],"curies":[{"name":"wp","href":"https:\/\/api.w.org\/{rel}","templated":true}]}}